{"id":2441,"date":"2022-09-07T19:56:14","date_gmt":"2022-09-07T23:56:14","guid":{"rendered":"https:\/\/dc.ryankerbs.com\/servicios\/asesoramiento-sobre-la-depresion-y-la-ansiedad\/"},"modified":"2022-10-14T17:49:43","modified_gmt":"2022-10-14T21:49:43","slug":"asesoramiento-sobre-la-depresion-y-la-ansiedad","status":"publish","type":"page","link":"https:\/\/districtcounseling.center\/es\/servicios\/asesoramiento-sobre-la-depresion-y-la-ansiedad\/","title":{"rendered":"Asesoramiento sobre la depresi\u00f3n y la ansiedad"},"content":{"rendered":"\n<blockquote class=\"wp-block-quote is-layout-flow wp-block-quote-is-layout-flow\">\n<p class=\"wp-block-paragraph\">We may encounter many defeats but we must not be defeated.<\/p>\n<cite>Maya Angelou<\/cite><\/blockquote>\n\n\n\n<h3 class=\"wp-block-heading\">\u00bfDepresi\u00f3n, ansiedad o ambos?<\/h3>\n\n\n\n<p class=\"wp-block-paragraph\">\u00bfTienes problemas con la vida? \u00bfHa ocurrido algo dif\u00edcil y se siente atascado? \u00bfSe siente estresado por la familia, el trabajo o los estudios? \u00bfHa experimentado \u00faltimamente pensamientos y sentimientos de tristeza o nerviosismo? \u00bfDesea cambiar un comportamiento que ha querido dejar de lado? \u00bfSiente que la vida no tiene sentido? \u00bfTe has preguntado cu\u00e1l es tu prop\u00f3sito en la vida?<\/p>\n\n\n\n<figure class=\"wp-block-image size-full\"><img decoding=\"async\" width=\"750\" height=\"500\" data-src=\"https:\/\/b2903835.smushcdn.com\/2903835\/wp-content\/uploads\/2022\/09\/image-asset-1.jpeg?lossy=2&strip=1&avif=1\" alt=\"\" class=\"wp-image-1520 lazyload\" data-srcset=\"https:\/\/b2903835.smushcdn.com\/2903835\/wp-content\/uploads\/2022\/09\/image-asset-1.jpeg?lossy=2&strip=1&avif=1 750w, https:\/\/b2903835.smushcdn.com\/2903835\/wp-content\/uploads\/2022\/09\/image-asset-1-300x200.jpeg?lossy=2&strip=1&avif=1 300w, https:\/\/b2903835.smushcdn.com\/2903835\/wp-content\/uploads\/2022\/09\/image-asset-1-100x67.jpeg?lossy=2&strip=1&avif=1 100w, https:\/\/b2903835.smushcdn.com\/2903835\/wp-content\/uploads\/2022\/09\/image-asset-1.jpeg?size=445x297&lossy=2&strip=1&avif=1 445w, https:\/\/b2903835.smushcdn.com\/2903835\/wp-content\/uploads\/2022\/09\/image-asset-1.jpeg?size=593x395&lossy=2&strip=1&avif=1 593w\" data-sizes=\"auto\" src=\"data:image\/svg+xml;base64,PHN2ZyB3aWR0aD0iMSIgaGVpZ2h0PSIxIiB4bWxucz0iaHR0cDovL3d3dy53My5vcmcvMjAwMC9zdmciPjwvc3ZnPg==\" style=\"--smush-placeholder-width: 750px; --smush-placeholder-aspect-ratio: 750\/500;\" data-original-sizes=\"(max-width: 750px) 100vw, 750px\" \/><\/figure>\n\n\n\n<p class=\"wp-block-paragraph\">El asesoramiento en Houston, Katy y Cypress est\u00e1 ahora disponible para citas en persona o virtuales. El asesoramiento individual es el poderoso proceso de explorar y procesar sus experiencias del mundo interior en un entorno seguro y libre de juicios. A trav\u00e9s del asesoramiento individual, aprender\u00e1 habilidades psicol\u00f3gicas eficaces para gestionar la vida a trav\u00e9s de estas experiencias dif\u00edciles. El asesoramiento individual le ayudar\u00e1 a alcanzar sus objetivos de vida.<\/p>\n\n\n\n<p class=\"wp-block-paragraph\">Hay muchos enfoques terap\u00e9uticos utilizados por muchos otros terapeutas que pueden no ser los m\u00e1s adecuados para cada persona. En el DC, la Terapia de Aceptaci\u00f3n y Compromiso (ACT) es el principal modelo utilizado en la psicoterapia individual. ACT te ense\u00f1a a pasar del sufrimiento al compromiso con la vida. El objetivo de ACT es aprender habilidades psicol\u00f3gicas que te ayuden a ganar flexibilidad. ACT es un enfoque \u00fanico que te ayuda a dejar de luchar contra el dolor que te trae la vida. Esta pr\u00e1ctica basada en la evidencia se est\u00e1 utilizando en todo el mundo y est\u00e1 cambiando vidas cada d\u00eda.<\/p>\n\n\n\n<h4 class=\"wp-block-heading\">Vea este v\u00eddeo sobre la Ley y la Ansiedad<\/h4>\n\n\n\n<figure class=\"wp-block-embed is-type-video is-provider-youtube wp-block-embed-youtube wp-embed-aspect-16-9 wp-has-aspect-ratio\"><div class=\"wp-block-embed__wrapper\">\n<div class=\"x-resp-embed x-is-video x-is-youtube\"><div class=\"lazyload smush-lazyload-video smush-lazyload-youtube\" style=\"--smush-video-aspect-ratio: 742\/417\" data-bg-image=\"url(https:\/\/districtcounseling.center\/wp-admin\/admin-ajax.php?action=smush_video_thumbnail&#038;url=https%3A%2F%2Fwww.youtube.com%2Fembed%2FrCp1l16GCXI%3Ffeature%3Doembed&#038;video_width=742&#038;video_height=417)\" ><iframe title=\"The Struggle Switch - By Dr. Russ Harris\" width=\"742\" height=\"417\" data-src=\"https:\/\/www.youtube.com\/embed\/rCp1l16GCXI?feature=oembed\" frameborder=\"0\" allow=\"accelerometer; autoplay; clipboard-write; encrypted-media; gyroscope; picture-in-picture\" allowfullscreen src=\"data:image\/svg+xml;base64,PHN2ZyB3aWR0aD0iMSIgaGVpZ2h0PSIxIiB4bWxucz0iaHR0cDovL3d3dy53My5vcmcvMjAwMC9zdmciPjwvc3ZnPg==\"><\/iframe><span class=\"smush-play-btn\" role=\"button\" aria-label=\"Play video\">\r\n\t\t\t\t<span tabindex=\"0\" class=\"smush-play-btn-inner\">\r\n\t\t\t\t\t<span>Play<\/span>\r\n\t\t\t\t<\/span>\r\n\t\t\t<\/span><\/div><\/div>\n<\/div><\/figure>\n\n\n\n<h5 class=\"wp-block-heading\">\u00bfEst\u00e1s preparado para apagar el interruptor de la lucha?<\/h5>\n\n\n\n<hr class=\"wp-block-separator has-alpha-channel-opacity\"\/>\n\n\n\n<h2 class=\"wp-block-heading\">Encuentre un terapeuta para la depresi\u00f3n y la ansiedad en District Counseling<\/h2>\n\n\n\n<p class=\"wp-block-paragraph\">\u00bfEst\u00e1s luchando contra la depresi\u00f3n y la ansiedad? Si es as\u00ed, no est\u00e1 solo. Millones de personas en todo el mundo sufren estas afecciones. La buena noticia es que hay ayuda disponible. District Counseling es una cl\u00ednica de salud mental que ofrece terapia para la depresi\u00f3n y la ansiedad. Tenemos terapeutas en Cypress, Katy y Houston que pueden ayudarle a recuperar su vida. P\u00f3ngase en contacto con nosotros hoy mismo para concertar una cita.<\/p>\n\n\n\n<p class=\"wp-block-paragraph\">Si usted o alguien que usted conoce est\u00e1 luchando con la depresi\u00f3n y la ansiedad, por favor, llegar a la Consejer\u00eda del Distrito. Podemos ayudar. Ll\u00e1menos hoy al (346) 800-7601 para concertar una cita.<\/p>\n\n\n\n<p class=\"wp-block-paragraph\">La depresi\u00f3n y la ansiedad son enfermedades graves que no deben tomarse a la ligera. Si tienes problemas, pide ayuda. La Asesor\u00eda de Distrito est\u00e1 aqu\u00ed para ti. Ll\u00e1menos hoy mismo.<\/p>\n\n\n\n<p class=\"wp-block-paragraph\">Entendemos lo dif\u00edcil que puede ser sufrir de depresi\u00f3n y ansiedad. Por eso ofrecemos servicios de terapia para ayudarle a recuperar su vida. P\u00f3ngase en contacto con nosotros hoy mismo para concertar una cita con uno de nuestros terapeutas en Cypress, Katy o Houston.<\/p>\n\n\n\n<hr class=\"wp-block-separator has-alpha-channel-opacity\"\/>\n\n\n\n<p class=\"wp-block-paragraph\"><em>Si usted est\u00e1 buscando ayuda con la depresi\u00f3n en 77450, 77079, 77095 o para un terapeuta de la depresi\u00f3n 77450, 77079, 77095, estos terapeutas proporcionan terapia de la depresi\u00f3n (y terapias de la depresi\u00f3n), el tratamiento de la depresi\u00f3n y la ayuda de la depresi\u00f3n en 77450,77079, 77095. Incluyen terapeutas de depresi\u00f3n, psic\u00f3logos de depresi\u00f3n, psicoterapeutas de depresi\u00f3n y consejeros de depresi\u00f3n en 77450, 77079, 77095. Tambi\u00e9n pueden servir como terapeuta de relaciones en 77450, 7079, 77095.<\/em><\/p>\n\n\n\n<p class=\"wp-block-paragraph\"><em>Un terapeuta en 77450, 7079, 77095 puede ayudar con la depresi\u00f3n post-parto, sentirse deprimido, la ansiedad de la depresi\u00f3n, as\u00ed como la depresi\u00f3n adolescente. Los terapeutas proporcionan 77450, 7079, 77095 asesoramiento sobre la depresi\u00f3n, apoyo a la depresi\u00f3n, referencias a grupos de apoyo a la depresi\u00f3n en 77450, 7079, 77095 y 77450, 7079, 77095 grupos de depresi\u00f3n. Si est\u00e1s deprimido en 77450, 7079, 77095 consigue ayuda de uno de estos especialistas en depresi\u00f3n.<\/em><\/p>\n","protected":false},"excerpt":{"rendered":"<p>We may encounter many defeats but we must not be defeated. Maya Angelou \u00bfDepresi\u00f3n, ansiedad o ambos? \u00bfTienes problemas con la vida? \u00bfHa ocurrido algo dif\u00edcil y se siente atascado? \u00bfSe siente estresado por la familia, el trabajo o los estudios? \u00bfHa experimentado \u00faltimamente pensamientos y sentimientos de tristeza o nerviosismo? \u00bfDesea cambiar un comportamiento que ha querido dejar de lado? \u00bfSiente que la &#8230; <\/p>\n<div><a href=\"https:\/\/districtcounseling.center\/es\/servicios\/asesoramiento-sobre-la-depresion-y-la-ansiedad\/\" class=\"more-link\">Read More<\/a><\/div>\n","protected":false},"author":2,"featured_media":30045,"parent":2414,"menu_order":-1,"comment_status":"closed","ping_status":"closed","template":"template-blank-4.php","meta":{"_acf_changed":false,"_crdt_document":"","_themeisle_gutenberg_block_has_review":false,"footnotes":""},"class_list":["post-2441","page","type-page","status-publish","has-post-thumbnail","hentry"],"acf":[],"yoast_head":"<!-- This site is optimized with the Yoast SEO Premium plugin v26.3 (Yoast SEO v27.5) - https:\/\/yoast.com\/product\/yoast-seo-premium-wordpress\/ -->\n<title>Asesoramiento sobre la depresi\u00f3n y la ansiedad &#8226; District Counseling<\/title>\n<meta name=\"robots\" content=\"index, follow, max-snippet:-1, max-image-preview:large, max-video-preview:-1\" \/>\n<link rel=\"canonical\" href=\"https:\/\/districtcounseling.center\/es\/servicios\/asesoramiento-sobre-la-depresion-y-la-ansiedad\/\" \/>\n<meta property=\"og:locale\" content=\"es_ES\" \/>\n<meta property=\"og:type\" content=\"article\" \/>\n<meta property=\"og:title\" content=\"Asesoramiento sobre la depresi\u00f3n y la ansiedad\" \/>\n<meta property=\"og:description\" content=\"We may encounter many defeats but we must not be defeated. Maya Angelou \u00bfDepresi\u00f3n, ansiedad o ambos? \u00bfTienes problemas con la vida? \u00bfHa ocurrido algo dif\u00edcil y se siente atascado? \u00bfSe siente estresado por la familia, el trabajo o los estudios? \u00bfHa experimentado \u00faltimamente pensamientos y sentimientos de tristeza o nerviosismo? \u00bfDesea cambiar un comportamiento que ha querido dejar de lado? \u00bfSiente que la ... Read More\" \/>\n<meta property=\"og:url\" content=\"https:\/\/districtcounseling.center\/es\/servicios\/asesoramiento-sobre-la-depresion-y-la-ansiedad\/\" \/>\n<meta property=\"og:site_name\" content=\"District Counseling\" \/>\n<meta property=\"article:publisher\" content=\"https:\/\/www.facebook.com\/districtcounseling\" \/>\n<meta property=\"article:modified_time\" content=\"2022-10-14T21:49:43+00:00\" \/>\n<meta property=\"og:image\" content=\"https:\/\/districtcounseling.center\/wp-content\/uploads\/2022\/09\/pexels-cottonbro-4101164-scaled.jpg\" \/>\n\t<meta property=\"og:image:width\" content=\"2560\" \/>\n\t<meta property=\"og:image:height\" content=\"1707\" \/>\n\t<meta property=\"og:image:type\" content=\"image\/jpeg\" \/>\n<meta name=\"twitter:card\" content=\"summary_large_image\" \/>\n<meta name=\"twitter:label1\" content=\"Tiempo de lectura\" \/>\n\t<meta name=\"twitter:data1\" content=\"3 minutos\" \/>\n<script type=\"application\/ld+json\" class=\"yoast-schema-graph\">{\"@context\":\"https:\\\/\\\/schema.org\",\"@graph\":[{\"@type\":\"WebPage\",\"@id\":\"https:\\\/\\\/districtcounseling.center\\\/es\\\/servicios\\\/asesoramiento-sobre-la-depresion-y-la-ansiedad\\\/\",\"url\":\"https:\\\/\\\/districtcounseling.center\\\/es\\\/servicios\\\/asesoramiento-sobre-la-depresion-y-la-ansiedad\\\/\",\"name\":\"Asesoramiento sobre la depresi\u00f3n y la ansiedad &#8226; District Counseling\",\"isPartOf\":{\"@id\":\"https:\\\/\\\/districtcounseling.center\\\/es\\\/#website\"},\"primaryImageOfPage\":{\"@id\":\"https:\\\/\\\/districtcounseling.center\\\/es\\\/servicios\\\/asesoramiento-sobre-la-depresion-y-la-ansiedad\\\/#primaryimage\"},\"image\":{\"@id\":\"https:\\\/\\\/districtcounseling.center\\\/es\\\/servicios\\\/asesoramiento-sobre-la-depresion-y-la-ansiedad\\\/#primaryimage\"},\"thumbnailUrl\":\"https:\\\/\\\/districtcounseling.center\\\/wp-content\\\/uploads\\\/2025\\\/07\\\/AdobeStock_322020022-scaled.jpeg\",\"datePublished\":\"2022-09-07T23:56:14+00:00\",\"dateModified\":\"2022-10-14T21:49:43+00:00\",\"breadcrumb\":{\"@id\":\"https:\\\/\\\/districtcounseling.center\\\/es\\\/servicios\\\/asesoramiento-sobre-la-depresion-y-la-ansiedad\\\/#breadcrumb\"},\"inLanguage\":\"es\",\"potentialAction\":[{\"@type\":\"ReadAction\",\"target\":[\"https:\\\/\\\/districtcounseling.center\\\/es\\\/servicios\\\/asesoramiento-sobre-la-depresion-y-la-ansiedad\\\/\"]}]},{\"@type\":\"ImageObject\",\"inLanguage\":\"es\",\"@id\":\"https:\\\/\\\/districtcounseling.center\\\/es\\\/servicios\\\/asesoramiento-sobre-la-depresion-y-la-ansiedad\\\/#primaryimage\",\"url\":\"https:\\\/\\\/districtcounseling.center\\\/wp-content\\\/uploads\\\/2025\\\/07\\\/AdobeStock_322020022-scaled.jpeg\",\"contentUrl\":\"https:\\\/\\\/districtcounseling.center\\\/wp-content\\\/uploads\\\/2025\\\/07\\\/AdobeStock_322020022-scaled.jpeg\",\"width\":2560,\"height\":1706,\"caption\":\"Winter depression - seasonal affective disorder mental health woman sad comtemplative looking out the window alone.\"},{\"@type\":\"BreadcrumbList\",\"@id\":\"https:\\\/\\\/districtcounseling.center\\\/es\\\/servicios\\\/asesoramiento-sobre-la-depresion-y-la-ansiedad\\\/#breadcrumb\",\"itemListElement\":[{\"@type\":\"ListItem\",\"position\":1,\"name\":\"Home\",\"item\":\"https:\\\/\\\/districtcounseling.center\\\/es\\\/\"},{\"@type\":\"ListItem\",\"position\":2,\"name\":\"Servicios\",\"item\":\"https:\\\/\\\/districtcounseling.center\\\/es\\\/services\\\/\"},{\"@type\":\"ListItem\",\"position\":3,\"name\":\"Asesoramiento sobre la depresi\u00f3n y la ansiedad\"}]},{\"@type\":\"WebSite\",\"@id\":\"https:\\\/\\\/districtcounseling.center\\\/es\\\/#website\",\"url\":\"https:\\\/\\\/districtcounseling.center\\\/es\\\/\",\"name\":\"District Counseling\",\"description\":\"Center for Acceptance and Commitment Therapy\",\"publisher\":{\"@id\":\"https:\\\/\\\/districtcounseling.center\\\/es\\\/#organization\"},\"potentialAction\":[{\"@type\":\"SearchAction\",\"target\":{\"@type\":\"EntryPoint\",\"urlTemplate\":\"https:\\\/\\\/districtcounseling.center\\\/es\\\/?s={search_term_string}\"},\"query-input\":{\"@type\":\"PropertyValueSpecification\",\"valueRequired\":true,\"valueName\":\"search_term_string\"}}],\"inLanguage\":\"es\"},{\"@type\":\"Organization\",\"@id\":\"https:\\\/\\\/districtcounseling.center\\\/es\\\/#organization\",\"name\":\"District Counseling\",\"alternateName\":\"District Counseling\",\"url\":\"https:\\\/\\\/districtcounseling.center\\\/es\\\/\",\"logo\":{\"@type\":\"ImageObject\",\"inLanguage\":\"es\",\"@id\":\"https:\\\/\\\/districtcounseling.center\\\/es\\\/#\\\/schema\\\/logo\\\/image\\\/\",\"url\":\"https:\\\/\\\/districtcounseling.center\\\/wp-content\\\/uploads\\\/2023\\\/10\\\/NEW-DistrictCounseling_Logo.png\",\"contentUrl\":\"https:\\\/\\\/districtcounseling.center\\\/wp-content\\\/uploads\\\/2023\\\/10\\\/NEW-DistrictCounseling_Logo.png\",\"width\":1920,\"height\":709,\"caption\":\"District Counseling\"},\"image\":{\"@id\":\"https:\\\/\\\/districtcounseling.center\\\/es\\\/#\\\/schema\\\/logo\\\/image\\\/\"},\"sameAs\":[\"https:\\\/\\\/www.facebook.com\\\/districtcounseling\",\"https:\\\/\\\/www.instagram.com\\\/districtcounseling\\\/\"],\"description\":\"District Counseling offers a unique wellness experience for individuals, couples, and families by providing the most advanced counseling and psychotherapy approach. Our mission is aligning you to what matters most with sincerity, authenticity, and compassion. Offering Counseling Services in Houston, Katy, Cypress, Sugar Land, Spring Branch, Spring, Tomball, Missouri City, Pearland, and Copperfield Texas.\",\"legalName\":\"District Counseling\",\"numberOfEmployees\":{\"@type\":\"QuantitativeValue\",\"minValue\":\"11\",\"maxValue\":\"50\"}}]}<\/script>\n<!-- \/ Yoast SEO Premium plugin. -->","yoast_head_json":{"title":"Asesoramiento sobre la depresi\u00f3n y la ansiedad &#8226; District Counseling","robots":{"index":"index","follow":"follow","max-snippet":"max-snippet:-1","max-image-preview":"max-image-preview:large","max-video-preview":"max-video-preview:-1"},"canonical":"https:\/\/districtcounseling.center\/es\/servicios\/asesoramiento-sobre-la-depresion-y-la-ansiedad\/","og_locale":"es_ES","og_type":"article","og_title":"Asesoramiento sobre la depresi\u00f3n y la ansiedad","og_description":"We may encounter many defeats but we must not be defeated. Maya Angelou \u00bfDepresi\u00f3n, ansiedad o ambos? \u00bfTienes problemas con la vida? \u00bfHa ocurrido algo dif\u00edcil y se siente atascado? \u00bfSe siente estresado por la familia, el trabajo o los estudios? \u00bfHa experimentado \u00faltimamente pensamientos y sentimientos de tristeza o nerviosismo? \u00bfDesea cambiar un comportamiento que ha querido dejar de lado? \u00bfSiente que la ... Read More","og_url":"https:\/\/districtcounseling.center\/es\/servicios\/asesoramiento-sobre-la-depresion-y-la-ansiedad\/","og_site_name":"District Counseling","article_publisher":"https:\/\/www.facebook.com\/districtcounseling","article_modified_time":"2022-10-14T21:49:43+00:00","og_image":[{"width":2560,"height":1707,"url":"https:\/\/districtcounseling.center\/wp-content\/uploads\/2022\/09\/pexels-cottonbro-4101164-scaled.jpg","type":"image\/jpeg"}],"twitter_card":"summary_large_image","twitter_misc":{"Tiempo de lectura":"3 minutos"},"schema":{"@context":"https:\/\/schema.org","@graph":[{"@type":"WebPage","@id":"https:\/\/districtcounseling.center\/es\/servicios\/asesoramiento-sobre-la-depresion-y-la-ansiedad\/","url":"https:\/\/districtcounseling.center\/es\/servicios\/asesoramiento-sobre-la-depresion-y-la-ansiedad\/","name":"Asesoramiento sobre la depresi\u00f3n y la ansiedad &#8226; District Counseling","isPartOf":{"@id":"https:\/\/districtcounseling.center\/es\/#website"},"primaryImageOfPage":{"@id":"https:\/\/districtcounseling.center\/es\/servicios\/asesoramiento-sobre-la-depresion-y-la-ansiedad\/#primaryimage"},"image":{"@id":"https:\/\/districtcounseling.center\/es\/servicios\/asesoramiento-sobre-la-depresion-y-la-ansiedad\/#primaryimage"},"thumbnailUrl":"https:\/\/districtcounseling.center\/wp-content\/uploads\/2025\/07\/AdobeStock_322020022-scaled.jpeg","datePublished":"2022-09-07T23:56:14+00:00","dateModified":"2022-10-14T21:49:43+00:00","breadcrumb":{"@id":"https:\/\/districtcounseling.center\/es\/servicios\/asesoramiento-sobre-la-depresion-y-la-ansiedad\/#breadcrumb"},"inLanguage":"es","potentialAction":[{"@type":"ReadAction","target":["https:\/\/districtcounseling.center\/es\/servicios\/asesoramiento-sobre-la-depresion-y-la-ansiedad\/"]}]},{"@type":"ImageObject","inLanguage":"es","@id":"https:\/\/districtcounseling.center\/es\/servicios\/asesoramiento-sobre-la-depresion-y-la-ansiedad\/#primaryimage","url":"https:\/\/districtcounseling.center\/wp-content\/uploads\/2025\/07\/AdobeStock_322020022-scaled.jpeg","contentUrl":"https:\/\/districtcounseling.center\/wp-content\/uploads\/2025\/07\/AdobeStock_322020022-scaled.jpeg","width":2560,"height":1706,"caption":"Winter depression - seasonal affective disorder mental health woman sad comtemplative looking out the window alone."},{"@type":"BreadcrumbList","@id":"https:\/\/districtcounseling.center\/es\/servicios\/asesoramiento-sobre-la-depresion-y-la-ansiedad\/#breadcrumb","itemListElement":[{"@type":"ListItem","position":1,"name":"Home","item":"https:\/\/districtcounseling.center\/es\/"},{"@type":"ListItem","position":2,"name":"Servicios","item":"https:\/\/districtcounseling.center\/es\/services\/"},{"@type":"ListItem","position":3,"name":"Asesoramiento sobre la depresi\u00f3n y la ansiedad"}]},{"@type":"WebSite","@id":"https:\/\/districtcounseling.center\/es\/#website","url":"https:\/\/districtcounseling.center\/es\/","name":"District Counseling","description":"Center for Acceptance and Commitment Therapy","publisher":{"@id":"https:\/\/districtcounseling.center\/es\/#organization"},"potentialAction":[{"@type":"SearchAction","target":{"@type":"EntryPoint","urlTemplate":"https:\/\/districtcounseling.center\/es\/?s={search_term_string}"},"query-input":{"@type":"PropertyValueSpecification","valueRequired":true,"valueName":"search_term_string"}}],"inLanguage":"es"},{"@type":"Organization","@id":"https:\/\/districtcounseling.center\/es\/#organization","name":"District Counseling","alternateName":"District Counseling","url":"https:\/\/districtcounseling.center\/es\/","logo":{"@type":"ImageObject","inLanguage":"es","@id":"https:\/\/districtcounseling.center\/es\/#\/schema\/logo\/image\/","url":"https:\/\/districtcounseling.center\/wp-content\/uploads\/2023\/10\/NEW-DistrictCounseling_Logo.png","contentUrl":"https:\/\/districtcounseling.center\/wp-content\/uploads\/2023\/10\/NEW-DistrictCounseling_Logo.png","width":1920,"height":709,"caption":"District Counseling"},"image":{"@id":"https:\/\/districtcounseling.center\/es\/#\/schema\/logo\/image\/"},"sameAs":["https:\/\/www.facebook.com\/districtcounseling","https:\/\/www.instagram.com\/districtcounseling\/"],"description":"District Counseling offers a unique wellness experience for individuals, couples, and families by providing the most advanced counseling and psychotherapy approach. Our mission is aligning you to what matters most with sincerity, authenticity, and compassion. Offering Counseling Services in Houston, Katy, Cypress, Sugar Land, Spring Branch, Spring, Tomball, Missouri City, Pearland, and Copperfield Texas.","legalName":"District Counseling","numberOfEmployees":{"@type":"QuantitativeValue","minValue":"11","maxValue":"50"}}]}},"yoast_meta":{"yoast_wpseo_title":"","yoast_wpseo_metadesc":"","yoast_wpseo_canonical":""},"_links":{"self":[{"href":"https:\/\/districtcounseling.center\/es\/wp-json\/wp\/v2\/pages\/2441","targetHints":{"allow":["GET"]}}],"collection":[{"href":"https:\/\/districtcounseling.center\/es\/wp-json\/wp\/v2\/pages"}],"about":[{"href":"https:\/\/districtcounseling.center\/es\/wp-json\/wp\/v2\/types\/page"}],"author":[{"embeddable":true,"href":"https:\/\/districtcounseling.center\/es\/wp-json\/wp\/v2\/users\/2"}],"replies":[{"embeddable":true,"href":"https:\/\/districtcounseling.center\/es\/wp-json\/wp\/v2\/comments?post=2441"}],"version-history":[{"count":0,"href":"https:\/\/districtcounseling.center\/es\/wp-json\/wp\/v2\/pages\/2441\/revisions"}],"up":[{"embeddable":true,"href":"https:\/\/districtcounseling.center\/es\/wp-json\/wp\/v2\/pages\/2414"}],"wp:featuredmedia":[{"embeddable":true,"href":"https:\/\/districtcounseling.center\/es\/wp-json\/wp\/v2\/media\/30045"}],"wp:attachment":[{"href":"https:\/\/districtcounseling.center\/es\/wp-json\/wp\/v2\/media?parent=2441"}],"curies":[{"name":"wp","href":"https:\/\/api.w.org\/{rel}","templated":true}]}}