{"id":2437,"date":"2022-09-09T13:29:39","date_gmt":"2022-09-09T17:29:39","guid":{"rendered":"https:\/\/dc.ryankerbs.com\/servicios\/asesoramiento-de-relaciones-y-matrimonios\/"},"modified":"2022-10-14T17:51:50","modified_gmt":"2022-10-14T21:51:50","slug":"asesoramiento-de-relaciones-y-matrimonios","status":"publish","type":"page","link":"https:\/\/districtcounseling.center\/es\/servicios\/asesoramiento-de-relaciones-y-matrimonios\/","title":{"rendered":"Asesoramiento de relaciones y matrimonios"},"content":{"rendered":"\n<blockquote class=\"wp-block-quote is-layout-flow wp-block-quote-is-layout-flow\" id=\"yui_3_17_2_1_1662738138880_309\">\n<p class=\"wp-block-paragraph\">Friendship fuels the flames of romance because it offers the best protection against feeling adversarial toward your spouse.<\/p>\n<cite>John M. Gottman, Los siete principios para que el matrimonio funcione: Una gu\u00eda pr\u00e1ctica del principal experto en relaciones del pa\u00eds<\/cite><\/blockquote>\n\n\n\n<h2 class=\"wp-block-heading\">\u00ab\u00a1Ya no puedo hacer esto!\u00bb<\/h2>\n\n\n\n<h4 class=\"wp-block-heading\">\u00bfTE SUENA?<\/h4>\n\n\n\n<p class=\"wp-block-paragraph\">Si busca <a href=\"https:\/\/districtcounseling.center\/improving-communication-with-spouse-why-couple-counseling-is-important-for-improving-communication-between-spouses\/\" data-type=\"post\" data-id=\"1573\">asesoramiento de pareja<\/a>, es probable que sea porque se enfrenta a un obst\u00e1culo en su relaci\u00f3n y no puede superarlo por s\u00ed mismo.<\/p>\n\n\n\n<p class=\"wp-block-paragraph\">Aqu\u00ed tienes algunas preguntas que debes hacerte:<\/p>\n\n\n\n<p class=\"wp-block-paragraph\">\u00bfSiente que su relaci\u00f3n est\u00e1 estancada? \u00bfHay peleas frecuentes? \u00bfSe siente incapaz de gestionar los conflictos? \u00bfDesea un cambio positivo en su relaci\u00f3n? \u00bfSe enfrenta a problemas de confianza y compromiso? \u00bfHa llegado el momento de reavivar su relaci\u00f3n?<\/p>\n\n\n\n<p class=\"wp-block-paragraph\"><em>Si ha respondido afirmativamente a alguna de estas preguntas, la respuesta es la terapia de pareja.<\/em><\/p>\n\n\n\n<figure class=\"wp-block-image\" id=\"yui_3_17_2_1_1662738138880_169\"><img decoding=\"async\" data-src=\"https:\/\/images.squarespace-cdn.com\/content\/v1\/5adf5042697a98ed03b52150\/1563765246589-0Z1A35QU8IUZD5RNG6JA\/image-asset.jpeg?format=750w\" alt=\"Asesoramiento de parejas en District Counseling en Houston, Texas\" src=\"data:image\/svg+xml;base64,PHN2ZyB3aWR0aD0iMSIgaGVpZ2h0PSIxIiB4bWxucz0iaHR0cDovL3d3dy53My5vcmcvMjAwMC9zdmciPjwvc3ZnPg==\" class=\"lazyload\" \/><figcaption class=\"wp-element-caption\">Asesoramiento de parejas en District Counseling en Houston, Texas<\/figcaption><\/figure>\n\n\n\n<p class=\"wp-block-paragraph\">Los \u00faltimos estudios de investigaci\u00f3n sobre la pareja revelan que la pareja media espera 6 a\u00f1os antes de pedir ayuda para los <a href=\"https:\/\/districtcounseling.center\/healthy-marriages-regular-couples-counseling-is-the-key-to-a-healthy-marriage\/\" data-type=\"post\" data-id=\"1583\">problemas matrimoniales<\/a>. De estos estudios se desprende que es probable que te enfrentes al divorcio 5,6 a\u00f1os despu\u00e9s de la boda, si hay cr\u00edticas, desprecio, actitud defensiva y evasivas. El dato m\u00e1s impactante es que la mitad de los matrimonios que terminan lo hacen en los primeros siete a\u00f1os. No te conviertas en una estad\u00edstica, encuentra hoy el apoyo que tu relaci\u00f3n necesita.<\/p>\n\n\n\n<p class=\"wp-block-paragraph\">District Counseling ofrece asesoramiento de pareja mediante el uso del <em>M\u00e9todo Gottman<\/em> para ayudarle a usted y a su c\u00f3nyuge a alcanzar sus objetivos de relaci\u00f3n. Las relaciones no son f\u00e1ciles. Hay que trabajar. El asesoramiento a la pareja es el proceso terap\u00e9utico para restaurar y aumentar la satisfacci\u00f3n de la relaci\u00f3n. Muchas veces, una relaci\u00f3n pierde la amistad. A trav\u00e9s de este enfoque te ense\u00f1ar\u00e9 a nutrir tu relaci\u00f3n.<\/p>\n\n\n\n<hr class=\"wp-block-separator has-alpha-channel-opacity\"\/>\n\n\n\n<h3 class=\"has-text-align-center wp-block-heading\">\u00a1Vea al Dr. John Gottman en la Ciencia del Amor!<\/h3>\n\n\n\n<figure class=\"wp-block-embed is-type-video is-provider-youtube wp-block-embed-youtube wp-embed-aspect-16-9 wp-has-aspect-ratio\"><div class=\"wp-block-embed__wrapper\">\n<div class=\"x-resp-embed x-is-video x-is-youtube\"><div class=\"lazyload smush-lazyload-video smush-lazyload-youtube\" style=\"--smush-video-aspect-ratio: 742\/417\" data-bg-image=\"url(https:\/\/i.ytimg.com\/vi_webp\/-uazFBCDvVw\/maxresdefault.webp)\" ><iframe title=\"The Science of Love | John Gottman | TEDxVeniceBeach\" width=\"742\" height=\"417\" data-src=\"https:\/\/www.youtube.com\/embed\/-uazFBCDvVw?feature=oembed\" frameborder=\"0\" allow=\"accelerometer; autoplay; clipboard-write; encrypted-media; gyroscope; picture-in-picture\" allowfullscreen src=\"data:image\/svg+xml;base64,PHN2ZyB3aWR0aD0iMSIgaGVpZ2h0PSIxIiB4bWxucz0iaHR0cDovL3d3dy53My5vcmcvMjAwMC9zdmciPjwvc3ZnPg==\"><\/iframe><span class=\"smush-play-btn\" role=\"button\" aria-label=\"Play video\">\r\n\t\t\t\t<span tabindex=\"0\" class=\"smush-play-btn-inner\">\r\n\t\t\t\t\t<span>Play<\/span>\r\n\t\t\t\t<\/span>\r\n\t\t\t<\/span><\/div><\/div>\n<\/div><\/figure>\n\n\n\n<h4 class=\"has-text-align-center wp-block-heading\">\u00bfListo para experimentar el enfoque Gottman?<\/h4>\n\n\n\n<div class=\"wp-block-buttons is-content-justification-center is-layout-flex wp-container-core-buttons-is-layout-fe48e5de wp-block-buttons-is-layout-flex\">\n<div class=\"wp-block-button\"><a class=\"wp-block-button__link wp-element-button\" href=\"tel:+13468007601\">Estoy preparado para salvar mi relaci\u00f3n<\/a><\/div>\n<\/div>\n\n\n\n<hr class=\"wp-block-separator has-alpha-channel-opacity\"\/>\n\n\n\n<h3 class=\"wp-block-heading\">ASESORAMIENTO DE DISTRITO: <em>C\u00d3MO LA TERAPIA DE PAREJA PUEDE AYUDAR A SU RELACI\u00d3N<\/em><\/h3>\n\n\n\n<p class=\"wp-block-paragraph\">\u00bfSientes que tu relaci\u00f3n est\u00e1 estancada? \u00bfTiene problemas de comunicaci\u00f3n con su pareja? Si es as\u00ed, la terapia de pareja puede ser la respuesta para ti. District Counseling es una pr\u00e1ctica de asesoramiento que se especializa en trabajar con parejas que tienen problemas. Ofrecemos terapia de pareja en Cypress, Houston y Katy. Nuestro terapeuta puede ayudaros a ti y a tu pareja a desatascaros y empezar a avanzar de nuevo. Si est\u00e1 interesado en saber m\u00e1s sobre c\u00f3mo la terapia de pareja puede ayudar a su relaci\u00f3n, p\u00f3ngase en contacto con nosotros hoy mismo. Estaremos encantados de responder a cualquier pregunta que pueda tener.<\/p>\n\n\n\n<p class=\"wp-block-paragraph\">Si te sientes atascado en tu relaci\u00f3n, no dudes en pedir ayuda. La Asesor\u00eda Distrital puede ayudar. Nuestro terapeuta est\u00e1 especializado en el trabajo con parejas y puede ayudarle a desatascarse. P\u00f3ngase en contacto con nosotros hoy mismo para saber c\u00f3mo podemos ayudarle a usted y a su pareja. Ofrecemos terapia de pareja en Cypress, Houston y Katy. No espere, pida ayuda hoy mismo.<\/p>\n\n\n\n<p class=\"wp-block-paragraph\">Si tiene problemas en su relaci\u00f3n, puede ser el momento de buscar ayuda de un profesional. District Counseling se especializa en terapia de pareja y puede ayudarte a desatascarte. P\u00f3ngase en contacto con nosotros hoy mismo para saber c\u00f3mo podemos ayudarle. Ofrecemos terapia de pareja en Cypress, Houston y Katy. No espere, pida ayuda hoy mismo. Te mereces ser feliz en tu relaci\u00f3n.<\/p>\n\n\n\n<p class=\"wp-block-paragraph\">Si tienes problemas en tu relaci\u00f3n, no dudes en pedir ayuda. District Counseling se especializa en terapia de pareja y puede ayudarte a desatascarte. P\u00f3ngase en contacto con nosotros hoy mismo para saber c\u00f3mo podemos ayudarle. Ofrecemos terapia de pareja en Cypress, Houston y Katy. No espere, pida ayuda hoy mismo. Te mereces ser feliz en tu relaci\u00f3n. La Asesor\u00eda de Distrito puede ayudarte a conseguirlo. P\u00f3ngase en contacto con nosotros hoy mismo para saber c\u00f3mo podemos ayudarle. Ofrecemos terapia de pareja en Cypress, Houston y Katy. No espere, pida ayuda hoy mismo. Te mereces ser feliz en tu relaci\u00f3n.<\/p>\n\n\n\n<hr class=\"wp-block-separator has-alpha-channel-opacity\"\/>\n\n\n\n<h3 class=\"has-text-align-center wp-block-heading\">\u00bfC\u00f3mo mantener el amor con fuerza?<\/h3>\n\n\n\n<div class=\"wp-block-buttons is-content-justification-center is-layout-flex wp-container-core-buttons-is-layout-fe48e5de wp-block-buttons-is-layout-flex\">\n<div class=\"wp-block-button\"><a class=\"wp-block-button__link wp-element-button\" href=\"\/wp-content\/uploads\/2022\/09\/How-to-Keep-Love-Going-Strong.pdf\" target=\"_blank\" rel=\"noreferrer noopener\">RECURSOS GRATUITOS<\/a><\/div>\n<\/div>\n","protected":false},"excerpt":{"rendered":"<p>Friendship fuels the flames of romance because it offers the best protection against feeling adversarial toward your spouse. John M. Gottman, Los siete principios para que el matrimonio funcione: Una gu\u00eda pr\u00e1ctica del principal experto en relaciones del pa\u00eds \u00ab\u00a1Ya no puedo hacer esto!\u00bb \u00bfTE SUENA? Si busca asesoramiento de pareja, es probable que sea porque se enfrenta a un obst\u00e1culo en su relaci\u00f3n &#8230; <\/p>\n<div><a href=\"https:\/\/districtcounseling.center\/es\/servicios\/asesoramiento-de-relaciones-y-matrimonios\/\" class=\"more-link\">Read More<\/a><\/div>\n","protected":false},"author":2,"featured_media":1706,"parent":2414,"menu_order":7,"comment_status":"closed","ping_status":"closed","template":"template-blank-4.php","meta":{"_acf_changed":false,"_crdt_document":"","_themeisle_gutenberg_block_has_review":false,"footnotes":""},"class_list":["post-2437","page","type-page","status-publish","has-post-thumbnail","hentry"],"acf":[],"yoast_head":"<!-- This site is optimized with the Yoast SEO Premium plugin v26.3 (Yoast SEO v27.4) - https:\/\/yoast.com\/product\/yoast-seo-premium-wordpress\/ -->\n<title>Asesoramiento de relaciones y matrimonios &#8226; District Counseling<\/title>\n<meta name=\"robots\" content=\"index, follow, max-snippet:-1, max-image-preview:large, max-video-preview:-1\" \/>\n<link rel=\"canonical\" href=\"https:\/\/districtcounseling.center\/es\/servicios\/asesoramiento-de-relaciones-y-matrimonios\/\" \/>\n<meta property=\"og:locale\" content=\"es_ES\" \/>\n<meta property=\"og:type\" content=\"article\" \/>\n<meta property=\"og:title\" content=\"Asesoramiento de relaciones y matrimonios\" \/>\n<meta property=\"og:description\" content=\"Friendship fuels the flames of romance because it offers the best protection against feeling adversarial toward your spouse. John M. Gottman, Los siete principios para que el matrimonio funcione: Una gu\u00eda pr\u00e1ctica del principal experto en relaciones del pa\u00eds \u00ab\u00a1Ya no puedo hacer esto!\u00bb \u00bfTE SUENA? Si busca asesoramiento de pareja, es probable que sea porque se enfrenta a un obst\u00e1culo en su relaci\u00f3n ... Read More\" \/>\n<meta property=\"og:url\" content=\"https:\/\/districtcounseling.center\/es\/servicios\/asesoramiento-de-relaciones-y-matrimonios\/\" \/>\n<meta property=\"og:site_name\" content=\"District Counseling\" \/>\n<meta property=\"article:publisher\" content=\"https:\/\/www.facebook.com\/districtcounseling\" \/>\n<meta property=\"article:modified_time\" content=\"2022-10-14T21:51:50+00:00\" \/>\n<meta property=\"og:image\" content=\"https:\/\/districtcounseling.center\/wp-content\/uploads\/2022\/09\/DSC_6488.jpg\" \/>\n\t<meta property=\"og:image:width\" content=\"2500\" \/>\n\t<meta property=\"og:image:height\" content=\"1669\" \/>\n\t<meta property=\"og:image:type\" content=\"image\/jpeg\" \/>\n<meta name=\"twitter:card\" content=\"summary_large_image\" \/>\n<meta name=\"twitter:label1\" content=\"Tiempo de lectura\" \/>\n\t<meta name=\"twitter:data1\" content=\"4 minutos\" \/>\n<script type=\"application\/ld+json\" class=\"yoast-schema-graph\">{\"@context\":\"https:\\\/\\\/schema.org\",\"@graph\":[{\"@type\":\"WebPage\",\"@id\":\"https:\\\/\\\/districtcounseling.center\\\/es\\\/servicios\\\/asesoramiento-de-relaciones-y-matrimonios\\\/\",\"url\":\"https:\\\/\\\/districtcounseling.center\\\/es\\\/servicios\\\/asesoramiento-de-relaciones-y-matrimonios\\\/\",\"name\":\"Asesoramiento de relaciones y matrimonios &#8226; District Counseling\",\"isPartOf\":{\"@id\":\"https:\\\/\\\/districtcounseling.center\\\/es\\\/#website\"},\"primaryImageOfPage\":{\"@id\":\"https:\\\/\\\/districtcounseling.center\\\/es\\\/servicios\\\/asesoramiento-de-relaciones-y-matrimonios\\\/#primaryimage\"},\"image\":{\"@id\":\"https:\\\/\\\/districtcounseling.center\\\/es\\\/servicios\\\/asesoramiento-de-relaciones-y-matrimonios\\\/#primaryimage\"},\"thumbnailUrl\":\"https:\\\/\\\/districtcounseling.center\\\/wp-content\\\/uploads\\\/2022\\\/09\\\/DSC_6488.jpg\",\"datePublished\":\"2022-09-09T17:29:39+00:00\",\"dateModified\":\"2022-10-14T21:51:50+00:00\",\"breadcrumb\":{\"@id\":\"https:\\\/\\\/districtcounseling.center\\\/es\\\/servicios\\\/asesoramiento-de-relaciones-y-matrimonios\\\/#breadcrumb\"},\"inLanguage\":\"es\",\"potentialAction\":[{\"@type\":\"ReadAction\",\"target\":[\"https:\\\/\\\/districtcounseling.center\\\/es\\\/servicios\\\/asesoramiento-de-relaciones-y-matrimonios\\\/\"]}]},{\"@type\":\"ImageObject\",\"inLanguage\":\"es\",\"@id\":\"https:\\\/\\\/districtcounseling.center\\\/es\\\/servicios\\\/asesoramiento-de-relaciones-y-matrimonios\\\/#primaryimage\",\"url\":\"https:\\\/\\\/districtcounseling.center\\\/wp-content\\\/uploads\\\/2022\\\/09\\\/DSC_6488.jpg\",\"contentUrl\":\"https:\\\/\\\/districtcounseling.center\\\/wp-content\\\/uploads\\\/2022\\\/09\\\/DSC_6488.jpg\",\"width\":2500,\"height\":1669,\"caption\":\"Relationship & Marital Counseling at District Counseling\"},{\"@type\":\"BreadcrumbList\",\"@id\":\"https:\\\/\\\/districtcounseling.center\\\/es\\\/servicios\\\/asesoramiento-de-relaciones-y-matrimonios\\\/#breadcrumb\",\"itemListElement\":[{\"@type\":\"ListItem\",\"position\":1,\"name\":\"Home\",\"item\":\"https:\\\/\\\/districtcounseling.center\\\/es\\\/\"},{\"@type\":\"ListItem\",\"position\":2,\"name\":\"Servicios\",\"item\":\"https:\\\/\\\/districtcounseling.center\\\/es\\\/services\\\/\"},{\"@type\":\"ListItem\",\"position\":3,\"name\":\"Asesoramiento de relaciones y matrimonios\"}]},{\"@type\":\"WebSite\",\"@id\":\"https:\\\/\\\/districtcounseling.center\\\/es\\\/#website\",\"url\":\"https:\\\/\\\/districtcounseling.center\\\/es\\\/\",\"name\":\"District Counseling\",\"description\":\"Center for Acceptance and Commitment Therapy\",\"publisher\":{\"@id\":\"https:\\\/\\\/districtcounseling.center\\\/es\\\/#organization\"},\"potentialAction\":[{\"@type\":\"SearchAction\",\"target\":{\"@type\":\"EntryPoint\",\"urlTemplate\":\"https:\\\/\\\/districtcounseling.center\\\/es\\\/?s={search_term_string}\"},\"query-input\":{\"@type\":\"PropertyValueSpecification\",\"valueRequired\":true,\"valueName\":\"search_term_string\"}}],\"inLanguage\":\"es\"},{\"@type\":\"Organization\",\"@id\":\"https:\\\/\\\/districtcounseling.center\\\/es\\\/#organization\",\"name\":\"District Counseling\",\"alternateName\":\"District Counseling\",\"url\":\"https:\\\/\\\/districtcounseling.center\\\/es\\\/\",\"logo\":{\"@type\":\"ImageObject\",\"inLanguage\":\"es\",\"@id\":\"https:\\\/\\\/districtcounseling.center\\\/es\\\/#\\\/schema\\\/logo\\\/image\\\/\",\"url\":\"https:\\\/\\\/districtcounseling.center\\\/wp-content\\\/uploads\\\/2023\\\/10\\\/NEW-DistrictCounseling_Logo.png\",\"contentUrl\":\"https:\\\/\\\/districtcounseling.center\\\/wp-content\\\/uploads\\\/2023\\\/10\\\/NEW-DistrictCounseling_Logo.png\",\"width\":1920,\"height\":709,\"caption\":\"District Counseling\"},\"image\":{\"@id\":\"https:\\\/\\\/districtcounseling.center\\\/es\\\/#\\\/schema\\\/logo\\\/image\\\/\"},\"sameAs\":[\"https:\\\/\\\/www.facebook.com\\\/districtcounseling\",\"https:\\\/\\\/www.instagram.com\\\/districtcounseling\\\/\"],\"description\":\"District Counseling offers a unique wellness experience for individuals, couples, and families by providing the most advanced counseling and psychotherapy approach. Our mission is aligning you to what matters most with sincerity, authenticity, and compassion. Offering Counseling Services in Houston, Katy, Cypress, Sugar Land, Spring Branch, Spring, Tomball, Missouri City, Pearland, and Copperfield Texas.\",\"legalName\":\"District Counseling\",\"numberOfEmployees\":{\"@type\":\"QuantitativeValue\",\"minValue\":\"11\",\"maxValue\":\"50\"}}]}<\/script>\n<!-- \/ Yoast SEO Premium plugin. -->","yoast_head_json":{"title":"Asesoramiento de relaciones y matrimonios &#8226; District Counseling","robots":{"index":"index","follow":"follow","max-snippet":"max-snippet:-1","max-image-preview":"max-image-preview:large","max-video-preview":"max-video-preview:-1"},"canonical":"https:\/\/districtcounseling.center\/es\/servicios\/asesoramiento-de-relaciones-y-matrimonios\/","og_locale":"es_ES","og_type":"article","og_title":"Asesoramiento de relaciones y matrimonios","og_description":"Friendship fuels the flames of romance because it offers the best protection against feeling adversarial toward your spouse. John M. Gottman, Los siete principios para que el matrimonio funcione: Una gu\u00eda pr\u00e1ctica del principal experto en relaciones del pa\u00eds \u00ab\u00a1Ya no puedo hacer esto!\u00bb \u00bfTE SUENA? Si busca asesoramiento de pareja, es probable que sea porque se enfrenta a un obst\u00e1culo en su relaci\u00f3n ... Read More","og_url":"https:\/\/districtcounseling.center\/es\/servicios\/asesoramiento-de-relaciones-y-matrimonios\/","og_site_name":"District Counseling","article_publisher":"https:\/\/www.facebook.com\/districtcounseling","article_modified_time":"2022-10-14T21:51:50+00:00","og_image":[{"width":2500,"height":1669,"url":"https:\/\/districtcounseling.center\/wp-content\/uploads\/2022\/09\/DSC_6488.jpg","type":"image\/jpeg"}],"twitter_card":"summary_large_image","twitter_misc":{"Tiempo de lectura":"4 minutos"},"schema":{"@context":"https:\/\/schema.org","@graph":[{"@type":"WebPage","@id":"https:\/\/districtcounseling.center\/es\/servicios\/asesoramiento-de-relaciones-y-matrimonios\/","url":"https:\/\/districtcounseling.center\/es\/servicios\/asesoramiento-de-relaciones-y-matrimonios\/","name":"Asesoramiento de relaciones y matrimonios &#8226; District Counseling","isPartOf":{"@id":"https:\/\/districtcounseling.center\/es\/#website"},"primaryImageOfPage":{"@id":"https:\/\/districtcounseling.center\/es\/servicios\/asesoramiento-de-relaciones-y-matrimonios\/#primaryimage"},"image":{"@id":"https:\/\/districtcounseling.center\/es\/servicios\/asesoramiento-de-relaciones-y-matrimonios\/#primaryimage"},"thumbnailUrl":"https:\/\/districtcounseling.center\/wp-content\/uploads\/2022\/09\/DSC_6488.jpg","datePublished":"2022-09-09T17:29:39+00:00","dateModified":"2022-10-14T21:51:50+00:00","breadcrumb":{"@id":"https:\/\/districtcounseling.center\/es\/servicios\/asesoramiento-de-relaciones-y-matrimonios\/#breadcrumb"},"inLanguage":"es","potentialAction":[{"@type":"ReadAction","target":["https:\/\/districtcounseling.center\/es\/servicios\/asesoramiento-de-relaciones-y-matrimonios\/"]}]},{"@type":"ImageObject","inLanguage":"es","@id":"https:\/\/districtcounseling.center\/es\/servicios\/asesoramiento-de-relaciones-y-matrimonios\/#primaryimage","url":"https:\/\/districtcounseling.center\/wp-content\/uploads\/2022\/09\/DSC_6488.jpg","contentUrl":"https:\/\/districtcounseling.center\/wp-content\/uploads\/2022\/09\/DSC_6488.jpg","width":2500,"height":1669,"caption":"Relationship & Marital Counseling at District Counseling"},{"@type":"BreadcrumbList","@id":"https:\/\/districtcounseling.center\/es\/servicios\/asesoramiento-de-relaciones-y-matrimonios\/#breadcrumb","itemListElement":[{"@type":"ListItem","position":1,"name":"Home","item":"https:\/\/districtcounseling.center\/es\/"},{"@type":"ListItem","position":2,"name":"Servicios","item":"https:\/\/districtcounseling.center\/es\/services\/"},{"@type":"ListItem","position":3,"name":"Asesoramiento de relaciones y matrimonios"}]},{"@type":"WebSite","@id":"https:\/\/districtcounseling.center\/es\/#website","url":"https:\/\/districtcounseling.center\/es\/","name":"District Counseling","description":"Center for Acceptance and Commitment Therapy","publisher":{"@id":"https:\/\/districtcounseling.center\/es\/#organization"},"potentialAction":[{"@type":"SearchAction","target":{"@type":"EntryPoint","urlTemplate":"https:\/\/districtcounseling.center\/es\/?s={search_term_string}"},"query-input":{"@type":"PropertyValueSpecification","valueRequired":true,"valueName":"search_term_string"}}],"inLanguage":"es"},{"@type":"Organization","@id":"https:\/\/districtcounseling.center\/es\/#organization","name":"District Counseling","alternateName":"District Counseling","url":"https:\/\/districtcounseling.center\/es\/","logo":{"@type":"ImageObject","inLanguage":"es","@id":"https:\/\/districtcounseling.center\/es\/#\/schema\/logo\/image\/","url":"https:\/\/districtcounseling.center\/wp-content\/uploads\/2023\/10\/NEW-DistrictCounseling_Logo.png","contentUrl":"https:\/\/districtcounseling.center\/wp-content\/uploads\/2023\/10\/NEW-DistrictCounseling_Logo.png","width":1920,"height":709,"caption":"District Counseling"},"image":{"@id":"https:\/\/districtcounseling.center\/es\/#\/schema\/logo\/image\/"},"sameAs":["https:\/\/www.facebook.com\/districtcounseling","https:\/\/www.instagram.com\/districtcounseling\/"],"description":"District Counseling offers a unique wellness experience for individuals, couples, and families by providing the most advanced counseling and psychotherapy approach. Our mission is aligning you to what matters most with sincerity, authenticity, and compassion. Offering Counseling Services in Houston, Katy, Cypress, Sugar Land, Spring Branch, Spring, Tomball, Missouri City, Pearland, and Copperfield Texas.","legalName":"District Counseling","numberOfEmployees":{"@type":"QuantitativeValue","minValue":"11","maxValue":"50"}}]}},"yoast_meta":{"yoast_wpseo_title":"","yoast_wpseo_metadesc":"","yoast_wpseo_canonical":""},"_links":{"self":[{"href":"https:\/\/districtcounseling.center\/es\/wp-json\/wp\/v2\/pages\/2437","targetHints":{"allow":["GET"]}}],"collection":[{"href":"https:\/\/districtcounseling.center\/es\/wp-json\/wp\/v2\/pages"}],"about":[{"href":"https:\/\/districtcounseling.center\/es\/wp-json\/wp\/v2\/types\/page"}],"author":[{"embeddable":true,"href":"https:\/\/districtcounseling.center\/es\/wp-json\/wp\/v2\/users\/2"}],"replies":[{"embeddable":true,"href":"https:\/\/districtcounseling.center\/es\/wp-json\/wp\/v2\/comments?post=2437"}],"version-history":[{"count":0,"href":"https:\/\/districtcounseling.center\/es\/wp-json\/wp\/v2\/pages\/2437\/revisions"}],"up":[{"embeddable":true,"href":"https:\/\/districtcounseling.center\/es\/wp-json\/wp\/v2\/pages\/2414"}],"wp:featuredmedia":[{"embeddable":true,"href":"https:\/\/districtcounseling.center\/es\/wp-json\/wp\/v2\/media\/1706"}],"wp:attachment":[{"href":"https:\/\/districtcounseling.center\/es\/wp-json\/wp\/v2\/media?parent=2437"}],"curies":[{"name":"wp","href":"https:\/\/api.w.org\/{rel}","templated":true}]}}