{"id":2432,"date":"2022-09-09T14:06:35","date_gmt":"2022-09-09T18:06:35","guid":{"rendered":"https:\/\/dc.ryankerbs.com\/servicios\/asesoramiento-sobre-traumas\/"},"modified":"2022-10-14T17:53:26","modified_gmt":"2022-10-14T21:53:26","slug":"asesoramiento-sobre-traumas","status":"publish","type":"page","link":"https:\/\/districtcounseling.center\/es\/servicios\/asesoramiento-sobre-traumas\/","title":{"rendered":"Asesoramiento sobre traumas"},"content":{"rendered":"\n<blockquote class=\"wp-block-quote is-layout-flow wp-block-quote-is-layout-flow\">\n<p class=\"wp-block-paragraph\">El coraje no es tener la fuerza para seguir; es seguir cuando no tienes la fuerza.<\/p>\n<cite>Theodore Roosevelt<\/cite><\/blockquote>\n\n\n\n<h2 class=\"wp-block-heading\">Asesoramiento en materia de traumas<\/h2>\n\n\n\n<h3 class=\"wp-block-heading\">LA AYUDA EST\u00c1 AQU\u00cd.<\/h3>\n\n\n\n<div class=\"wp-block-columns is-layout-flex wp-container-core-columns-is-layout-8f761849 wp-block-columns-is-layout-flex\">\n<div class=\"wp-block-column is-layout-flow wp-block-column-is-layout-flow\">\n<ul class=\"wp-block-list\" id=\"yui_3_17_2_1_1662745012842_305\">\n<li>\u00bfHa experimentado un acontecimiento que ponga en peligro su vida?<\/li>\n\n\n\n<li>\u00bfO tal vez ha sido testigo de que alguien ha vivido un momento de peligro para su vida?<\/li>\n\n\n\n<li>\u00bfNo puede dejar de pensar en ello?<\/li>\n\n\n\n<li>\u00bfTienes pesadillas?<\/li>\n\n\n\n<li>\u00bfSe siente distante o aislado de los dem\u00e1s?<\/li>\n\n\n\n<li>\u00bfTiene s\u00edntomas f\u00edsicos graves?<\/li>\n<\/ul>\n\n\n\n<p class=\"wp-block-paragraph\">Cuando uno ha pasado por una experiencia traum\u00e1tica puede crear obst\u00e1culos en su vida diaria. <a href=\"https:\/\/districtcounseling.center\/how-can-counseling-help-you-get-rid-of-anxiety\/\" data-type=\"post\" data-id=\"1591\">El trauma<\/a> te afecta a ti, as\u00ed como a los que te rodean, familia, amigos y compa\u00f1eros de trabajo. El asesoramiento en Houston, Cypress y Katy ya est\u00e1 disponible.<\/p>\n<\/div>\n\n\n\n<div class=\"wp-block-column is-layout-flow wp-block-column-is-layout-flow\">\n<figure class=\"wp-block-image size-large\"><img decoding=\"async\" width=\"682\" height=\"1024\" data-src=\"https:\/\/b2903835.smushcdn.com\/2903835\/wp-content\/uploads\/2022\/09\/counselingfortraumainhouston-682x1024.jpeg?lossy=2&strip=1&avif=1\" alt=\"\" class=\"wp-image-1708 lazyload\" data-srcset=\"https:\/\/b2903835.smushcdn.com\/2903835\/wp-content\/uploads\/2022\/09\/counselingfortraumainhouston-682x1024.jpeg?lossy=2&strip=1&avif=1 682w, https:\/\/b2903835.smushcdn.com\/2903835\/wp-content\/uploads\/2022\/09\/counselingfortraumainhouston-200x300.jpeg?lossy=2&strip=1&avif=1 200w, https:\/\/b2903835.smushcdn.com\/2903835\/wp-content\/uploads\/2022\/09\/counselingfortraumainhouston-100x150.jpeg?lossy=2&strip=1&avif=1 100w, https:\/\/b2903835.smushcdn.com\/2903835\/wp-content\/uploads\/2022\/09\/counselingfortraumainhouston.jpeg?lossy=2&strip=1&avif=1 750w, https:\/\/b2903835.smushcdn.com\/2903835\/wp-content\/uploads\/2022\/09\/counselingfortraumainhouston.jpeg?size=296x444&lossy=2&strip=1&avif=1 296w, https:\/\/b2903835.smushcdn.com\/2903835\/wp-content\/uploads\/2022\/09\/counselingfortraumainhouston.jpeg?size=445x668&lossy=2&strip=1&avif=1 445w, https:\/\/b2903835.smushcdn.com\/2903835\/wp-content\/uploads\/2022\/09\/counselingfortraumainhouston.jpeg?size=593x890&lossy=2&strip=1&avif=1 593w\" data-sizes=\"auto\" src=\"data:image\/svg+xml;base64,PHN2ZyB3aWR0aD0iMSIgaGVpZ2h0PSIxIiB4bWxucz0iaHR0cDovL3d3dy53My5vcmcvMjAwMC9zdmciPjwvc3ZnPg==\" style=\"--smush-placeholder-width: 682px; --smush-placeholder-aspect-ratio: 682\/1024;\" data-original-sizes=\"(max-width: 682px) 100vw, 682px\" \/><\/figure>\n<\/div>\n<\/div>\n\n\n\n<h2 class=\"wp-block-heading\">\u00bfQu\u00e9 puede esperar de la terapia de trauma?<\/h2>\n\n\n\n<p class=\"wp-block-paragraph\">En District Counseling ofrecemos tratamiento a trav\u00e9s de varios modelos terap\u00e9uticos, incluyendo ACT para el trauma, para ayudarle a desengancharse y volver a su vida. Estamos aqu\u00ed para servir a la gran necesidad que existe de asesoramiento en Houston y sus alrededores de Cypress y Katy, Texas.<\/p>\n\n\n\n<p class=\"wp-block-paragraph\">La terapia del trauma puede ayudarle a reengancharse a la vida. El proceso terap\u00e9utico incorpora varios ejercicios y t\u00e9cnicas de desarrollo de habilidades que le ayudan a fortalecer sus habilidades psicol\u00f3gicas. Estas habilidades psicol\u00f3gicas le ayudar\u00e1n a <a href=\"https:\/\/districtcounseling.center\/power-of-mindfulness\/\" data-type=\"post\" data-id=\"1571\">mantenerse presente<\/a>, abierto y comprometido con el aqu\u00ed y el ahora. Deja de revivir el pasado, la ayuda est\u00e1 aqu\u00ed.<\/p>\n\n\n\n<h2 class=\"wp-block-heading\">Nuestra promesa.<\/h2>\n\n\n\n<p class=\"wp-block-paragraph\">No podemos prometer una experiencia libre de dolor en la terapia, pero s\u00ed podemos prometerle que le acompa\u00f1aremos en cada paso del camino con un enfoque compasivo y afectuoso. Este es nuestro compromiso con usted. Nos sentimos humildes por estar caminando a su lado en un momento tan dif\u00edcil.<\/p>\n\n\n\n<hr class=\"wp-block-separator has-alpha-channel-opacity\"\/>\n\n\n\n<h3 class=\"has-text-align-center wp-block-heading\">\u00bfC\u00f3mo respondemos al trauma?<\/h3>\n\n\n\n<figure class=\"wp-block-embed is-type-video is-provider-youtube wp-block-embed-youtube wp-embed-aspect-16-9 wp-has-aspect-ratio\"><div class=\"wp-block-embed__wrapper\">\n<div class=\"x-resp-embed x-is-video x-is-youtube\"><div class=\"lazyload smush-lazyload-video smush-lazyload-youtube\" style=\"--smush-video-aspect-ratio: 742\/417\" data-bg-image=\"url(https:\/\/districtcounseling.center\/wp-admin\/admin-ajax.php?action=smush_video_thumbnail&#038;url=https%3A%2F%2Fwww.youtube.com%2Fembed%2FJ_iZOIn3itE%3Ffeature%3Doembed&#038;video_width=742&#038;video_height=417)\" ><iframe title=\"Three Meanings of Freeze\" width=\"742\" height=\"417\" data-src=\"https:\/\/www.youtube.com\/embed\/J_iZOIn3itE?feature=oembed\" frameborder=\"0\" allow=\"accelerometer; autoplay; clipboard-write; encrypted-media; gyroscope; picture-in-picture\" allowfullscreen src=\"data:image\/svg+xml;base64,PHN2ZyB3aWR0aD0iMSIgaGVpZ2h0PSIxIiB4bWxucz0iaHR0cDovL3d3dy53My5vcmcvMjAwMC9zdmciPjwvc3ZnPg==\"><\/iframe><span class=\"smush-play-btn\" role=\"button\" aria-label=\"Play video\">\r\n\t\t\t\t<span tabindex=\"0\" class=\"smush-play-btn-inner\">\r\n\t\t\t\t\t<span>Play<\/span>\r\n\t\t\t\t<\/span>\r\n\t\t\t<\/span><\/div><\/div>\n<\/div><\/figure>\n\n\n\n<h4 class=\"has-text-align-center wp-block-heading\">\u00bfPREPARADO PARA TRAER LA CURACI\u00d3N A TU VIDA?<\/h4>\n\n\n\n<div class=\"wp-block-buttons is-content-justification-center is-layout-flex wp-container-core-buttons-is-layout-fe48e5de wp-block-buttons-is-layout-flex\">\n<div class=\"wp-block-button\"><a class=\"wp-block-button__link wp-element-button\" href=\"tel:+13468007601\">Estoy listo<\/a><\/div>\n<\/div>\n","protected":false},"excerpt":{"rendered":"<p>El coraje no es tener la fuerza para seguir; es seguir cuando no tienes la fuerza. Theodore Roosevelt Asesoramiento en materia de traumas LA AYUDA EST\u00c1 AQU\u00cd. Cuando uno ha pasado por una experiencia traum\u00e1tica puede crear obst\u00e1culos en su vida diaria. El trauma te afecta a ti, as\u00ed como a los que te rodean, familia, amigos y compa\u00f1eros de trabajo. El asesoramiento en &#8230; <\/p>\n<div><a href=\"https:\/\/districtcounseling.center\/es\/servicios\/asesoramiento-sobre-traumas\/\" class=\"more-link\">Read More<\/a><\/div>\n","protected":false},"author":2,"featured_media":1704,"parent":2414,"menu_order":6,"comment_status":"closed","ping_status":"closed","template":"template-blank-4.php","meta":{"_acf_changed":false,"_crdt_document":"","_themeisle_gutenberg_block_has_review":false,"footnotes":""},"class_list":["post-2432","page","type-page","status-publish","has-post-thumbnail","hentry"],"acf":[],"yoast_head":"<!-- This site is optimized with the Yoast SEO Premium plugin v26.3 (Yoast SEO v27.4) - https:\/\/yoast.com\/product\/yoast-seo-premium-wordpress\/ -->\n<title>Asesoramiento sobre traumas &#8226; District Counseling<\/title>\n<meta name=\"robots\" content=\"index, follow, max-snippet:-1, max-image-preview:large, max-video-preview:-1\" \/>\n<link rel=\"canonical\" href=\"https:\/\/districtcounseling.center\/es\/servicios\/asesoramiento-sobre-traumas\/\" \/>\n<meta property=\"og:locale\" content=\"es_ES\" \/>\n<meta property=\"og:type\" content=\"article\" \/>\n<meta property=\"og:title\" content=\"Asesoramiento sobre traumas\" \/>\n<meta property=\"og:description\" content=\"El coraje no es tener la fuerza para seguir; es seguir cuando no tienes la fuerza. Theodore Roosevelt Asesoramiento en materia de traumas LA AYUDA EST\u00c1 AQU\u00cd. Cuando uno ha pasado por una experiencia traum\u00e1tica puede crear obst\u00e1culos en su vida diaria. El trauma te afecta a ti, as\u00ed como a los que te rodean, familia, amigos y compa\u00f1eros de trabajo. El asesoramiento en ... Read More\" \/>\n<meta property=\"og:url\" content=\"https:\/\/districtcounseling.center\/es\/servicios\/asesoramiento-sobre-traumas\/\" \/>\n<meta property=\"og:site_name\" content=\"District Counseling\" \/>\n<meta property=\"article:publisher\" content=\"https:\/\/www.facebook.com\/districtcounseling\" \/>\n<meta property=\"article:modified_time\" content=\"2022-10-14T21:53:26+00:00\" \/>\n<meta property=\"og:image\" content=\"https:\/\/districtcounseling.center\/wp-content\/uploads\/2022\/09\/trauma-counseling.jpeg\" \/>\n\t<meta property=\"og:image:width\" content=\"2500\" \/>\n\t<meta property=\"og:image:height\" content=\"1491\" \/>\n\t<meta property=\"og:image:type\" content=\"image\/jpeg\" \/>\n<meta name=\"twitter:card\" content=\"summary_large_image\" \/>\n<meta name=\"twitter:label1\" content=\"Tiempo de lectura\" \/>\n\t<meta name=\"twitter:data1\" content=\"2 minutos\" \/>\n<script type=\"application\/ld+json\" class=\"yoast-schema-graph\">{\"@context\":\"https:\\\/\\\/schema.org\",\"@graph\":[{\"@type\":\"WebPage\",\"@id\":\"https:\\\/\\\/districtcounseling.center\\\/es\\\/servicios\\\/asesoramiento-sobre-traumas\\\/\",\"url\":\"https:\\\/\\\/districtcounseling.center\\\/es\\\/servicios\\\/asesoramiento-sobre-traumas\\\/\",\"name\":\"Asesoramiento sobre traumas &#8226; District Counseling\",\"isPartOf\":{\"@id\":\"https:\\\/\\\/districtcounseling.center\\\/es\\\/#website\"},\"primaryImageOfPage\":{\"@id\":\"https:\\\/\\\/districtcounseling.center\\\/es\\\/servicios\\\/asesoramiento-sobre-traumas\\\/#primaryimage\"},\"image\":{\"@id\":\"https:\\\/\\\/districtcounseling.center\\\/es\\\/servicios\\\/asesoramiento-sobre-traumas\\\/#primaryimage\"},\"thumbnailUrl\":\"https:\\\/\\\/districtcounseling.center\\\/wp-content\\\/uploads\\\/2022\\\/09\\\/trauma-counseling.jpeg\",\"datePublished\":\"2022-09-09T18:06:35+00:00\",\"dateModified\":\"2022-10-14T21:53:26+00:00\",\"breadcrumb\":{\"@id\":\"https:\\\/\\\/districtcounseling.center\\\/es\\\/servicios\\\/asesoramiento-sobre-traumas\\\/#breadcrumb\"},\"inLanguage\":\"es\",\"potentialAction\":[{\"@type\":\"ReadAction\",\"target\":[\"https:\\\/\\\/districtcounseling.center\\\/es\\\/servicios\\\/asesoramiento-sobre-traumas\\\/\"]}]},{\"@type\":\"ImageObject\",\"inLanguage\":\"es\",\"@id\":\"https:\\\/\\\/districtcounseling.center\\\/es\\\/servicios\\\/asesoramiento-sobre-traumas\\\/#primaryimage\",\"url\":\"https:\\\/\\\/districtcounseling.center\\\/wp-content\\\/uploads\\\/2022\\\/09\\\/trauma-counseling.jpeg\",\"contentUrl\":\"https:\\\/\\\/districtcounseling.center\\\/wp-content\\\/uploads\\\/2022\\\/09\\\/trauma-counseling.jpeg\",\"width\":2500,\"height\":1491},{\"@type\":\"BreadcrumbList\",\"@id\":\"https:\\\/\\\/districtcounseling.center\\\/es\\\/servicios\\\/asesoramiento-sobre-traumas\\\/#breadcrumb\",\"itemListElement\":[{\"@type\":\"ListItem\",\"position\":1,\"name\":\"Home\",\"item\":\"https:\\\/\\\/districtcounseling.center\\\/es\\\/\"},{\"@type\":\"ListItem\",\"position\":2,\"name\":\"Servicios\",\"item\":\"https:\\\/\\\/districtcounseling.center\\\/es\\\/services\\\/\"},{\"@type\":\"ListItem\",\"position\":3,\"name\":\"Asesoramiento sobre traumas\"}]},{\"@type\":\"WebSite\",\"@id\":\"https:\\\/\\\/districtcounseling.center\\\/es\\\/#website\",\"url\":\"https:\\\/\\\/districtcounseling.center\\\/es\\\/\",\"name\":\"District Counseling\",\"description\":\"Center for Acceptance and Commitment Therapy\",\"publisher\":{\"@id\":\"https:\\\/\\\/districtcounseling.center\\\/es\\\/#organization\"},\"potentialAction\":[{\"@type\":\"SearchAction\",\"target\":{\"@type\":\"EntryPoint\",\"urlTemplate\":\"https:\\\/\\\/districtcounseling.center\\\/es\\\/?s={search_term_string}\"},\"query-input\":{\"@type\":\"PropertyValueSpecification\",\"valueRequired\":true,\"valueName\":\"search_term_string\"}}],\"inLanguage\":\"es\"},{\"@type\":\"Organization\",\"@id\":\"https:\\\/\\\/districtcounseling.center\\\/es\\\/#organization\",\"name\":\"District Counseling\",\"alternateName\":\"District Counseling\",\"url\":\"https:\\\/\\\/districtcounseling.center\\\/es\\\/\",\"logo\":{\"@type\":\"ImageObject\",\"inLanguage\":\"es\",\"@id\":\"https:\\\/\\\/districtcounseling.center\\\/es\\\/#\\\/schema\\\/logo\\\/image\\\/\",\"url\":\"https:\\\/\\\/districtcounseling.center\\\/wp-content\\\/uploads\\\/2023\\\/10\\\/NEW-DistrictCounseling_Logo.png\",\"contentUrl\":\"https:\\\/\\\/districtcounseling.center\\\/wp-content\\\/uploads\\\/2023\\\/10\\\/NEW-DistrictCounseling_Logo.png\",\"width\":1920,\"height\":709,\"caption\":\"District Counseling\"},\"image\":{\"@id\":\"https:\\\/\\\/districtcounseling.center\\\/es\\\/#\\\/schema\\\/logo\\\/image\\\/\"},\"sameAs\":[\"https:\\\/\\\/www.facebook.com\\\/districtcounseling\",\"https:\\\/\\\/www.instagram.com\\\/districtcounseling\\\/\"],\"description\":\"District Counseling offers a unique wellness experience for individuals, couples, and families by providing the most advanced counseling and psychotherapy approach. Our mission is aligning you to what matters most with sincerity, authenticity, and compassion. Offering Counseling Services in Houston, Katy, Cypress, Sugar Land, Spring Branch, Spring, Tomball, Missouri City, Pearland, and Copperfield Texas.\",\"legalName\":\"District Counseling\",\"numberOfEmployees\":{\"@type\":\"QuantitativeValue\",\"minValue\":\"11\",\"maxValue\":\"50\"}}]}<\/script>\n<!-- \/ Yoast SEO Premium plugin. -->","yoast_head_json":{"title":"Asesoramiento sobre traumas &#8226; District Counseling","robots":{"index":"index","follow":"follow","max-snippet":"max-snippet:-1","max-image-preview":"max-image-preview:large","max-video-preview":"max-video-preview:-1"},"canonical":"https:\/\/districtcounseling.center\/es\/servicios\/asesoramiento-sobre-traumas\/","og_locale":"es_ES","og_type":"article","og_title":"Asesoramiento sobre traumas","og_description":"El coraje no es tener la fuerza para seguir; es seguir cuando no tienes la fuerza. Theodore Roosevelt Asesoramiento en materia de traumas LA AYUDA EST\u00c1 AQU\u00cd. Cuando uno ha pasado por una experiencia traum\u00e1tica puede crear obst\u00e1culos en su vida diaria. El trauma te afecta a ti, as\u00ed como a los que te rodean, familia, amigos y compa\u00f1eros de trabajo. El asesoramiento en ... Read More","og_url":"https:\/\/districtcounseling.center\/es\/servicios\/asesoramiento-sobre-traumas\/","og_site_name":"District Counseling","article_publisher":"https:\/\/www.facebook.com\/districtcounseling","article_modified_time":"2022-10-14T21:53:26+00:00","og_image":[{"width":2500,"height":1491,"url":"https:\/\/districtcounseling.center\/wp-content\/uploads\/2022\/09\/trauma-counseling.jpeg","type":"image\/jpeg"}],"twitter_card":"summary_large_image","twitter_misc":{"Tiempo de lectura":"2 minutos"},"schema":{"@context":"https:\/\/schema.org","@graph":[{"@type":"WebPage","@id":"https:\/\/districtcounseling.center\/es\/servicios\/asesoramiento-sobre-traumas\/","url":"https:\/\/districtcounseling.center\/es\/servicios\/asesoramiento-sobre-traumas\/","name":"Asesoramiento sobre traumas &#8226; District Counseling","isPartOf":{"@id":"https:\/\/districtcounseling.center\/es\/#website"},"primaryImageOfPage":{"@id":"https:\/\/districtcounseling.center\/es\/servicios\/asesoramiento-sobre-traumas\/#primaryimage"},"image":{"@id":"https:\/\/districtcounseling.center\/es\/servicios\/asesoramiento-sobre-traumas\/#primaryimage"},"thumbnailUrl":"https:\/\/districtcounseling.center\/wp-content\/uploads\/2022\/09\/trauma-counseling.jpeg","datePublished":"2022-09-09T18:06:35+00:00","dateModified":"2022-10-14T21:53:26+00:00","breadcrumb":{"@id":"https:\/\/districtcounseling.center\/es\/servicios\/asesoramiento-sobre-traumas\/#breadcrumb"},"inLanguage":"es","potentialAction":[{"@type":"ReadAction","target":["https:\/\/districtcounseling.center\/es\/servicios\/asesoramiento-sobre-traumas\/"]}]},{"@type":"ImageObject","inLanguage":"es","@id":"https:\/\/districtcounseling.center\/es\/servicios\/asesoramiento-sobre-traumas\/#primaryimage","url":"https:\/\/districtcounseling.center\/wp-content\/uploads\/2022\/09\/trauma-counseling.jpeg","contentUrl":"https:\/\/districtcounseling.center\/wp-content\/uploads\/2022\/09\/trauma-counseling.jpeg","width":2500,"height":1491},{"@type":"BreadcrumbList","@id":"https:\/\/districtcounseling.center\/es\/servicios\/asesoramiento-sobre-traumas\/#breadcrumb","itemListElement":[{"@type":"ListItem","position":1,"name":"Home","item":"https:\/\/districtcounseling.center\/es\/"},{"@type":"ListItem","position":2,"name":"Servicios","item":"https:\/\/districtcounseling.center\/es\/services\/"},{"@type":"ListItem","position":3,"name":"Asesoramiento sobre traumas"}]},{"@type":"WebSite","@id":"https:\/\/districtcounseling.center\/es\/#website","url":"https:\/\/districtcounseling.center\/es\/","name":"District Counseling","description":"Center for Acceptance and Commitment Therapy","publisher":{"@id":"https:\/\/districtcounseling.center\/es\/#organization"},"potentialAction":[{"@type":"SearchAction","target":{"@type":"EntryPoint","urlTemplate":"https:\/\/districtcounseling.center\/es\/?s={search_term_string}"},"query-input":{"@type":"PropertyValueSpecification","valueRequired":true,"valueName":"search_term_string"}}],"inLanguage":"es"},{"@type":"Organization","@id":"https:\/\/districtcounseling.center\/es\/#organization","name":"District Counseling","alternateName":"District Counseling","url":"https:\/\/districtcounseling.center\/es\/","logo":{"@type":"ImageObject","inLanguage":"es","@id":"https:\/\/districtcounseling.center\/es\/#\/schema\/logo\/image\/","url":"https:\/\/districtcounseling.center\/wp-content\/uploads\/2023\/10\/NEW-DistrictCounseling_Logo.png","contentUrl":"https:\/\/districtcounseling.center\/wp-content\/uploads\/2023\/10\/NEW-DistrictCounseling_Logo.png","width":1920,"height":709,"caption":"District Counseling"},"image":{"@id":"https:\/\/districtcounseling.center\/es\/#\/schema\/logo\/image\/"},"sameAs":["https:\/\/www.facebook.com\/districtcounseling","https:\/\/www.instagram.com\/districtcounseling\/"],"description":"District Counseling offers a unique wellness experience for individuals, couples, and families by providing the most advanced counseling and psychotherapy approach. Our mission is aligning you to what matters most with sincerity, authenticity, and compassion. Offering Counseling Services in Houston, Katy, Cypress, Sugar Land, Spring Branch, Spring, Tomball, Missouri City, Pearland, and Copperfield Texas.","legalName":"District Counseling","numberOfEmployees":{"@type":"QuantitativeValue","minValue":"11","maxValue":"50"}}]}},"yoast_meta":{"yoast_wpseo_title":"","yoast_wpseo_metadesc":"","yoast_wpseo_canonical":""},"_links":{"self":[{"href":"https:\/\/districtcounseling.center\/es\/wp-json\/wp\/v2\/pages\/2432","targetHints":{"allow":["GET"]}}],"collection":[{"href":"https:\/\/districtcounseling.center\/es\/wp-json\/wp\/v2\/pages"}],"about":[{"href":"https:\/\/districtcounseling.center\/es\/wp-json\/wp\/v2\/types\/page"}],"author":[{"embeddable":true,"href":"https:\/\/districtcounseling.center\/es\/wp-json\/wp\/v2\/users\/2"}],"replies":[{"embeddable":true,"href":"https:\/\/districtcounseling.center\/es\/wp-json\/wp\/v2\/comments?post=2432"}],"version-history":[{"count":0,"href":"https:\/\/districtcounseling.center\/es\/wp-json\/wp\/v2\/pages\/2432\/revisions"}],"up":[{"embeddable":true,"href":"https:\/\/districtcounseling.center\/es\/wp-json\/wp\/v2\/pages\/2414"}],"wp:featuredmedia":[{"embeddable":true,"href":"https:\/\/districtcounseling.center\/es\/wp-json\/wp\/v2\/media\/1704"}],"wp:attachment":[{"href":"https:\/\/districtcounseling.center\/es\/wp-json\/wp\/v2\/media?parent=2432"}],"curies":[{"name":"wp","href":"https:\/\/api.w.org\/{rel}","templated":true}]}}