{"id":2430,"date":"2022-09-09T18:27:18","date_gmt":"2022-09-09T22:27:18","guid":{"rendered":"https:\/\/dc.ryankerbs.com\/servicios\/tratamiento-emdr\/"},"modified":"2022-10-14T17:54:07","modified_gmt":"2022-10-14T21:54:07","slug":"tratamiento-emdr","status":"publish","type":"page","link":"https:\/\/districtcounseling.center\/es\/servicios\/tratamiento-emdr\/","title":{"rendered":"Tratamiento EMDR"},"content":{"rendered":"\n<h3 class=\"wp-block-heading\">\u00bfQu\u00e9 es la terapia de desensibilizaci\u00f3n y reprocesamiento por movimientos oculares (EMDR)?<\/h3>\n\n\n\n<p class=\"wp-block-paragraph\">La EMDR es un tipo de terapia que anima a la persona a centrarse en el recuerdo del trauma al tiempo que experimenta una estimulaci\u00f3n bilateral (movimientos oculares), lo que ayuda a reducir la intensidad y la emoci\u00f3n asociadas a los recuerdos del trauma. La terapia EMDR es un m\u00e9todo muy investigado y ampliamente eficaz que ha demostrado ayudar a las personas a recuperarse de diversos traumas, desencadenantes y s\u00edntomas de TEPT. Los resultados de las investigaciones demuestran que la terapia EMDR tambi\u00e9n ayuda a tratar trastornos como la ansiedad, la depresi\u00f3n, el TOC, el dolor cr\u00f3nico, las adicciones y otras experiencias vitales angustiosas.<\/p>\n\n\n\n<h3 class=\"wp-block-heading\">\u00bfQu\u00e9 hace que la terapia EMDR sea diferente de otras terapias?<\/h3>\n\n\n\n<p class=\"wp-block-paragraph\">La terapia EMDR no requiere hablar en detalle de los problemas, las preocupaciones o los s\u00edntomas a lo largo de las sesiones. La terapia EMDR no se centra en cambiar las emociones, los pensamientos o los comportamientos, sino que permite al cerebro reanudar su proceso natural de curaci\u00f3n durante un estado REM mientras est\u00e1 despierto. La terapia EMDR est\u00e1 dise\u00f1ada para resolver los recuerdos traum\u00e1ticos no procesados en el cerebro debido a que no se pudo procesar el evento traum\u00e1tico tal como estaba sucediendo en ese momento. Para muchos clientes, la terapia EMDR puede completarse en menos sesiones que otras psicoterapias. La terapia EMDR ayuda a ni\u00f1os, adolescentes y adultos de todas las edades.<\/p>\n\n\n\n<figure class=\"wp-block-image size-large is-resized\"><img decoding=\"async\" data-src=\"https:\/\/b2903835.smushcdn.com\/2903835\/wp-content\/uploads\/2022\/09\/unsplash-image-vXymirxr5ac-1024x683.jpg?lossy=2&strip=1&avif=1\" alt=\"\" class=\"wp-image-1833 lazyload\" width=\"840\" height=\"560\" data-srcset=\"https:\/\/b2903835.smushcdn.com\/2903835\/wp-content\/uploads\/2022\/09\/unsplash-image-vXymirxr5ac-1024x683.jpg?lossy=2&strip=1&avif=1 1024w, https:\/\/b2903835.smushcdn.com\/2903835\/wp-content\/uploads\/2022\/09\/unsplash-image-vXymirxr5ac-300x200.jpg?lossy=2&strip=1&avif=1 300w, https:\/\/b2903835.smushcdn.com\/2903835\/wp-content\/uploads\/2022\/09\/unsplash-image-vXymirxr5ac-768x512.jpg?lossy=2&strip=1&avif=1 768w, https:\/\/b2903835.smushcdn.com\/2903835\/wp-content\/uploads\/2022\/09\/unsplash-image-vXymirxr5ac-100x67.jpg?lossy=2&strip=1&avif=1 100w, https:\/\/b2903835.smushcdn.com\/2903835\/wp-content\/uploads\/2022\/09\/unsplash-image-vXymirxr5ac-862x575.jpg?lossy=2&strip=1&avif=1 862w, https:\/\/b2903835.smushcdn.com\/2903835\/wp-content\/uploads\/2022\/09\/unsplash-image-vXymirxr5ac-1200x800.jpg?lossy=2&strip=1&avif=1 1200w, https:\/\/b2903835.smushcdn.com\/2903835\/wp-content\/uploads\/2022\/09\/unsplash-image-vXymirxr5ac.jpg?lossy=2&strip=1&avif=1 1500w, https:\/\/b2903835.smushcdn.com\/2903835\/wp-content\/uploads\/2022\/09\/unsplash-image-vXymirxr5ac.jpg?size=445x297&lossy=2&strip=1&avif=1 445w, https:\/\/b2903835.smushcdn.com\/2903835\/wp-content\/uploads\/2022\/09\/unsplash-image-vXymirxr5ac.jpg?size=593x395&lossy=2&strip=1&avif=1 593w\" data-sizes=\"auto\" src=\"data:image\/svg+xml;base64,PHN2ZyB3aWR0aD0iMSIgaGVpZ2h0PSIxIiB4bWxucz0iaHR0cDovL3d3dy53My5vcmcvMjAwMC9zdmciPjwvc3ZnPg==\" style=\"--smush-placeholder-width: 840px; --smush-placeholder-aspect-ratio: 840\/560;\" data-original-sizes=\"(max-width: 840px) 100vw, 840px\" \/><\/figure>\n\n\n\n<h3 class=\"wp-block-heading\">\u00bfQui\u00e9n puede beneficiarse de la terapia EMDR?<\/h3>\n\n\n\n<p class=\"wp-block-paragraph\">Los terapeutas utilizan la terapia EMDR para abordar una amplia gama de problemas:<\/p>\n\n\n\n<ul class=\"wp-block-list\" id=\"yui_3_17_2_1_1662755124644_266\">\n<li>Ansiedad, ataques de p\u00e1nico y fobias<\/li>\n\n\n\n<li>Enfermedades cr\u00f3nicas y problemas m\u00e9dicos<\/li>\n\n\n\n<li>Depresi\u00f3n y trastornos bipolares<\/li>\n\n\n\n<li>Trastornos disociativos<\/li>\n\n\n\n<li>Trastornos alimentarios<\/li>\n\n\n\n<li>Dolor y p\u00e9rdida<\/li>\n\n\n\n<li>Dolor<\/li>\n\n\n\n<li>Ansiedad por el rendimiento<\/li>\n\n\n\n<li>Trastornos de la personalidad<\/li>\n\n\n\n<li>Trastorno de estr\u00e9s postraum\u00e1tico (TEPT) y otros problemas relacionados con el trauma y el estr\u00e9s<\/li>\n\n\n\n<li>Agresi\u00f3n sexual<\/li>\n\n\n\n<li>Alteraciones del sue\u00f1o<\/li>\n\n\n\n<li>Abuso de sustancias y adicci\u00f3n<\/li>\n\n\n\n<li>Violencia y abusos<\/li>\n<\/ul>\n","protected":false},"excerpt":{"rendered":"<p>\u00bfQu\u00e9 es la terapia de desensibilizaci\u00f3n y reprocesamiento por movimientos oculares (EMDR)? La EMDR es un tipo de terapia que anima a la persona a centrarse en el recuerdo del trauma al tiempo que experimenta una estimulaci\u00f3n bilateral (movimientos oculares), lo que ayuda a reducir la intensidad y la emoci\u00f3n asociadas a los recuerdos del trauma. La terapia EMDR es un m\u00e9todo muy investigado &#8230; <\/p>\n<div><a href=\"https:\/\/districtcounseling.center\/es\/servicios\/tratamiento-emdr\/\" class=\"more-link\">Read More<\/a><\/div>\n","protected":false},"author":2,"featured_media":29729,"parent":2414,"menu_order":5,"comment_status":"closed","ping_status":"closed","template":"template-blank-4.php","meta":{"_acf_changed":false,"_crdt_document":"","_themeisle_gutenberg_block_has_review":false,"footnotes":""},"class_list":["post-2430","page","type-page","status-publish","has-post-thumbnail","hentry"],"acf":[],"yoast_head":"<!-- This site is optimized with the Yoast SEO Premium plugin v26.3 (Yoast SEO v27.6) - https:\/\/yoast.com\/product\/yoast-seo-premium-wordpress\/ -->\n<title>Tratamiento EMDR &#8226; District Counseling<\/title>\n<meta name=\"robots\" content=\"index, follow, max-snippet:-1, max-image-preview:large, max-video-preview:-1\" \/>\n<link rel=\"canonical\" href=\"https:\/\/districtcounseling.center\/es\/servicios\/tratamiento-emdr\/\" \/>\n<meta property=\"og:locale\" content=\"es_ES\" \/>\n<meta property=\"og:type\" content=\"article\" \/>\n<meta property=\"og:title\" content=\"Tratamiento EMDR\" \/>\n<meta property=\"og:description\" content=\"\u00bfQu\u00e9 es la terapia de desensibilizaci\u00f3n y reprocesamiento por movimientos oculares (EMDR)? La EMDR es un tipo de terapia que anima a la persona a centrarse en el recuerdo del trauma al tiempo que experimenta una estimulaci\u00f3n bilateral (movimientos oculares), lo que ayuda a reducir la intensidad y la emoci\u00f3n asociadas a los recuerdos del trauma. La terapia EMDR es un m\u00e9todo muy investigado ... Read More\" \/>\n<meta property=\"og:url\" content=\"https:\/\/districtcounseling.center\/es\/servicios\/tratamiento-emdr\/\" \/>\n<meta property=\"og:site_name\" content=\"District Counseling\" \/>\n<meta property=\"article:publisher\" content=\"https:\/\/www.facebook.com\/districtcounseling\" \/>\n<meta property=\"article:modified_time\" content=\"2022-10-14T21:54:07+00:00\" \/>\n<meta property=\"og:image\" content=\"https:\/\/districtcounseling.center\/wp-content\/uploads\/2022\/09\/unsplash-image-t809JJ6r9KA.jpg\" \/>\n\t<meta property=\"og:image:width\" content=\"1500\" \/>\n\t<meta property=\"og:image:height\" content=\"1000\" \/>\n\t<meta property=\"og:image:type\" content=\"image\/jpeg\" \/>\n<meta name=\"twitter:card\" content=\"summary_large_image\" \/>\n<meta name=\"twitter:label1\" content=\"Tiempo de lectura\" \/>\n\t<meta name=\"twitter:data1\" content=\"2 minutos\" \/>\n<script type=\"application\/ld+json\" class=\"yoast-schema-graph\">{\"@context\":\"https:\\\/\\\/schema.org\",\"@graph\":[{\"@type\":\"WebPage\",\"@id\":\"https:\\\/\\\/districtcounseling.center\\\/es\\\/servicios\\\/tratamiento-emdr\\\/\",\"url\":\"https:\\\/\\\/districtcounseling.center\\\/es\\\/servicios\\\/tratamiento-emdr\\\/\",\"name\":\"Tratamiento EMDR &#8226; District Counseling\",\"isPartOf\":{\"@id\":\"https:\\\/\\\/districtcounseling.center\\\/es\\\/#website\"},\"primaryImageOfPage\":{\"@id\":\"https:\\\/\\\/districtcounseling.center\\\/es\\\/servicios\\\/tratamiento-emdr\\\/#primaryimage\"},\"image\":{\"@id\":\"https:\\\/\\\/districtcounseling.center\\\/es\\\/servicios\\\/tratamiento-emdr\\\/#primaryimage\"},\"thumbnailUrl\":\"https:\\\/\\\/districtcounseling.center\\\/wp-content\\\/uploads\\\/2025\\\/04\\\/live-a-life-full-of-color-2025-04-06-07-24-33-utc-scaled.jpg\",\"datePublished\":\"2022-09-09T22:27:18+00:00\",\"dateModified\":\"2022-10-14T21:54:07+00:00\",\"breadcrumb\":{\"@id\":\"https:\\\/\\\/districtcounseling.center\\\/es\\\/servicios\\\/tratamiento-emdr\\\/#breadcrumb\"},\"inLanguage\":\"es\",\"potentialAction\":[{\"@type\":\"ReadAction\",\"target\":[\"https:\\\/\\\/districtcounseling.center\\\/es\\\/servicios\\\/tratamiento-emdr\\\/\"]}]},{\"@type\":\"ImageObject\",\"inLanguage\":\"es\",\"@id\":\"https:\\\/\\\/districtcounseling.center\\\/es\\\/servicios\\\/tratamiento-emdr\\\/#primaryimage\",\"url\":\"https:\\\/\\\/districtcounseling.center\\\/wp-content\\\/uploads\\\/2025\\\/04\\\/live-a-life-full-of-color-2025-04-06-07-24-33-utc-scaled.jpg\",\"contentUrl\":\"https:\\\/\\\/districtcounseling.center\\\/wp-content\\\/uploads\\\/2025\\\/04\\\/live-a-life-full-of-color-2025-04-06-07-24-33-utc-scaled.jpg\",\"width\":2560,\"height\":1347,\"caption\":\"Live a life full of color.\"},{\"@type\":\"BreadcrumbList\",\"@id\":\"https:\\\/\\\/districtcounseling.center\\\/es\\\/servicios\\\/tratamiento-emdr\\\/#breadcrumb\",\"itemListElement\":[{\"@type\":\"ListItem\",\"position\":1,\"name\":\"Home\",\"item\":\"https:\\\/\\\/districtcounseling.center\\\/es\\\/\"},{\"@type\":\"ListItem\",\"position\":2,\"name\":\"Servicios\",\"item\":\"https:\\\/\\\/districtcounseling.center\\\/es\\\/services\\\/\"},{\"@type\":\"ListItem\",\"position\":3,\"name\":\"Tratamiento EMDR\"}]},{\"@type\":\"WebSite\",\"@id\":\"https:\\\/\\\/districtcounseling.center\\\/es\\\/#website\",\"url\":\"https:\\\/\\\/districtcounseling.center\\\/es\\\/\",\"name\":\"District Counseling\",\"description\":\"Center for Acceptance and Commitment Therapy\",\"publisher\":{\"@id\":\"https:\\\/\\\/districtcounseling.center\\\/es\\\/#organization\"},\"potentialAction\":[{\"@type\":\"SearchAction\",\"target\":{\"@type\":\"EntryPoint\",\"urlTemplate\":\"https:\\\/\\\/districtcounseling.center\\\/es\\\/?s={search_term_string}\"},\"query-input\":{\"@type\":\"PropertyValueSpecification\",\"valueRequired\":true,\"valueName\":\"search_term_string\"}}],\"inLanguage\":\"es\"},{\"@type\":\"Organization\",\"@id\":\"https:\\\/\\\/districtcounseling.center\\\/es\\\/#organization\",\"name\":\"District Counseling\",\"alternateName\":\"District Counseling\",\"url\":\"https:\\\/\\\/districtcounseling.center\\\/es\\\/\",\"logo\":{\"@type\":\"ImageObject\",\"inLanguage\":\"es\",\"@id\":\"https:\\\/\\\/districtcounseling.center\\\/es\\\/#\\\/schema\\\/logo\\\/image\\\/\",\"url\":\"https:\\\/\\\/districtcounseling.center\\\/wp-content\\\/uploads\\\/2023\\\/10\\\/NEW-DistrictCounseling_Logo.png\",\"contentUrl\":\"https:\\\/\\\/districtcounseling.center\\\/wp-content\\\/uploads\\\/2023\\\/10\\\/NEW-DistrictCounseling_Logo.png\",\"width\":1920,\"height\":709,\"caption\":\"District Counseling\"},\"image\":{\"@id\":\"https:\\\/\\\/districtcounseling.center\\\/es\\\/#\\\/schema\\\/logo\\\/image\\\/\"},\"sameAs\":[\"https:\\\/\\\/www.facebook.com\\\/districtcounseling\",\"https:\\\/\\\/www.instagram.com\\\/districtcounseling\\\/\"],\"description\":\"District Counseling offers a unique wellness experience for individuals, couples, and families by providing the most advanced counseling and psychotherapy approach. Our mission is aligning you to what matters most with sincerity, authenticity, and compassion. Offering Counseling Services in Houston, Katy, Cypress, Sugar Land, Spring Branch, Spring, Tomball, Missouri City, Pearland, and Copperfield Texas.\",\"legalName\":\"District Counseling\",\"numberOfEmployees\":{\"@type\":\"QuantitativeValue\",\"minValue\":\"11\",\"maxValue\":\"50\"}}]}<\/script>\n<!-- \/ Yoast SEO Premium plugin. -->","yoast_head_json":{"title":"Tratamiento EMDR &#8226; District Counseling","robots":{"index":"index","follow":"follow","max-snippet":"max-snippet:-1","max-image-preview":"max-image-preview:large","max-video-preview":"max-video-preview:-1"},"canonical":"https:\/\/districtcounseling.center\/es\/servicios\/tratamiento-emdr\/","og_locale":"es_ES","og_type":"article","og_title":"Tratamiento EMDR","og_description":"\u00bfQu\u00e9 es la terapia de desensibilizaci\u00f3n y reprocesamiento por movimientos oculares (EMDR)? La EMDR es un tipo de terapia que anima a la persona a centrarse en el recuerdo del trauma al tiempo que experimenta una estimulaci\u00f3n bilateral (movimientos oculares), lo que ayuda a reducir la intensidad y la emoci\u00f3n asociadas a los recuerdos del trauma. La terapia EMDR es un m\u00e9todo muy investigado ... Read More","og_url":"https:\/\/districtcounseling.center\/es\/servicios\/tratamiento-emdr\/","og_site_name":"District Counseling","article_publisher":"https:\/\/www.facebook.com\/districtcounseling","article_modified_time":"2022-10-14T21:54:07+00:00","og_image":[{"width":1500,"height":1000,"url":"https:\/\/districtcounseling.center\/wp-content\/uploads\/2022\/09\/unsplash-image-t809JJ6r9KA.jpg","type":"image\/jpeg"}],"twitter_card":"summary_large_image","twitter_misc":{"Tiempo de lectura":"2 minutos"},"schema":{"@context":"https:\/\/schema.org","@graph":[{"@type":"WebPage","@id":"https:\/\/districtcounseling.center\/es\/servicios\/tratamiento-emdr\/","url":"https:\/\/districtcounseling.center\/es\/servicios\/tratamiento-emdr\/","name":"Tratamiento EMDR &#8226; District Counseling","isPartOf":{"@id":"https:\/\/districtcounseling.center\/es\/#website"},"primaryImageOfPage":{"@id":"https:\/\/districtcounseling.center\/es\/servicios\/tratamiento-emdr\/#primaryimage"},"image":{"@id":"https:\/\/districtcounseling.center\/es\/servicios\/tratamiento-emdr\/#primaryimage"},"thumbnailUrl":"https:\/\/districtcounseling.center\/wp-content\/uploads\/2025\/04\/live-a-life-full-of-color-2025-04-06-07-24-33-utc-scaled.jpg","datePublished":"2022-09-09T22:27:18+00:00","dateModified":"2022-10-14T21:54:07+00:00","breadcrumb":{"@id":"https:\/\/districtcounseling.center\/es\/servicios\/tratamiento-emdr\/#breadcrumb"},"inLanguage":"es","potentialAction":[{"@type":"ReadAction","target":["https:\/\/districtcounseling.center\/es\/servicios\/tratamiento-emdr\/"]}]},{"@type":"ImageObject","inLanguage":"es","@id":"https:\/\/districtcounseling.center\/es\/servicios\/tratamiento-emdr\/#primaryimage","url":"https:\/\/districtcounseling.center\/wp-content\/uploads\/2025\/04\/live-a-life-full-of-color-2025-04-06-07-24-33-utc-scaled.jpg","contentUrl":"https:\/\/districtcounseling.center\/wp-content\/uploads\/2025\/04\/live-a-life-full-of-color-2025-04-06-07-24-33-utc-scaled.jpg","width":2560,"height":1347,"caption":"Live a life full of color."},{"@type":"BreadcrumbList","@id":"https:\/\/districtcounseling.center\/es\/servicios\/tratamiento-emdr\/#breadcrumb","itemListElement":[{"@type":"ListItem","position":1,"name":"Home","item":"https:\/\/districtcounseling.center\/es\/"},{"@type":"ListItem","position":2,"name":"Servicios","item":"https:\/\/districtcounseling.center\/es\/services\/"},{"@type":"ListItem","position":3,"name":"Tratamiento EMDR"}]},{"@type":"WebSite","@id":"https:\/\/districtcounseling.center\/es\/#website","url":"https:\/\/districtcounseling.center\/es\/","name":"District Counseling","description":"Center for Acceptance and Commitment Therapy","publisher":{"@id":"https:\/\/districtcounseling.center\/es\/#organization"},"potentialAction":[{"@type":"SearchAction","target":{"@type":"EntryPoint","urlTemplate":"https:\/\/districtcounseling.center\/es\/?s={search_term_string}"},"query-input":{"@type":"PropertyValueSpecification","valueRequired":true,"valueName":"search_term_string"}}],"inLanguage":"es"},{"@type":"Organization","@id":"https:\/\/districtcounseling.center\/es\/#organization","name":"District Counseling","alternateName":"District Counseling","url":"https:\/\/districtcounseling.center\/es\/","logo":{"@type":"ImageObject","inLanguage":"es","@id":"https:\/\/districtcounseling.center\/es\/#\/schema\/logo\/image\/","url":"https:\/\/districtcounseling.center\/wp-content\/uploads\/2023\/10\/NEW-DistrictCounseling_Logo.png","contentUrl":"https:\/\/districtcounseling.center\/wp-content\/uploads\/2023\/10\/NEW-DistrictCounseling_Logo.png","width":1920,"height":709,"caption":"District Counseling"},"image":{"@id":"https:\/\/districtcounseling.center\/es\/#\/schema\/logo\/image\/"},"sameAs":["https:\/\/www.facebook.com\/districtcounseling","https:\/\/www.instagram.com\/districtcounseling\/"],"description":"District Counseling offers a unique wellness experience for individuals, couples, and families by providing the most advanced counseling and psychotherapy approach. Our mission is aligning you to what matters most with sincerity, authenticity, and compassion. Offering Counseling Services in Houston, Katy, Cypress, Sugar Land, Spring Branch, Spring, Tomball, Missouri City, Pearland, and Copperfield Texas.","legalName":"District Counseling","numberOfEmployees":{"@type":"QuantitativeValue","minValue":"11","maxValue":"50"}}]}},"yoast_meta":{"yoast_wpseo_title":"","yoast_wpseo_metadesc":"","yoast_wpseo_canonical":""},"_links":{"self":[{"href":"https:\/\/districtcounseling.center\/es\/wp-json\/wp\/v2\/pages\/2430","targetHints":{"allow":["GET"]}}],"collection":[{"href":"https:\/\/districtcounseling.center\/es\/wp-json\/wp\/v2\/pages"}],"about":[{"href":"https:\/\/districtcounseling.center\/es\/wp-json\/wp\/v2\/types\/page"}],"author":[{"embeddable":true,"href":"https:\/\/districtcounseling.center\/es\/wp-json\/wp\/v2\/users\/2"}],"replies":[{"embeddable":true,"href":"https:\/\/districtcounseling.center\/es\/wp-json\/wp\/v2\/comments?post=2430"}],"version-history":[{"count":0,"href":"https:\/\/districtcounseling.center\/es\/wp-json\/wp\/v2\/pages\/2430\/revisions"}],"up":[{"embeddable":true,"href":"https:\/\/districtcounseling.center\/es\/wp-json\/wp\/v2\/pages\/2414"}],"wp:featuredmedia":[{"embeddable":true,"href":"https:\/\/districtcounseling.center\/es\/wp-json\/wp\/v2\/media\/29729"}],"wp:attachment":[{"href":"https:\/\/districtcounseling.center\/es\/wp-json\/wp\/v2\/media?parent=2430"}],"curies":[{"name":"wp","href":"https:\/\/api.w.org\/{rel}","templated":true}]}}