{"id":2427,"date":"2022-09-09T18:57:01","date_gmt":"2022-09-09T22:57:01","guid":{"rendered":"https:\/\/dc.ryankerbs.com\/servicios\/gestion-de-la-medicacion\/"},"modified":"2022-10-14T17:54:44","modified_gmt":"2022-10-14T21:54:44","slug":"gestion-de-la-medicacion","status":"publish","type":"page","link":"https:\/\/districtcounseling.center\/es\/servicios\/gestion-de-la-medicacion\/","title":{"rendered":"Gesti\u00f3n de la medicaci\u00f3n"},"content":{"rendered":"\n<blockquote class=\"wp-block-quote is-layout-flow wp-block-quote-is-layout-flow\">\n<p class=\"wp-block-paragraph\">Vive como si la vida hubiera sido creada para ti.<\/p>\n<cite>&#8211; Maya Angelou<\/cite><\/blockquote>\n\n\n\n<h5 class=\"wp-block-heading\">Conozca a su prescriptor<\/h5>\n\n\n\n<h2 class=\"wp-block-heading\">Amy Azih, PA-C, CAQ<\/h2>\n\n\n\n<div class=\"wp-block-columns is-layout-flex wp-container-core-columns-is-layout-8f761849 wp-block-columns-is-layout-flex\">\n<div class=\"wp-block-column is-layout-flow wp-block-column-is-layout-flow\">\n<p class=\"wp-block-paragraph\" id=\"yui_3_17_2_1_1662762642153_246\">La <a href=\"https:\/\/districtcounseling.center\/es\/the-impact-of-the-pandemic-on-our-mental-health-2\/\" data-type=\"post\" data-id=\"1629\">Consejer\u00eda del Distrito<\/a> se complace en tener a Amy Azih como parte de nuestro equipo. Proporciona tratamiento psiqui\u00e1trico en Houston, Cypress, Katy, y pr\u00e1cticamente en todo el estado de Texas. A lo largo de sus 7 a\u00f1os de carrera, Amy Azih, m\u00e9dico asistente de psiquiatr\u00eda, vio que, independientemente de la ubicaci\u00f3n, nuestra comunidad necesitaba una atenci\u00f3n de salud mental m\u00e1s conveniente y completa.  <\/p>\n\n\n\n<p class=\"wp-block-paragraph\">Atendiendo a una amplia gama de especialidades con un enfoque integrador de la salud mental, Amy se asegura de que sus pacientes puedan recibir una atenci\u00f3n de calidad desde la comodidad de sus propios hogares en todo el estado de Texas.<\/p>\n<\/div>\n\n\n\n<div class=\"wp-block-column is-layout-flow wp-block-column-is-layout-flow\">\n<figure class=\"wp-block-image size-large\"><img decoding=\"async\" width=\"683\" height=\"1024\" data-src=\"https:\/\/b2903835.smushcdn.com\/2903835\/wp-content\/uploads\/2022\/09\/50A9699-683x1024.jpg?lossy=2&strip=1&avif=1\" alt=\"Amy Azih, PA-C, CAQ\" class=\"wp-image-1845 lazyload\" data-srcset=\"https:\/\/b2903835.smushcdn.com\/2903835\/wp-content\/uploads\/2022\/09\/50A9699-683x1024.jpg?lossy=2&strip=1&avif=1 683w, https:\/\/b2903835.smushcdn.com\/2903835\/wp-content\/uploads\/2022\/09\/50A9699-200x300.jpg?lossy=2&strip=1&avif=1 200w, https:\/\/b2903835.smushcdn.com\/2903835\/wp-content\/uploads\/2022\/09\/50A9699-100x150.jpg?lossy=2&strip=1&avif=1 100w, https:\/\/b2903835.smushcdn.com\/2903835\/wp-content\/uploads\/2022\/09\/50A9699.jpg?lossy=2&strip=1&avif=1 750w, https:\/\/b2903835.smushcdn.com\/2903835\/wp-content\/uploads\/2022\/09\/50A9699.jpg?size=296x444&lossy=2&strip=1&avif=1 296w, https:\/\/b2903835.smushcdn.com\/2903835\/wp-content\/uploads\/2022\/09\/50A9699.jpg?size=445x667&lossy=2&strip=1&avif=1 445w, https:\/\/b2903835.smushcdn.com\/2903835\/wp-content\/uploads\/2022\/09\/50A9699.jpg?size=593x889&lossy=2&strip=1&avif=1 593w\" data-sizes=\"auto\" src=\"data:image\/svg+xml;base64,PHN2ZyB3aWR0aD0iMSIgaGVpZ2h0PSIxIiB4bWxucz0iaHR0cDovL3d3dy53My5vcmcvMjAwMC9zdmciPjwvc3ZnPg==\" style=\"--smush-placeholder-width: 683px; --smush-placeholder-aspect-ratio: 683\/1024;\" data-original-sizes=\"(max-width: 683px) 100vw, 683px\" \/><figcaption class=\"wp-element-caption\">Amy Azih, PA-C, CAQ<\/figcaption><\/figure>\n<\/div>\n<\/div>\n\n\n\n<p class=\"wp-block-paragraph\">Con una Licenciatura en Ciencias en Nutrici\u00f3n de la Universidad de Houston y una Maestr\u00eda en Estudios de Asistente M\u00e9dico de la Universidad de Touro Nevada, PA Azih planea no s\u00f3lo prescribir cuidadosamente la medicina psiqui\u00e1trica, pero el trabajo con <a href=\"https:\/\/districtcounseling.center\/es\/finding-the-right-therapist-2\/\" data-type=\"post\" data-id=\"1553\">su terapeuta<\/a><a href=\"https:\/\/districtcounseling.center\/counseling-psychotherapy-article\/2020\/5\/12\/finding-the-right-therapist\"> <\/a>para incorporar un plan de tratamiento integral.<\/p>\n\n\n\n<p class=\"wp-block-paragraph\">La investigaci\u00f3n apoya la integraci\u00f3n de los tratamientos de psicoterapia basados en la evidencia y la intervenci\u00f3n con medicamentos. Amy, junto con tu terapeuta, estar\u00e1 aqu\u00ed para apoyarte en este dif\u00edcil momento y para que vuelvas a ser t\u00fa.<\/p>\n\n\n\n<hr class=\"wp-block-separator has-alpha-channel-opacity\"\/>\n\n\n\n<h5 class=\"has-text-align-center wp-block-heading\"><strong>SUSTANCIAS CONTROLADAS:<\/strong><\/h5>\n\n\n\n<p class=\"wp-block-paragraph\"><strong>No recetamos ninguna sustancia controlada (incluyendo, pero sin limitarse a, estimulantes para el tratamiento del TDAH, hipn\u00f3ticos-sedantes para el tratamiento del insomnio o benzodiacepinas para el tratamiento de la ansiedad). En nuestra consulta s\u00f3lo utilizamos medicamentos no programados. Estaremos encantados de hablar de sustancias no controladas para sus necesidades, pero no podremos prescribir ninguna sustancia controlada.<\/strong><\/p>\n\n\n\n<hr class=\"wp-block-separator has-alpha-channel-opacity\"\/>\n\n\n\n<h3 class=\"has-text-align-center wp-block-heading\"><strong>\u00bfEst\u00e1s listo para reservar tu primera sesi\u00f3n con Amy?<\/strong><\/h3>\n\n\n\n<div class=\"wp-block-buttons is-content-justification-center is-layout-flex wp-container-core-buttons-is-layout-fe48e5de wp-block-buttons-is-layout-flex\">\n<div class=\"wp-block-button is-style-outline is-style-outline--2\"><a class=\"wp-block-button__link wp-element-button\" href=\"tel:+13468007601\"><strong>LLAME AHORA AL (346) 800-7601<\/strong><\/a><\/div>\n<\/div>\n","protected":false},"excerpt":{"rendered":"<p>Vive como si la vida hubiera sido creada para ti. &#8211; Maya Angelou Conozca a su prescriptor <a  href=\"https:\/\/districtcounseling.center\/therapy\/amy-azih-pa-c\/\">Amy Azih, PA-C<\/a>, CAQ La Consejer\u00eda del Distrito se complace en tener a Amy Azih como parte de nuestro equipo. Proporciona tratamiento psiqui\u00e1trico en Houston, <a  href=\"https:\/\/districtcounseling.center\/cypress\/\">Cypress<\/a>, Katy, y pr\u00e1cticamente en todo el estado de Texas. A lo largo de sus 7 a\u00f1os de carrera, Amy Azih, m\u00e9dico &#8230; <\/p>\n<div><a href=\"https:\/\/districtcounseling.center\/es\/servicios\/gestion-de-la-medicacion\/\" class=\"more-link\">Read More<\/a><\/div>\n","protected":false},"author":2,"featured_media":1844,"parent":2414,"menu_order":4,"comment_status":"closed","ping_status":"closed","template":"template-blank-4.php","meta":{"_acf_changed":false,"_crdt_document":"","_themeisle_gutenberg_block_has_review":false,"footnotes":""},"class_list":["post-2427","page","type-page","status-publish","has-post-thumbnail","hentry"],"acf":[],"yoast_head":"<!-- This site is optimized with the Yoast SEO Premium plugin v26.3 (Yoast SEO v27.4) - https:\/\/yoast.com\/product\/yoast-seo-premium-wordpress\/ -->\n<title>Gesti\u00f3n de la medicaci\u00f3n &#8226; District Counseling<\/title>\n<meta name=\"robots\" content=\"index, follow, max-snippet:-1, max-image-preview:large, max-video-preview:-1\" \/>\n<link rel=\"canonical\" href=\"https:\/\/districtcounseling.center\/es\/servicios\/gestion-de-la-medicacion\/\" \/>\n<meta property=\"og:locale\" content=\"es_ES\" \/>\n<meta property=\"og:type\" content=\"article\" \/>\n<meta property=\"og:title\" content=\"Gesti\u00f3n de la medicaci\u00f3n\" \/>\n<meta property=\"og:description\" content=\"Vive como si la vida hubiera sido creada para ti. &#8211; Maya Angelou Conozca a su prescriptor Amy Azih, PA-C, CAQ La Consejer\u00eda del Distrito se complace en tener a Amy Azih como parte de nuestro equipo. Proporciona tratamiento psiqui\u00e1trico en Houston, Cypress, Katy, y pr\u00e1cticamente en todo el estado de Texas. A lo largo de sus 7 a\u00f1os de carrera, Amy Azih, m\u00e9dico ... Read More\" \/>\n<meta property=\"og:url\" content=\"https:\/\/districtcounseling.center\/es\/servicios\/gestion-de-la-medicacion\/\" \/>\n<meta property=\"og:site_name\" content=\"District Counseling\" \/>\n<meta property=\"article:publisher\" content=\"https:\/\/www.facebook.com\/districtcounseling\" \/>\n<meta property=\"article:modified_time\" content=\"2022-10-14T21:54:44+00:00\" \/>\n<meta property=\"og:image\" content=\"https:\/\/districtcounseling.center\/wp-content\/uploads\/2022\/09\/pexels-polina-tankilevitch-3873209-scaled.jpg\" \/>\n\t<meta property=\"og:image:width\" content=\"2560\" \/>\n\t<meta property=\"og:image:height\" content=\"1707\" \/>\n\t<meta property=\"og:image:type\" content=\"image\/jpeg\" \/>\n<meta name=\"twitter:card\" content=\"summary_large_image\" \/>\n<meta name=\"twitter:label1\" content=\"Tiempo de lectura\" \/>\n\t<meta name=\"twitter:data1\" content=\"2 minutos\" \/>\n<script type=\"application\/ld+json\" class=\"yoast-schema-graph\">{\"@context\":\"https:\\\/\\\/schema.org\",\"@graph\":[{\"@type\":\"WebPage\",\"@id\":\"https:\\\/\\\/districtcounseling.center\\\/es\\\/servicios\\\/gestion-de-la-medicacion\\\/\",\"url\":\"https:\\\/\\\/districtcounseling.center\\\/es\\\/servicios\\\/gestion-de-la-medicacion\\\/\",\"name\":\"Gesti\u00f3n de la medicaci\u00f3n &#8226; District Counseling\",\"isPartOf\":{\"@id\":\"https:\\\/\\\/districtcounseling.center\\\/es\\\/#website\"},\"primaryImageOfPage\":{\"@id\":\"https:\\\/\\\/districtcounseling.center\\\/es\\\/servicios\\\/gestion-de-la-medicacion\\\/#primaryimage\"},\"image\":{\"@id\":\"https:\\\/\\\/districtcounseling.center\\\/es\\\/servicios\\\/gestion-de-la-medicacion\\\/#primaryimage\"},\"thumbnailUrl\":\"https:\\\/\\\/districtcounseling.center\\\/wp-content\\\/uploads\\\/2022\\\/09\\\/pexels-polina-tankilevitch-3873209-scaled.jpg\",\"datePublished\":\"2022-09-09T22:57:01+00:00\",\"dateModified\":\"2022-10-14T21:54:44+00:00\",\"breadcrumb\":{\"@id\":\"https:\\\/\\\/districtcounseling.center\\\/es\\\/servicios\\\/gestion-de-la-medicacion\\\/#breadcrumb\"},\"inLanguage\":\"es\",\"potentialAction\":[{\"@type\":\"ReadAction\",\"target\":[\"https:\\\/\\\/districtcounseling.center\\\/es\\\/servicios\\\/gestion-de-la-medicacion\\\/\"]}]},{\"@type\":\"ImageObject\",\"inLanguage\":\"es\",\"@id\":\"https:\\\/\\\/districtcounseling.center\\\/es\\\/servicios\\\/gestion-de-la-medicacion\\\/#primaryimage\",\"url\":\"https:\\\/\\\/districtcounseling.center\\\/wp-content\\\/uploads\\\/2022\\\/09\\\/pexels-polina-tankilevitch-3873209-scaled.jpg\",\"contentUrl\":\"https:\\\/\\\/districtcounseling.center\\\/wp-content\\\/uploads\\\/2022\\\/09\\\/pexels-polina-tankilevitch-3873209-scaled.jpg\",\"width\":2560,\"height\":1707},{\"@type\":\"BreadcrumbList\",\"@id\":\"https:\\\/\\\/districtcounseling.center\\\/es\\\/servicios\\\/gestion-de-la-medicacion\\\/#breadcrumb\",\"itemListElement\":[{\"@type\":\"ListItem\",\"position\":1,\"name\":\"Home\",\"item\":\"https:\\\/\\\/districtcounseling.center\\\/es\\\/\"},{\"@type\":\"ListItem\",\"position\":2,\"name\":\"Servicios\",\"item\":\"https:\\\/\\\/districtcounseling.center\\\/es\\\/services\\\/\"},{\"@type\":\"ListItem\",\"position\":3,\"name\":\"Gesti\u00f3n de la medicaci\u00f3n\"}]},{\"@type\":\"WebSite\",\"@id\":\"https:\\\/\\\/districtcounseling.center\\\/es\\\/#website\",\"url\":\"https:\\\/\\\/districtcounseling.center\\\/es\\\/\",\"name\":\"District Counseling\",\"description\":\"Center for Acceptance and Commitment Therapy\",\"publisher\":{\"@id\":\"https:\\\/\\\/districtcounseling.center\\\/es\\\/#organization\"},\"potentialAction\":[{\"@type\":\"SearchAction\",\"target\":{\"@type\":\"EntryPoint\",\"urlTemplate\":\"https:\\\/\\\/districtcounseling.center\\\/es\\\/?s={search_term_string}\"},\"query-input\":{\"@type\":\"PropertyValueSpecification\",\"valueRequired\":true,\"valueName\":\"search_term_string\"}}],\"inLanguage\":\"es\"},{\"@type\":\"Organization\",\"@id\":\"https:\\\/\\\/districtcounseling.center\\\/es\\\/#organization\",\"name\":\"District Counseling\",\"alternateName\":\"District Counseling\",\"url\":\"https:\\\/\\\/districtcounseling.center\\\/es\\\/\",\"logo\":{\"@type\":\"ImageObject\",\"inLanguage\":\"es\",\"@id\":\"https:\\\/\\\/districtcounseling.center\\\/es\\\/#\\\/schema\\\/logo\\\/image\\\/\",\"url\":\"https:\\\/\\\/districtcounseling.center\\\/wp-content\\\/uploads\\\/2023\\\/10\\\/NEW-DistrictCounseling_Logo.png\",\"contentUrl\":\"https:\\\/\\\/districtcounseling.center\\\/wp-content\\\/uploads\\\/2023\\\/10\\\/NEW-DistrictCounseling_Logo.png\",\"width\":1920,\"height\":709,\"caption\":\"District Counseling\"},\"image\":{\"@id\":\"https:\\\/\\\/districtcounseling.center\\\/es\\\/#\\\/schema\\\/logo\\\/image\\\/\"},\"sameAs\":[\"https:\\\/\\\/www.facebook.com\\\/districtcounseling\",\"https:\\\/\\\/www.instagram.com\\\/districtcounseling\\\/\"],\"description\":\"District Counseling offers a unique wellness experience for individuals, couples, and families by providing the most advanced counseling and psychotherapy approach. Our mission is aligning you to what matters most with sincerity, authenticity, and compassion. Offering Counseling Services in Houston, Katy, Cypress, Sugar Land, Spring Branch, Spring, Tomball, Missouri City, Pearland, and Copperfield Texas.\",\"legalName\":\"District Counseling\",\"numberOfEmployees\":{\"@type\":\"QuantitativeValue\",\"minValue\":\"11\",\"maxValue\":\"50\"}}]}<\/script>\n<!-- \/ Yoast SEO Premium plugin. -->","yoast_head_json":{"title":"Gesti\u00f3n de la medicaci\u00f3n &#8226; District Counseling","robots":{"index":"index","follow":"follow","max-snippet":"max-snippet:-1","max-image-preview":"max-image-preview:large","max-video-preview":"max-video-preview:-1"},"canonical":"https:\/\/districtcounseling.center\/es\/servicios\/gestion-de-la-medicacion\/","og_locale":"es_ES","og_type":"article","og_title":"Gesti\u00f3n de la medicaci\u00f3n","og_description":"Vive como si la vida hubiera sido creada para ti. &#8211; Maya Angelou Conozca a su prescriptor Amy Azih, PA-C, CAQ La Consejer\u00eda del Distrito se complace en tener a Amy Azih como parte de nuestro equipo. Proporciona tratamiento psiqui\u00e1trico en Houston, Cypress, Katy, y pr\u00e1cticamente en todo el estado de Texas. A lo largo de sus 7 a\u00f1os de carrera, Amy Azih, m\u00e9dico ... Read More","og_url":"https:\/\/districtcounseling.center\/es\/servicios\/gestion-de-la-medicacion\/","og_site_name":"District Counseling","article_publisher":"https:\/\/www.facebook.com\/districtcounseling","article_modified_time":"2022-10-14T21:54:44+00:00","og_image":[{"width":2560,"height":1707,"url":"https:\/\/districtcounseling.center\/wp-content\/uploads\/2022\/09\/pexels-polina-tankilevitch-3873209-scaled.jpg","type":"image\/jpeg"}],"twitter_card":"summary_large_image","twitter_misc":{"Tiempo de lectura":"2 minutos"},"schema":{"@context":"https:\/\/schema.org","@graph":[{"@type":"WebPage","@id":"https:\/\/districtcounseling.center\/es\/servicios\/gestion-de-la-medicacion\/","url":"https:\/\/districtcounseling.center\/es\/servicios\/gestion-de-la-medicacion\/","name":"Gesti\u00f3n de la medicaci\u00f3n &#8226; District Counseling","isPartOf":{"@id":"https:\/\/districtcounseling.center\/es\/#website"},"primaryImageOfPage":{"@id":"https:\/\/districtcounseling.center\/es\/servicios\/gestion-de-la-medicacion\/#primaryimage"},"image":{"@id":"https:\/\/districtcounseling.center\/es\/servicios\/gestion-de-la-medicacion\/#primaryimage"},"thumbnailUrl":"https:\/\/districtcounseling.center\/wp-content\/uploads\/2022\/09\/pexels-polina-tankilevitch-3873209-scaled.jpg","datePublished":"2022-09-09T22:57:01+00:00","dateModified":"2022-10-14T21:54:44+00:00","breadcrumb":{"@id":"https:\/\/districtcounseling.center\/es\/servicios\/gestion-de-la-medicacion\/#breadcrumb"},"inLanguage":"es","potentialAction":[{"@type":"ReadAction","target":["https:\/\/districtcounseling.center\/es\/servicios\/gestion-de-la-medicacion\/"]}]},{"@type":"ImageObject","inLanguage":"es","@id":"https:\/\/districtcounseling.center\/es\/servicios\/gestion-de-la-medicacion\/#primaryimage","url":"https:\/\/districtcounseling.center\/wp-content\/uploads\/2022\/09\/pexels-polina-tankilevitch-3873209-scaled.jpg","contentUrl":"https:\/\/districtcounseling.center\/wp-content\/uploads\/2022\/09\/pexels-polina-tankilevitch-3873209-scaled.jpg","width":2560,"height":1707},{"@type":"BreadcrumbList","@id":"https:\/\/districtcounseling.center\/es\/servicios\/gestion-de-la-medicacion\/#breadcrumb","itemListElement":[{"@type":"ListItem","position":1,"name":"Home","item":"https:\/\/districtcounseling.center\/es\/"},{"@type":"ListItem","position":2,"name":"Servicios","item":"https:\/\/districtcounseling.center\/es\/services\/"},{"@type":"ListItem","position":3,"name":"Gesti\u00f3n de la medicaci\u00f3n"}]},{"@type":"WebSite","@id":"https:\/\/districtcounseling.center\/es\/#website","url":"https:\/\/districtcounseling.center\/es\/","name":"District Counseling","description":"Center for Acceptance and Commitment Therapy","publisher":{"@id":"https:\/\/districtcounseling.center\/es\/#organization"},"potentialAction":[{"@type":"SearchAction","target":{"@type":"EntryPoint","urlTemplate":"https:\/\/districtcounseling.center\/es\/?s={search_term_string}"},"query-input":{"@type":"PropertyValueSpecification","valueRequired":true,"valueName":"search_term_string"}}],"inLanguage":"es"},{"@type":"Organization","@id":"https:\/\/districtcounseling.center\/es\/#organization","name":"District Counseling","alternateName":"District Counseling","url":"https:\/\/districtcounseling.center\/es\/","logo":{"@type":"ImageObject","inLanguage":"es","@id":"https:\/\/districtcounseling.center\/es\/#\/schema\/logo\/image\/","url":"https:\/\/districtcounseling.center\/wp-content\/uploads\/2023\/10\/NEW-DistrictCounseling_Logo.png","contentUrl":"https:\/\/districtcounseling.center\/wp-content\/uploads\/2023\/10\/NEW-DistrictCounseling_Logo.png","width":1920,"height":709,"caption":"District Counseling"},"image":{"@id":"https:\/\/districtcounseling.center\/es\/#\/schema\/logo\/image\/"},"sameAs":["https:\/\/www.facebook.com\/districtcounseling","https:\/\/www.instagram.com\/districtcounseling\/"],"description":"District Counseling offers a unique wellness experience for individuals, couples, and families by providing the most advanced counseling and psychotherapy approach. Our mission is aligning you to what matters most with sincerity, authenticity, and compassion. Offering Counseling Services in Houston, Katy, Cypress, Sugar Land, Spring Branch, Spring, Tomball, Missouri City, Pearland, and Copperfield Texas.","legalName":"District Counseling","numberOfEmployees":{"@type":"QuantitativeValue","minValue":"11","maxValue":"50"}}]}},"yoast_meta":{"yoast_wpseo_title":"","yoast_wpseo_metadesc":"","yoast_wpseo_canonical":""},"_links":{"self":[{"href":"https:\/\/districtcounseling.center\/es\/wp-json\/wp\/v2\/pages\/2427","targetHints":{"allow":["GET"]}}],"collection":[{"href":"https:\/\/districtcounseling.center\/es\/wp-json\/wp\/v2\/pages"}],"about":[{"href":"https:\/\/districtcounseling.center\/es\/wp-json\/wp\/v2\/types\/page"}],"author":[{"embeddable":true,"href":"https:\/\/districtcounseling.center\/es\/wp-json\/wp\/v2\/users\/2"}],"replies":[{"embeddable":true,"href":"https:\/\/districtcounseling.center\/es\/wp-json\/wp\/v2\/comments?post=2427"}],"version-history":[{"count":0,"href":"https:\/\/districtcounseling.center\/es\/wp-json\/wp\/v2\/pages\/2427\/revisions"}],"up":[{"embeddable":true,"href":"https:\/\/districtcounseling.center\/es\/wp-json\/wp\/v2\/pages\/2414"}],"wp:featuredmedia":[{"embeddable":true,"href":"https:\/\/districtcounseling.center\/es\/wp-json\/wp\/v2\/media\/1844"}],"wp:attachment":[{"href":"https:\/\/districtcounseling.center\/es\/wp-json\/wp\/v2\/media?parent=2427"}],"curies":[{"name":"wp","href":"https:\/\/api.w.org\/{rel}","templated":true}]}}