{"id":2425,"date":"2022-09-09T19:09:31","date_gmt":"2022-09-09T23:09:31","guid":{"rendered":"https:\/\/dc.ryankerbs.com\/servicios\/servicios-de-asesoramiento-para-ninos-terapia-de-juego\/"},"modified":"2022-10-14T17:58:29","modified_gmt":"2022-10-14T21:58:29","slug":"servicios-de-asesoramiento-para-ninos-terapia-de-juego","status":"publish","type":"page","link":"https:\/\/districtcounseling.center\/es\/servicios\/servicios-de-asesoramiento-para-ninos-terapia-de-juego\/","title":{"rendered":"Servicios de asesoramiento para ni\u00f1os Terapia de juego"},"content":{"rendered":"\n<blockquote class=\"wp-block-quote is-layout-flow wp-block-quote-is-layout-flow\">\n<p class=\"wp-block-paragraph\">Los p\u00e1jaros vuelan, los peces nadan y los ni\u00f1os juegan.<\/p>\n<cite>&#8211; Gary Landreth<\/cite><\/blockquote>\n\n\n\n<h2 class=\"wp-block-heading\">\u00ab\u00bfC\u00f3mo puede ayudar la ludoterapia a mi hijo?\u00bb<\/h2>\n\n\n\n<div class=\"wp-block-columns is-layout-flex wp-container-core-columns-is-layout-8f761849 wp-block-columns-is-layout-flex\">\n<div class=\"wp-block-column is-layout-flow wp-block-column-is-layout-flow\">\n<p class=\"wp-block-paragraph\">El juego es un lenguaje natural para los ni\u00f1os y los juguetes son sus palabras. Los adultos se sienten c\u00f3modos con la terapia de conversaci\u00f3n en las sesiones; sin embargo, a los ni\u00f1os puede resultarles dif\u00edcil expresar sus pensamientos y sentimientos con palabras. La terapia de juego ofrece una oportunidad para que los ni\u00f1os trabajen sus dificultades en una situaci\u00f3n permisiva. La terapia de juego es especialmente apropiada para ni\u00f1os de 3 a 12 a\u00f1os.<\/p>\n<\/div>\n\n\n\n<div class=\"wp-block-column is-layout-flow wp-block-column-is-layout-flow\">\n<figure class=\"wp-block-image size-full\"><img decoding=\"async\" width=\"750\" height=\"500\" data-src=\"https:\/\/b2903835.smushcdn.com\/2903835\/wp-content\/uploads\/2022\/09\/image-asset-4.jpeg?lossy=2&strip=1&avif=1\" alt=\"\" class=\"wp-image-1854 lazyload\" data-srcset=\"https:\/\/b2903835.smushcdn.com\/2903835\/wp-content\/uploads\/2022\/09\/image-asset-4.jpeg?lossy=2&strip=1&avif=1 750w, https:\/\/b2903835.smushcdn.com\/2903835\/wp-content\/uploads\/2022\/09\/image-asset-4-300x200.jpeg?lossy=2&strip=1&avif=1 300w, https:\/\/b2903835.smushcdn.com\/2903835\/wp-content\/uploads\/2022\/09\/image-asset-4-100x67.jpeg?lossy=2&strip=1&avif=1 100w, https:\/\/b2903835.smushcdn.com\/2903835\/wp-content\/uploads\/2022\/09\/image-asset-4.jpeg?size=445x297&lossy=2&strip=1&avif=1 445w, https:\/\/b2903835.smushcdn.com\/2903835\/wp-content\/uploads\/2022\/09\/image-asset-4.jpeg?size=593x395&lossy=2&strip=1&avif=1 593w\" data-sizes=\"auto\" src=\"data:image\/svg+xml;base64,PHN2ZyB3aWR0aD0iMSIgaGVpZ2h0PSIxIiB4bWxucz0iaHR0cDovL3d3dy53My5vcmcvMjAwMC9zdmciPjwvc3ZnPg==\" style=\"--smush-placeholder-width: 750px; --smush-placeholder-aspect-ratio: 750\/500;\" data-original-sizes=\"(max-width: 750px) 100vw, 750px\" \/><\/figure>\n<\/div>\n<\/div>\n\n\n\n<p class=\"wp-block-paragraph\">En la sala de juegos, el ni\u00f1o tiene la libertad de elegir con qu\u00e9 juguetes quiere jugar. El terapeuta puede unirse al juego cuando el ni\u00f1o lo invite. Es una gran manera de que el terapeuta entre y comprenda el mundo interior del ni\u00f1o para desarrollar una relaci\u00f3n de confianza con \u00e9l. Adem\u00e1s, el ni\u00f1o puede representar sus sentimientos, pensamientos y experiencias a trav\u00e9s del juego.<\/p>\n\n\n\n<div class=\"wp-block-columns is-layout-flex wp-container-core-columns-is-layout-8f761849 wp-block-columns-is-layout-flex\">\n<div class=\"wp-block-column is-layout-flow wp-block-column-is-layout-flow\">\n<p class=\"wp-block-paragraph\">Los ni\u00f1os se benefician de la terapia de juego de muchas maneras. La investigaci\u00f3n ha descubierto que la terapia de juego es un enfoque terap\u00e9utico eficaz para diferentes problemas:<\/p>\n\n\n\n<ul class=\"wp-block-list\">\n<li>Ansiedad<\/li>\n\n\n\n<li>Depresi\u00f3n<\/li>\n\n\n\n<li>Agresi\u00f3n<\/li>\n\n\n\n<li>TDAH<\/li>\n\n\n\n<li>Trauma<\/li>\n\n\n\n<li>Dolor y p\u00e9rdida<\/li>\n\n\n\n<li>Baja autoestima<\/li>\n\n\n\n<li>Reubicaci\u00f3n<\/li>\n\n\n\n<li>Acoso escolar<\/li>\n\n\n\n<li>Violencia dom\u00e9stica<\/li>\n\n\n\n<li>Agresi\u00f3n sexual<\/li>\n\n\n\n<li>Divorcio de los padres<\/li>\n<\/ul>\n<\/div>\n\n\n\n<div class=\"wp-block-column is-layout-flow wp-block-column-is-layout-flow\">\n<p class=\"wp-block-paragraph\">Los ni\u00f1os pueden aprender varias cosas en la terapia de juego:<\/p>\n\n\n\n<ul class=\"wp-block-list\">\n<li>autocontrol y libertad de expresi\u00f3n responsable<\/li>\n\n\n\n<li>sus sentimientos son aceptables<\/li>\n\n\n\n<li>ser creativo e ingenioso a la hora de afrontar los problemas<\/li>\n\n\n\n<li>elegir y ser responsable de sus elecciones<\/li>\n\n\n\n<li>para aceptarse a s\u00ed mismos y a la verdadera experiencia.<\/li>\n<\/ul>\n\n\n\n<figure class=\"wp-block-image size-full\"><img decoding=\"async\" width=\"750\" height=\"500\" data-src=\"https:\/\/b2903835.smushcdn.com\/2903835\/wp-content\/uploads\/2022\/09\/image-asset-5.jpeg?lossy=2&strip=1&avif=1\" alt=\"\" class=\"wp-image-1856 lazyload\" data-srcset=\"https:\/\/b2903835.smushcdn.com\/2903835\/wp-content\/uploads\/2022\/09\/image-asset-5.jpeg?lossy=2&strip=1&avif=1 750w, https:\/\/b2903835.smushcdn.com\/2903835\/wp-content\/uploads\/2022\/09\/image-asset-5-300x200.jpeg?lossy=2&strip=1&avif=1 300w, https:\/\/b2903835.smushcdn.com\/2903835\/wp-content\/uploads\/2022\/09\/image-asset-5-100x67.jpeg?lossy=2&strip=1&avif=1 100w, https:\/\/b2903835.smushcdn.com\/2903835\/wp-content\/uploads\/2022\/09\/image-asset-5.jpeg?size=445x297&lossy=2&strip=1&avif=1 445w, https:\/\/b2903835.smushcdn.com\/2903835\/wp-content\/uploads\/2022\/09\/image-asset-5.jpeg?size=593x395&lossy=2&strip=1&avif=1 593w\" data-sizes=\"auto\" src=\"data:image\/svg+xml;base64,PHN2ZyB3aWR0aD0iMSIgaGVpZ2h0PSIxIiB4bWxucz0iaHR0cDovL3d3dy53My5vcmcvMjAwMC9zdmciPjwvc3ZnPg==\" style=\"--smush-placeholder-width: 750px; --smush-placeholder-aspect-ratio: 750\/500;\" data-original-sizes=\"(max-width: 750px) 100vw, 750px\" \/><\/figure>\n<\/div>\n<\/div>\n","protected":false},"excerpt":{"rendered":"<p>Los p\u00e1jaros vuelan, los peces nadan y los ni\u00f1os juegan. &#8211; Gary Landreth \u00ab\u00bfC\u00f3mo puede ayudar la ludoterapia a mi hijo?\u00bb El juego es un lenguaje natural para los ni\u00f1os y los juguetes son sus palabras. Los adultos se sienten c\u00f3modos con la terapia de conversaci\u00f3n en las sesiones; sin embargo, a los ni\u00f1os puede resultarles dif\u00edcil expresar sus pensamientos y sentimientos con palabras. &#8230; <\/p>\n<div><a href=\"https:\/\/districtcounseling.center\/es\/servicios\/servicios-de-asesoramiento-para-ninos-terapia-de-juego\/\" class=\"more-link\">Read More<\/a><\/div>\n","protected":false},"author":2,"featured_media":18389,"parent":2414,"menu_order":8,"comment_status":"closed","ping_status":"closed","template":"template-blank-4.php","meta":{"_acf_changed":false,"_crdt_document":"","_themeisle_gutenberg_block_has_review":false,"footnotes":""},"class_list":["post-2425","page","type-page","status-publish","has-post-thumbnail","hentry"],"acf":[],"yoast_head":"<!-- This site is optimized with the Yoast SEO Premium plugin v26.3 (Yoast SEO v27.4) - https:\/\/yoast.com\/product\/yoast-seo-premium-wordpress\/ -->\n<title>Servicios de asesoramiento para ni\u00f1os Terapia de juego &#8226; District Counseling<\/title>\n<meta name=\"robots\" content=\"index, follow, max-snippet:-1, max-image-preview:large, max-video-preview:-1\" \/>\n<link rel=\"canonical\" href=\"https:\/\/districtcounseling.center\/es\/servicios\/servicios-de-asesoramiento-para-ninos-terapia-de-juego\/\" \/>\n<meta property=\"og:locale\" content=\"es_ES\" \/>\n<meta property=\"og:type\" content=\"article\" \/>\n<meta property=\"og:title\" content=\"Servicios de asesoramiento para ni\u00f1os Terapia de juego\" \/>\n<meta property=\"og:description\" content=\"Los p\u00e1jaros vuelan, los peces nadan y los ni\u00f1os juegan. &#8211; Gary Landreth \u00ab\u00bfC\u00f3mo puede ayudar la ludoterapia a mi hijo?\u00bb El juego es un lenguaje natural para los ni\u00f1os y los juguetes son sus palabras. Los adultos se sienten c\u00f3modos con la terapia de conversaci\u00f3n en las sesiones; sin embargo, a los ni\u00f1os puede resultarles dif\u00edcil expresar sus pensamientos y sentimientos con palabras. ... Read More\" \/>\n<meta property=\"og:url\" content=\"https:\/\/districtcounseling.center\/es\/servicios\/servicios-de-asesoramiento-para-ninos-terapia-de-juego\/\" \/>\n<meta property=\"og:site_name\" content=\"District Counseling\" \/>\n<meta property=\"article:publisher\" content=\"https:\/\/www.facebook.com\/districtcounseling\" \/>\n<meta property=\"article:modified_time\" content=\"2022-10-14T21:58:29+00:00\" \/>\n<meta property=\"og:image\" content=\"https:\/\/districtcounseling.center\/wp-content\/uploads\/2022\/09\/image-asset-3.jpeg\" \/>\n\t<meta property=\"og:image:width\" content=\"2500\" \/>\n\t<meta property=\"og:image:height\" content=\"1668\" \/>\n\t<meta property=\"og:image:type\" content=\"image\/jpeg\" \/>\n<meta name=\"twitter:card\" content=\"summary_large_image\" \/>\n<meta name=\"twitter:label1\" content=\"Tiempo de lectura\" \/>\n\t<meta name=\"twitter:data1\" content=\"1 minuto\" \/>\n<script type=\"application\/ld+json\" class=\"yoast-schema-graph\">{\"@context\":\"https:\\\/\\\/schema.org\",\"@graph\":[{\"@type\":\"WebPage\",\"@id\":\"https:\\\/\\\/districtcounseling.center\\\/es\\\/servicios\\\/servicios-de-asesoramiento-para-ninos-terapia-de-juego\\\/\",\"url\":\"https:\\\/\\\/districtcounseling.center\\\/es\\\/servicios\\\/servicios-de-asesoramiento-para-ninos-terapia-de-juego\\\/\",\"name\":\"Servicios de asesoramiento para ni\u00f1os Terapia de juego &#8226; District Counseling\",\"isPartOf\":{\"@id\":\"https:\\\/\\\/districtcounseling.center\\\/es\\\/#website\"},\"primaryImageOfPage\":{\"@id\":\"https:\\\/\\\/districtcounseling.center\\\/es\\\/servicios\\\/servicios-de-asesoramiento-para-ninos-terapia-de-juego\\\/#primaryimage\"},\"image\":{\"@id\":\"https:\\\/\\\/districtcounseling.center\\\/es\\\/servicios\\\/servicios-de-asesoramiento-para-ninos-terapia-de-juego\\\/#primaryimage\"},\"thumbnailUrl\":\"https:\\\/\\\/districtcounseling.center\\\/wp-content\\\/uploads\\\/2024\\\/03\\\/getty-images-KBKUB2P412Q-unsplash-scaled.jpg\",\"datePublished\":\"2022-09-09T23:09:31+00:00\",\"dateModified\":\"2022-10-14T21:58:29+00:00\",\"breadcrumb\":{\"@id\":\"https:\\\/\\\/districtcounseling.center\\\/es\\\/servicios\\\/servicios-de-asesoramiento-para-ninos-terapia-de-juego\\\/#breadcrumb\"},\"inLanguage\":\"es\",\"potentialAction\":[{\"@type\":\"ReadAction\",\"target\":[\"https:\\\/\\\/districtcounseling.center\\\/es\\\/servicios\\\/servicios-de-asesoramiento-para-ninos-terapia-de-juego\\\/\"]}]},{\"@type\":\"ImageObject\",\"inLanguage\":\"es\",\"@id\":\"https:\\\/\\\/districtcounseling.center\\\/es\\\/servicios\\\/servicios-de-asesoramiento-para-ninos-terapia-de-juego\\\/#primaryimage\",\"url\":\"https:\\\/\\\/districtcounseling.center\\\/wp-content\\\/uploads\\\/2024\\\/03\\\/getty-images-KBKUB2P412Q-unsplash-scaled.jpg\",\"contentUrl\":\"https:\\\/\\\/districtcounseling.center\\\/wp-content\\\/uploads\\\/2024\\\/03\\\/getty-images-KBKUB2P412Q-unsplash-scaled.jpg\",\"width\":2560,\"height\":1707},{\"@type\":\"BreadcrumbList\",\"@id\":\"https:\\\/\\\/districtcounseling.center\\\/es\\\/servicios\\\/servicios-de-asesoramiento-para-ninos-terapia-de-juego\\\/#breadcrumb\",\"itemListElement\":[{\"@type\":\"ListItem\",\"position\":1,\"name\":\"Home\",\"item\":\"https:\\\/\\\/districtcounseling.center\\\/es\\\/\"},{\"@type\":\"ListItem\",\"position\":2,\"name\":\"Servicios\",\"item\":\"https:\\\/\\\/districtcounseling.center\\\/es\\\/services\\\/\"},{\"@type\":\"ListItem\",\"position\":3,\"name\":\"Servicios de asesoramiento para ni\u00f1os Terapia de juego\"}]},{\"@type\":\"WebSite\",\"@id\":\"https:\\\/\\\/districtcounseling.center\\\/es\\\/#website\",\"url\":\"https:\\\/\\\/districtcounseling.center\\\/es\\\/\",\"name\":\"District Counseling\",\"description\":\"Center for Acceptance and Commitment Therapy\",\"publisher\":{\"@id\":\"https:\\\/\\\/districtcounseling.center\\\/es\\\/#organization\"},\"potentialAction\":[{\"@type\":\"SearchAction\",\"target\":{\"@type\":\"EntryPoint\",\"urlTemplate\":\"https:\\\/\\\/districtcounseling.center\\\/es\\\/?s={search_term_string}\"},\"query-input\":{\"@type\":\"PropertyValueSpecification\",\"valueRequired\":true,\"valueName\":\"search_term_string\"}}],\"inLanguage\":\"es\"},{\"@type\":\"Organization\",\"@id\":\"https:\\\/\\\/districtcounseling.center\\\/es\\\/#organization\",\"name\":\"District Counseling\",\"alternateName\":\"District Counseling\",\"url\":\"https:\\\/\\\/districtcounseling.center\\\/es\\\/\",\"logo\":{\"@type\":\"ImageObject\",\"inLanguage\":\"es\",\"@id\":\"https:\\\/\\\/districtcounseling.center\\\/es\\\/#\\\/schema\\\/logo\\\/image\\\/\",\"url\":\"https:\\\/\\\/districtcounseling.center\\\/wp-content\\\/uploads\\\/2023\\\/10\\\/NEW-DistrictCounseling_Logo.png\",\"contentUrl\":\"https:\\\/\\\/districtcounseling.center\\\/wp-content\\\/uploads\\\/2023\\\/10\\\/NEW-DistrictCounseling_Logo.png\",\"width\":1920,\"height\":709,\"caption\":\"District Counseling\"},\"image\":{\"@id\":\"https:\\\/\\\/districtcounseling.center\\\/es\\\/#\\\/schema\\\/logo\\\/image\\\/\"},\"sameAs\":[\"https:\\\/\\\/www.facebook.com\\\/districtcounseling\",\"https:\\\/\\\/www.instagram.com\\\/districtcounseling\\\/\"],\"description\":\"District Counseling offers a unique wellness experience for individuals, couples, and families by providing the most advanced counseling and psychotherapy approach. Our mission is aligning you to what matters most with sincerity, authenticity, and compassion. Offering Counseling Services in Houston, Katy, Cypress, Sugar Land, Spring Branch, Spring, Tomball, Missouri City, Pearland, and Copperfield Texas.\",\"legalName\":\"District Counseling\",\"numberOfEmployees\":{\"@type\":\"QuantitativeValue\",\"minValue\":\"11\",\"maxValue\":\"50\"}}]}<\/script>\n<!-- \/ Yoast SEO Premium plugin. -->","yoast_head_json":{"title":"Servicios de asesoramiento para ni\u00f1os Terapia de juego &#8226; District Counseling","robots":{"index":"index","follow":"follow","max-snippet":"max-snippet:-1","max-image-preview":"max-image-preview:large","max-video-preview":"max-video-preview:-1"},"canonical":"https:\/\/districtcounseling.center\/es\/servicios\/servicios-de-asesoramiento-para-ninos-terapia-de-juego\/","og_locale":"es_ES","og_type":"article","og_title":"Servicios de asesoramiento para ni\u00f1os Terapia de juego","og_description":"Los p\u00e1jaros vuelan, los peces nadan y los ni\u00f1os juegan. &#8211; Gary Landreth \u00ab\u00bfC\u00f3mo puede ayudar la ludoterapia a mi hijo?\u00bb El juego es un lenguaje natural para los ni\u00f1os y los juguetes son sus palabras. Los adultos se sienten c\u00f3modos con la terapia de conversaci\u00f3n en las sesiones; sin embargo, a los ni\u00f1os puede resultarles dif\u00edcil expresar sus pensamientos y sentimientos con palabras. ... Read More","og_url":"https:\/\/districtcounseling.center\/es\/servicios\/servicios-de-asesoramiento-para-ninos-terapia-de-juego\/","og_site_name":"District Counseling","article_publisher":"https:\/\/www.facebook.com\/districtcounseling","article_modified_time":"2022-10-14T21:58:29+00:00","og_image":[{"width":2500,"height":1668,"url":"https:\/\/districtcounseling.center\/wp-content\/uploads\/2022\/09\/image-asset-3.jpeg","type":"image\/jpeg"}],"twitter_card":"summary_large_image","twitter_misc":{"Tiempo de lectura":"1 minuto"},"schema":{"@context":"https:\/\/schema.org","@graph":[{"@type":"WebPage","@id":"https:\/\/districtcounseling.center\/es\/servicios\/servicios-de-asesoramiento-para-ninos-terapia-de-juego\/","url":"https:\/\/districtcounseling.center\/es\/servicios\/servicios-de-asesoramiento-para-ninos-terapia-de-juego\/","name":"Servicios de asesoramiento para ni\u00f1os Terapia de juego &#8226; District Counseling","isPartOf":{"@id":"https:\/\/districtcounseling.center\/es\/#website"},"primaryImageOfPage":{"@id":"https:\/\/districtcounseling.center\/es\/servicios\/servicios-de-asesoramiento-para-ninos-terapia-de-juego\/#primaryimage"},"image":{"@id":"https:\/\/districtcounseling.center\/es\/servicios\/servicios-de-asesoramiento-para-ninos-terapia-de-juego\/#primaryimage"},"thumbnailUrl":"https:\/\/districtcounseling.center\/wp-content\/uploads\/2024\/03\/getty-images-KBKUB2P412Q-unsplash-scaled.jpg","datePublished":"2022-09-09T23:09:31+00:00","dateModified":"2022-10-14T21:58:29+00:00","breadcrumb":{"@id":"https:\/\/districtcounseling.center\/es\/servicios\/servicios-de-asesoramiento-para-ninos-terapia-de-juego\/#breadcrumb"},"inLanguage":"es","potentialAction":[{"@type":"ReadAction","target":["https:\/\/districtcounseling.center\/es\/servicios\/servicios-de-asesoramiento-para-ninos-terapia-de-juego\/"]}]},{"@type":"ImageObject","inLanguage":"es","@id":"https:\/\/districtcounseling.center\/es\/servicios\/servicios-de-asesoramiento-para-ninos-terapia-de-juego\/#primaryimage","url":"https:\/\/districtcounseling.center\/wp-content\/uploads\/2024\/03\/getty-images-KBKUB2P412Q-unsplash-scaled.jpg","contentUrl":"https:\/\/districtcounseling.center\/wp-content\/uploads\/2024\/03\/getty-images-KBKUB2P412Q-unsplash-scaled.jpg","width":2560,"height":1707},{"@type":"BreadcrumbList","@id":"https:\/\/districtcounseling.center\/es\/servicios\/servicios-de-asesoramiento-para-ninos-terapia-de-juego\/#breadcrumb","itemListElement":[{"@type":"ListItem","position":1,"name":"Home","item":"https:\/\/districtcounseling.center\/es\/"},{"@type":"ListItem","position":2,"name":"Servicios","item":"https:\/\/districtcounseling.center\/es\/services\/"},{"@type":"ListItem","position":3,"name":"Servicios de asesoramiento para ni\u00f1os Terapia de juego"}]},{"@type":"WebSite","@id":"https:\/\/districtcounseling.center\/es\/#website","url":"https:\/\/districtcounseling.center\/es\/","name":"District Counseling","description":"Center for Acceptance and Commitment Therapy","publisher":{"@id":"https:\/\/districtcounseling.center\/es\/#organization"},"potentialAction":[{"@type":"SearchAction","target":{"@type":"EntryPoint","urlTemplate":"https:\/\/districtcounseling.center\/es\/?s={search_term_string}"},"query-input":{"@type":"PropertyValueSpecification","valueRequired":true,"valueName":"search_term_string"}}],"inLanguage":"es"},{"@type":"Organization","@id":"https:\/\/districtcounseling.center\/es\/#organization","name":"District Counseling","alternateName":"District Counseling","url":"https:\/\/districtcounseling.center\/es\/","logo":{"@type":"ImageObject","inLanguage":"es","@id":"https:\/\/districtcounseling.center\/es\/#\/schema\/logo\/image\/","url":"https:\/\/districtcounseling.center\/wp-content\/uploads\/2023\/10\/NEW-DistrictCounseling_Logo.png","contentUrl":"https:\/\/districtcounseling.center\/wp-content\/uploads\/2023\/10\/NEW-DistrictCounseling_Logo.png","width":1920,"height":709,"caption":"District Counseling"},"image":{"@id":"https:\/\/districtcounseling.center\/es\/#\/schema\/logo\/image\/"},"sameAs":["https:\/\/www.facebook.com\/districtcounseling","https:\/\/www.instagram.com\/districtcounseling\/"],"description":"District Counseling offers a unique wellness experience for individuals, couples, and families by providing the most advanced counseling and psychotherapy approach. Our mission is aligning you to what matters most with sincerity, authenticity, and compassion. Offering Counseling Services in Houston, Katy, Cypress, Sugar Land, Spring Branch, Spring, Tomball, Missouri City, Pearland, and Copperfield Texas.","legalName":"District Counseling","numberOfEmployees":{"@type":"QuantitativeValue","minValue":"11","maxValue":"50"}}]}},"yoast_meta":{"yoast_wpseo_title":"","yoast_wpseo_metadesc":"","yoast_wpseo_canonical":""},"_links":{"self":[{"href":"https:\/\/districtcounseling.center\/es\/wp-json\/wp\/v2\/pages\/2425","targetHints":{"allow":["GET"]}}],"collection":[{"href":"https:\/\/districtcounseling.center\/es\/wp-json\/wp\/v2\/pages"}],"about":[{"href":"https:\/\/districtcounseling.center\/es\/wp-json\/wp\/v2\/types\/page"}],"author":[{"embeddable":true,"href":"https:\/\/districtcounseling.center\/es\/wp-json\/wp\/v2\/users\/2"}],"replies":[{"embeddable":true,"href":"https:\/\/districtcounseling.center\/es\/wp-json\/wp\/v2\/comments?post=2425"}],"version-history":[{"count":0,"href":"https:\/\/districtcounseling.center\/es\/wp-json\/wp\/v2\/pages\/2425\/revisions"}],"up":[{"embeddable":true,"href":"https:\/\/districtcounseling.center\/es\/wp-json\/wp\/v2\/pages\/2414"}],"wp:featuredmedia":[{"embeddable":true,"href":"https:\/\/districtcounseling.center\/es\/wp-json\/wp\/v2\/media\/18389"}],"wp:attachment":[{"href":"https:\/\/districtcounseling.center\/es\/wp-json\/wp\/v2\/media?parent=2425"}],"curies":[{"name":"wp","href":"https:\/\/api.w.org\/{rel}","templated":true}]}}