{"id":2417,"date":"2022-09-27T16:55:57","date_gmt":"2022-09-27T20:55:57","guid":{"rendered":"https:\/\/dc.ryankerbs.com\/servicios\/asesoramiento-en-telesalud\/"},"modified":"2022-10-14T17:57:05","modified_gmt":"2022-10-14T21:57:05","slug":"asesoramiento-en-telesalud","status":"publish","type":"page","link":"https:\/\/districtcounseling.center\/es\/servicios\/asesoramiento-en-telesalud\/","title":{"rendered":"Asesoramiento en telesalud"},"content":{"rendered":"\n<h3 class=\"wp-block-heading\">El sof\u00e1 virtual<\/h3>\n\n\n\n<p class=\"wp-block-paragraph\">\u00bfEst\u00e1 buscando servicios de asesoramiento, pero no puede acudir a la oficina para sus sesiones? No te culpo. \u00a1Por qu\u00e9 viajar a nuestra oficina, cuando puede viajar por el mundo!<\/p>\n\n\n\n<p class=\"wp-block-paragraph\">Tanto si eres un profesional que viaja por negocios como si eres un viajero de esp\u00edritu libre, el asesoramiento en l\u00ednea es una oportunidad incre\u00edble que se adapta a tu horario. Tal vez est\u00e9s luchando contra la depresi\u00f3n o la ansiedad, y necesites encontrar un momento para hacer una pausa en el ajetreo de la vida y procesar este doloroso momento.<\/p>\n\n\n\n<p class=\"wp-block-paragraph\">Nunca es f\u00e1cil pedir ayuda, y admiramos su valor al hacerlo. Trabajamos con individuos y parejas que desean un cambio positivo en sus vidas, como lo es usted hoy. No te conocemos, todav\u00eda, pero sabemos que debes estar sufriendo y sufriendo en este momento.<\/p>\n\n\n\n<p class=\"wp-block-paragraph\">Con nuestra experiencia cl\u00ednica especializada, podemos ayudarte a desatascarte y a retomar tu camino. Juntos podemos trabajar para volver a ti. En District Counseling nos encanta trabajar con parejas, familias e individuos, y s\u00f3lo utilizamos los enfoques m\u00e1s avanzados en el campo del asesoramiento y la psicoterapia.<\/p>\n\n\n\n<figure class=\"wp-block-embed is-type-video is-provider-youtube wp-block-embed-youtube wp-embed-aspect-16-9 wp-has-aspect-ratio\"><div class=\"wp-block-embed__wrapper\">\n<div class=\"x-resp-embed x-is-video x-is-youtube\"><div class=\"lazyload smush-lazyload-video smush-lazyload-youtube\" style=\"--smush-video-aspect-ratio: 742\/417\" data-bg-image=\"url(https:\/\/districtcounseling.center\/wp-admin\/admin-ajax.php?action=smush_video_thumbnail&#038;url=https%3A%2F%2Fwww.youtube.com%2Fembed%2F3rgHRqrzuEg%3Ffeature%3Doembed&#038;video_width=742&#038;video_height=417)\" ><iframe title=\"Try a Video Appointment with Telehealth by SimplePractice\" width=\"742\" height=\"417\" data-src=\"https:\/\/www.youtube.com\/embed\/3rgHRqrzuEg?feature=oembed\" frameborder=\"0\" allow=\"accelerometer; autoplay; clipboard-write; encrypted-media; gyroscope; picture-in-picture\" allowfullscreen src=\"data:image\/svg+xml;base64,PHN2ZyB3aWR0aD0iMSIgaGVpZ2h0PSIxIiB4bWxucz0iaHR0cDovL3d3dy53My5vcmcvMjAwMC9zdmciPjwvc3ZnPg==\"><\/iframe><span class=\"smush-play-btn\" role=\"button\" aria-label=\"Play video\">\r\n\t\t\t\t<span tabindex=\"0\" class=\"smush-play-btn-inner\">\r\n\t\t\t\t\t<span>Play<\/span>\r\n\t\t\t\t<\/span>\r\n\t\t\t<\/span><\/div><\/div>\n<\/div><\/figure>\n\n\n\n<p class=\"wp-block-paragraph\">La Consejer\u00eda de Distrito le invita a arriesgarse y dar el paso hacia un nuevo viaje. No ser\u00e1 f\u00e1cil, pero podemos prometerte que estaremos contigo en cada paso del camino. El cambio empieza ahora. La Asesor\u00eda de Distrito tiene su sede en Houston, Texas. \u00a1Empecemos!<\/p>\n","protected":false},"excerpt":{"rendered":"<p>El sof\u00e1 virtual \u00bfEst\u00e1 buscando <a  href=\"https:\/\/districtcounseling.center\/es\/servicios\/\">servicios<\/a> de asesoramiento, pero no puede acudir a la oficina para sus sesiones? No te culpo. \u00a1Por qu\u00e9 viajar a nuestra oficina, cuando puede viajar por el mundo! Tanto si eres un profesional que viaja por negocios como si eres un viajero de esp\u00edritu libre, el asesoramiento en l\u00ednea es una oportunidad incre\u00edble que se adapta a tu horario. &#8230; <\/p>\n<div><a href=\"https:\/\/districtcounseling.center\/es\/servicios\/asesoramiento-en-telesalud\/\" class=\"more-link\">Read More<\/a><\/div>\n","protected":false},"author":2,"featured_media":29403,"parent":2414,"menu_order":3,"comment_status":"closed","ping_status":"closed","template":"template-blank-4.php","meta":{"_acf_changed":false,"_crdt_document":"","_themeisle_gutenberg_block_has_review":false,"footnotes":""},"class_list":["post-2417","page","type-page","status-publish","has-post-thumbnail","hentry"],"acf":[],"yoast_head":"<!-- This site is optimized with the Yoast SEO Premium plugin v26.3 (Yoast SEO v27.3) - https:\/\/yoast.com\/product\/yoast-seo-premium-wordpress\/ -->\n<title>Asesoramiento en telesalud &#8226; District Counseling<\/title>\n<meta name=\"robots\" content=\"index, follow, max-snippet:-1, max-image-preview:large, max-video-preview:-1\" \/>\n<link rel=\"canonical\" href=\"https:\/\/districtcounseling.center\/es\/servicios\/asesoramiento-en-telesalud\/\" \/>\n<meta property=\"og:locale\" content=\"es_ES\" \/>\n<meta property=\"og:type\" content=\"article\" \/>\n<meta property=\"og:title\" content=\"Asesoramiento en telesalud\" \/>\n<meta property=\"og:description\" content=\"El sof\u00e1 virtual \u00bfEst\u00e1 buscando servicios de asesoramiento, pero no puede acudir a la oficina para sus sesiones? No te culpo. \u00a1Por qu\u00e9 viajar a nuestra oficina, cuando puede viajar por el mundo! Tanto si eres un profesional que viaja por negocios como si eres un viajero de esp\u00edritu libre, el asesoramiento en l\u00ednea es una oportunidad incre\u00edble que se adapta a tu horario. ... Read More\" \/>\n<meta property=\"og:url\" content=\"https:\/\/districtcounseling.center\/es\/servicios\/asesoramiento-en-telesalud\/\" \/>\n<meta property=\"og:site_name\" content=\"District Counseling\" \/>\n<meta property=\"article:publisher\" content=\"https:\/\/www.facebook.com\/districtcounseling\" \/>\n<meta property=\"article:modified_time\" content=\"2022-10-14T21:57:05+00:00\" \/>\n<meta property=\"og:image\" content=\"https:\/\/districtcounseling.center\/wp-content\/uploads\/2022\/09\/unsplash-image-smgTvepind4.jpg\" \/>\n\t<meta property=\"og:image:width\" content=\"750\" \/>\n\t<meta property=\"og:image:height\" content=\"563\" \/>\n\t<meta property=\"og:image:type\" content=\"image\/jpeg\" \/>\n<meta name=\"twitter:card\" content=\"summary_large_image\" \/>\n<meta name=\"twitter:label1\" content=\"Tiempo de lectura\" \/>\n\t<meta name=\"twitter:data1\" content=\"1 minuto\" \/>\n<script type=\"application\/ld+json\" class=\"yoast-schema-graph\">{\"@context\":\"https:\\\/\\\/schema.org\",\"@graph\":[{\"@type\":\"WebPage\",\"@id\":\"https:\\\/\\\/districtcounseling.center\\\/es\\\/servicios\\\/asesoramiento-en-telesalud\\\/\",\"url\":\"https:\\\/\\\/districtcounseling.center\\\/es\\\/servicios\\\/asesoramiento-en-telesalud\\\/\",\"name\":\"Asesoramiento en telesalud &#8226; District Counseling\",\"isPartOf\":{\"@id\":\"https:\\\/\\\/districtcounseling.center\\\/es\\\/#website\"},\"primaryImageOfPage\":{\"@id\":\"https:\\\/\\\/districtcounseling.center\\\/es\\\/servicios\\\/asesoramiento-en-telesalud\\\/#primaryimage\"},\"image\":{\"@id\":\"https:\\\/\\\/districtcounseling.center\\\/es\\\/servicios\\\/asesoramiento-en-telesalud\\\/#primaryimage\"},\"thumbnailUrl\":\"https:\\\/\\\/districtcounseling.center\\\/wp-content\\\/uploads\\\/2025\\\/04\\\/woman-video-call-and-therapy-on-laptop-screen-for-2025-04-06-09-45-53-utc-scaled.jpg\",\"datePublished\":\"2022-09-27T20:55:57+00:00\",\"dateModified\":\"2022-10-14T21:57:05+00:00\",\"breadcrumb\":{\"@id\":\"https:\\\/\\\/districtcounseling.center\\\/es\\\/servicios\\\/asesoramiento-en-telesalud\\\/#breadcrumb\"},\"inLanguage\":\"es\",\"potentialAction\":[{\"@type\":\"ReadAction\",\"target\":[\"https:\\\/\\\/districtcounseling.center\\\/es\\\/servicios\\\/asesoramiento-en-telesalud\\\/\"]}]},{\"@type\":\"ImageObject\",\"inLanguage\":\"es\",\"@id\":\"https:\\\/\\\/districtcounseling.center\\\/es\\\/servicios\\\/asesoramiento-en-telesalud\\\/#primaryimage\",\"url\":\"https:\\\/\\\/districtcounseling.center\\\/wp-content\\\/uploads\\\/2025\\\/04\\\/woman-video-call-and-therapy-on-laptop-screen-for-2025-04-06-09-45-53-utc-scaled.jpg\",\"contentUrl\":\"https:\\\/\\\/districtcounseling.center\\\/wp-content\\\/uploads\\\/2025\\\/04\\\/woman-video-call-and-therapy-on-laptop-screen-for-2025-04-06-09-45-53-utc-scaled.jpg\",\"caption\":\"Woman, video call and therapy on laptop screen for support, advice or helping with mental health in.\"},{\"@type\":\"BreadcrumbList\",\"@id\":\"https:\\\/\\\/districtcounseling.center\\\/es\\\/servicios\\\/asesoramiento-en-telesalud\\\/#breadcrumb\",\"itemListElement\":[{\"@type\":\"ListItem\",\"position\":1,\"name\":\"Home\",\"item\":\"https:\\\/\\\/districtcounseling.center\\\/es\\\/\"},{\"@type\":\"ListItem\",\"position\":2,\"name\":\"Servicios\",\"item\":\"https:\\\/\\\/districtcounseling.center\\\/es\\\/services\\\/\"},{\"@type\":\"ListItem\",\"position\":3,\"name\":\"Asesoramiento en telesalud\"}]},{\"@type\":\"WebSite\",\"@id\":\"https:\\\/\\\/districtcounseling.center\\\/es\\\/#website\",\"url\":\"https:\\\/\\\/districtcounseling.center\\\/es\\\/\",\"name\":\"District Counseling\",\"description\":\"Center for Acceptance and Commitment Therapy\",\"publisher\":{\"@id\":\"https:\\\/\\\/districtcounseling.center\\\/es\\\/#organization\"},\"potentialAction\":[{\"@type\":\"SearchAction\",\"target\":{\"@type\":\"EntryPoint\",\"urlTemplate\":\"https:\\\/\\\/districtcounseling.center\\\/es\\\/?s={search_term_string}\"},\"query-input\":{\"@type\":\"PropertyValueSpecification\",\"valueRequired\":true,\"valueName\":\"search_term_string\"}}],\"inLanguage\":\"es\"},{\"@type\":\"Organization\",\"@id\":\"https:\\\/\\\/districtcounseling.center\\\/es\\\/#organization\",\"name\":\"District Counseling\",\"alternateName\":\"District Counseling\",\"url\":\"https:\\\/\\\/districtcounseling.center\\\/es\\\/\",\"logo\":{\"@type\":\"ImageObject\",\"inLanguage\":\"es\",\"@id\":\"https:\\\/\\\/districtcounseling.center\\\/es\\\/#\\\/schema\\\/logo\\\/image\\\/\",\"url\":\"https:\\\/\\\/districtcounseling.center\\\/wp-content\\\/uploads\\\/2023\\\/10\\\/NEW-DistrictCounseling_Logo.png\",\"contentUrl\":\"https:\\\/\\\/districtcounseling.center\\\/wp-content\\\/uploads\\\/2023\\\/10\\\/NEW-DistrictCounseling_Logo.png\",\"width\":1920,\"height\":709,\"caption\":\"District Counseling\"},\"image\":{\"@id\":\"https:\\\/\\\/districtcounseling.center\\\/es\\\/#\\\/schema\\\/logo\\\/image\\\/\"},\"sameAs\":[\"https:\\\/\\\/www.facebook.com\\\/districtcounseling\",\"https:\\\/\\\/www.instagram.com\\\/districtcounseling\\\/\"],\"description\":\"District Counseling offers a unique wellness experience for individuals, couples, and families by providing the most advanced counseling and psychotherapy approach. Our mission is aligning you to what matters most with sincerity, authenticity, and compassion. Offering Counseling Services in Houston, Katy, Cypress, Sugar Land, Spring Branch, Spring, Tomball, Missouri City, Pearland, and Copperfield Texas.\",\"legalName\":\"District Counseling\",\"numberOfEmployees\":{\"@type\":\"QuantitativeValue\",\"minValue\":\"11\",\"maxValue\":\"50\"}}]}<\/script>\n<!-- \/ Yoast SEO Premium plugin. -->","yoast_head_json":{"title":"Asesoramiento en telesalud &#8226; District Counseling","robots":{"index":"index","follow":"follow","max-snippet":"max-snippet:-1","max-image-preview":"max-image-preview:large","max-video-preview":"max-video-preview:-1"},"canonical":"https:\/\/districtcounseling.center\/es\/servicios\/asesoramiento-en-telesalud\/","og_locale":"es_ES","og_type":"article","og_title":"Asesoramiento en telesalud","og_description":"El sof\u00e1 virtual \u00bfEst\u00e1 buscando servicios de asesoramiento, pero no puede acudir a la oficina para sus sesiones? No te culpo. \u00a1Por qu\u00e9 viajar a nuestra oficina, cuando puede viajar por el mundo! Tanto si eres un profesional que viaja por negocios como si eres un viajero de esp\u00edritu libre, el asesoramiento en l\u00ednea es una oportunidad incre\u00edble que se adapta a tu horario. ... Read More","og_url":"https:\/\/districtcounseling.center\/es\/servicios\/asesoramiento-en-telesalud\/","og_site_name":"District Counseling","article_publisher":"https:\/\/www.facebook.com\/districtcounseling","article_modified_time":"2022-10-14T21:57:05+00:00","og_image":[{"width":750,"height":563,"url":"https:\/\/districtcounseling.center\/wp-content\/uploads\/2022\/09\/unsplash-image-smgTvepind4.jpg","type":"image\/jpeg"}],"twitter_card":"summary_large_image","twitter_misc":{"Tiempo de lectura":"1 minuto"},"schema":{"@context":"https:\/\/schema.org","@graph":[{"@type":"WebPage","@id":"https:\/\/districtcounseling.center\/es\/servicios\/asesoramiento-en-telesalud\/","url":"https:\/\/districtcounseling.center\/es\/servicios\/asesoramiento-en-telesalud\/","name":"Asesoramiento en telesalud &#8226; District Counseling","isPartOf":{"@id":"https:\/\/districtcounseling.center\/es\/#website"},"primaryImageOfPage":{"@id":"https:\/\/districtcounseling.center\/es\/servicios\/asesoramiento-en-telesalud\/#primaryimage"},"image":{"@id":"https:\/\/districtcounseling.center\/es\/servicios\/asesoramiento-en-telesalud\/#primaryimage"},"thumbnailUrl":"https:\/\/districtcounseling.center\/wp-content\/uploads\/2025\/04\/woman-video-call-and-therapy-on-laptop-screen-for-2025-04-06-09-45-53-utc-scaled.jpg","datePublished":"2022-09-27T20:55:57+00:00","dateModified":"2022-10-14T21:57:05+00:00","breadcrumb":{"@id":"https:\/\/districtcounseling.center\/es\/servicios\/asesoramiento-en-telesalud\/#breadcrumb"},"inLanguage":"es","potentialAction":[{"@type":"ReadAction","target":["https:\/\/districtcounseling.center\/es\/servicios\/asesoramiento-en-telesalud\/"]}]},{"@type":"ImageObject","inLanguage":"es","@id":"https:\/\/districtcounseling.center\/es\/servicios\/asesoramiento-en-telesalud\/#primaryimage","url":"https:\/\/districtcounseling.center\/wp-content\/uploads\/2025\/04\/woman-video-call-and-therapy-on-laptop-screen-for-2025-04-06-09-45-53-utc-scaled.jpg","contentUrl":"https:\/\/districtcounseling.center\/wp-content\/uploads\/2025\/04\/woman-video-call-and-therapy-on-laptop-screen-for-2025-04-06-09-45-53-utc-scaled.jpg","caption":"Woman, video call and therapy on laptop screen for support, advice or helping with mental health in."},{"@type":"BreadcrumbList","@id":"https:\/\/districtcounseling.center\/es\/servicios\/asesoramiento-en-telesalud\/#breadcrumb","itemListElement":[{"@type":"ListItem","position":1,"name":"Home","item":"https:\/\/districtcounseling.center\/es\/"},{"@type":"ListItem","position":2,"name":"Servicios","item":"https:\/\/districtcounseling.center\/es\/services\/"},{"@type":"ListItem","position":3,"name":"Asesoramiento en telesalud"}]},{"@type":"WebSite","@id":"https:\/\/districtcounseling.center\/es\/#website","url":"https:\/\/districtcounseling.center\/es\/","name":"District Counseling","description":"Center for Acceptance and Commitment Therapy","publisher":{"@id":"https:\/\/districtcounseling.center\/es\/#organization"},"potentialAction":[{"@type":"SearchAction","target":{"@type":"EntryPoint","urlTemplate":"https:\/\/districtcounseling.center\/es\/?s={search_term_string}"},"query-input":{"@type":"PropertyValueSpecification","valueRequired":true,"valueName":"search_term_string"}}],"inLanguage":"es"},{"@type":"Organization","@id":"https:\/\/districtcounseling.center\/es\/#organization","name":"District Counseling","alternateName":"District Counseling","url":"https:\/\/districtcounseling.center\/es\/","logo":{"@type":"ImageObject","inLanguage":"es","@id":"https:\/\/districtcounseling.center\/es\/#\/schema\/logo\/image\/","url":"https:\/\/districtcounseling.center\/wp-content\/uploads\/2023\/10\/NEW-DistrictCounseling_Logo.png","contentUrl":"https:\/\/districtcounseling.center\/wp-content\/uploads\/2023\/10\/NEW-DistrictCounseling_Logo.png","width":1920,"height":709,"caption":"District Counseling"},"image":{"@id":"https:\/\/districtcounseling.center\/es\/#\/schema\/logo\/image\/"},"sameAs":["https:\/\/www.facebook.com\/districtcounseling","https:\/\/www.instagram.com\/districtcounseling\/"],"description":"District Counseling offers a unique wellness experience for individuals, couples, and families by providing the most advanced counseling and psychotherapy approach. Our mission is aligning you to what matters most with sincerity, authenticity, and compassion. Offering Counseling Services in Houston, Katy, Cypress, Sugar Land, Spring Branch, Spring, Tomball, Missouri City, Pearland, and Copperfield Texas.","legalName":"District Counseling","numberOfEmployees":{"@type":"QuantitativeValue","minValue":"11","maxValue":"50"}}]}},"_links":{"self":[{"href":"https:\/\/districtcounseling.center\/es\/wp-json\/wp\/v2\/pages\/2417","targetHints":{"allow":["GET"]}}],"collection":[{"href":"https:\/\/districtcounseling.center\/es\/wp-json\/wp\/v2\/pages"}],"about":[{"href":"https:\/\/districtcounseling.center\/es\/wp-json\/wp\/v2\/types\/page"}],"author":[{"embeddable":true,"href":"https:\/\/districtcounseling.center\/es\/wp-json\/wp\/v2\/users\/2"}],"replies":[{"embeddable":true,"href":"https:\/\/districtcounseling.center\/es\/wp-json\/wp\/v2\/comments?post=2417"}],"version-history":[{"count":0,"href":"https:\/\/districtcounseling.center\/es\/wp-json\/wp\/v2\/pages\/2417\/revisions"}],"up":[{"embeddable":true,"href":"https:\/\/districtcounseling.center\/es\/wp-json\/wp\/v2\/pages\/2414"}],"wp:featuredmedia":[{"embeddable":true,"href":"https:\/\/districtcounseling.center\/es\/wp-json\/wp\/v2\/media\/29403"}],"wp:attachment":[{"href":"https:\/\/districtcounseling.center\/es\/wp-json\/wp\/v2\/media?parent=2417"}],"curies":[{"name":"wp","href":"https:\/\/api.w.org\/{rel}","templated":true}]}}