{"id":2274,"date":"2022-09-02T14:26:01","date_gmt":"2022-09-02T18:26:01","guid":{"rendered":"https:\/\/dc.ryankerbs.com\/faq-2\/"},"modified":"2025-08-06T14:12:26","modified_gmt":"2025-08-06T18:12:26","slug":"faq-2","status":"publish","type":"page","link":"https:\/\/districtcounseling.center\/es\/faq-2\/","title":{"rendered":"Preguntas frecuentes"},"content":{"rendered":"<div id=\"cs-content\" class=\"cs-content\"><div class=\"x-section e2274-e1 m1r6-0\"><div class=\"x-row e2274-e2 m1r6-1 m1r6-2\"><div class=\"x-row-inner\"><div class=\"x-col e2274-e3 m1r6-3\"><div class=\"x-acc e2274-e4 m1r6-4\" id=\"x-acc-e2274-e4\"><div class=\"e2274-e5 x-acc-item\"><button id=\"tab-e2274-e5\" class=\"x-acc-header x-active\" role=\"button\" type=\"button\" aria-expanded=\"true\" aria-controls=\"panel-e2274-e5\" data-x-toggle=\"collapse\" data-x-toggleable=\"e2274-e5\"><span class=\"x-acc-header-content\"><span class=\"x-acc-header-indicator\">&#x276F;<\/span><span class=\"x-acc-header-text\">\u00bfQui\u00e9n ofrece el servicio de Consejer\u00eda del Distrito (DC)?<\/span><\/span><\/button><div id=\"panel-e2274-e5\" role=\"region\" aria-hidden=\"false\" aria-labelledby=\"tab-e2274-e5\" data-x-toggleable=\"e2274-e5\" data-x-toggle-collapse=\"1\"><div class=\"x-acc-content\">El DC brinda servicios a individuos y parejas que buscan hacer un cambio positivo. Pedir ayuda nunca es f\u00e1cil, admiramos tu valent\u00eda al dar pasos para una vida mejor. Cuando pensamos en consejeros o terapeutas, pensamos en la gran cantidad de estigma que rodea a la salud mental. La forma m\u00e1s sencilla de responder a esta pregunta de \"\u00bfa qui\u00e9n atiendes?\" es... T\u00fa. El DC fue creado para servir a la gente com\u00fan de todos los \u00e1mbitos de la vida. Seres humanos que acaban de enfrentarse a un dif\u00edcil obst\u00e1culo que les ha tra\u00eddo la vida.<\/div><\/div><\/div><div class=\"e2274-e6 x-acc-item\"><button id=\"tab-e2274-e6\" class=\"x-acc-header\" role=\"button\" type=\"button\" aria-expanded=\"false\" aria-controls=\"panel-e2274-e6\" data-x-toggle=\"collapse\" data-x-toggleable=\"e2274-e6\"><span class=\"x-acc-header-content\"><span class=\"x-acc-header-indicator\">&#x276F;<\/span><span class=\"x-acc-header-text\">\u00bfC\u00f3mo puede ayudarme la consejer\u00eda?<\/span><\/span><\/button><div id=\"panel-e2274-e6\" role=\"region\" aria-hidden=\"true\" aria-labelledby=\"tab-e2274-e6\" data-x-toggleable=\"e2274-e6\" data-x-toggle-collapse=\"1\" class=\"x-collapsed\"><div class=\"x-acc-content\">La consejer\u00eda es el arte y la ciencia de ayudarlo a procesar sus inquietudes presentes en un entorno genuino, sin prejuicios y de apoyo. Puede ayudarlo a lograr los objetivos que ha estado tratando de lograr por s\u00ed mismo, pero se encuentra atascado. A trav\u00e9s de la relaci\u00f3n terap\u00e9utica, exploraremos su mundo interno y externo y desarrollaremos una comprensi\u00f3n de c\u00f3mo esto le est\u00e1 afectando en el momento presente. Aprender\u00e1 habilidades psicol\u00f3gicas \u00fanicas que lo ayudar\u00e1n a disminuir el impacto que estos problemas tienen en su vida. El asesoramiento y la psicoterapia lo ayudar\u00e1n a volver a alinearse con lo que es importante para usted y lo ayudar\u00e1n a encontrar una vida con prop\u00f3sito y significado.<\/div><\/div><\/div><div class=\"e2274-e7 x-acc-item\"><button id=\"tab-e2274-e7\" class=\"x-acc-header\" role=\"button\" type=\"button\" aria-expanded=\"false\" aria-controls=\"panel-e2274-e7\" data-x-toggle=\"collapse\" data-x-toggleable=\"e2274-e7\"><span class=\"x-acc-header-content\"><span class=\"x-acc-header-indicator\">&#x276F;<\/span><span class=\"x-acc-header-text\">\u00bfMe diagnosticar\u00e1n?<\/span><\/span><\/button><div id=\"panel-e2274-e7\" role=\"region\" aria-hidden=\"true\" aria-labelledby=\"tab-e2274-e7\" data-x-toggleable=\"e2274-e7\" data-x-toggle-collapse=\"1\" class=\"x-collapsed\"><div class=\"x-acc-content\">No necesariamente. No diagnosticamos trastornos de salud mental a menos que sea necesario o lo solicite. En District Counseling creemos que usted es mucho m\u00e1s que una etiqueta, y personalmente he visto los efectos negativos que el diagn\u00f3stico de salud mental puede tener en un cliente. De la forma en que lo vemos, eres humano y parte de vivir la experiencia humana incluye dolor y sufrimiento. Las personas muestran su sufrimiento de diferentes formas, por lo que el DSM ha creado etiquetas para estos.<\/div><\/div><\/div><div class=\"e2274-e8 x-acc-item\"><button id=\"tab-e2274-e8\" class=\"x-acc-header\" role=\"button\" type=\"button\" aria-expanded=\"false\" aria-controls=\"panel-e2274-e8\" data-x-toggle=\"collapse\" data-x-toggleable=\"e2274-e8\"><span class=\"x-acc-header-content\"><span class=\"x-acc-header-indicator\">&#x276F;<\/span><span class=\"x-acc-header-text\">\u00bfAceptas seguro?<\/span><\/span><\/button><div id=\"panel-e2274-e8\" role=\"region\" aria-hidden=\"true\" aria-labelledby=\"tab-e2274-e8\" data-x-toggleable=\"e2274-e8\" data-x-toggle-collapse=\"1\" class=\"x-collapsed\"><div class=\"x-acc-content\"><p>Actualmente tenemos algunos proveedores en la red con Blue Cross Blue Shield. Si desea que su propio seguro le reembolse, podemos proporcionarle una s\u00faper factura. Tenga en cuenta que necesitaremos colocar un c\u00f3digo de diagn\u00f3stico si planea recibir un reembolso de su seguro de salud personal.<\/p>\n\n<h5>DIVULGACI\u00d3N:<\/h5>\n<p>No podemos garantizar que su proveedor de seguros le reembolsar\u00e1. Llame a su seguro y pregunte sobre la cobertura fuera de la red.<\/p><\/div><\/div><\/div><div class=\"e2274-e9 x-acc-item\"><button id=\"tab-e2274-e9\" class=\"x-acc-header\" role=\"button\" type=\"button\" aria-expanded=\"false\" aria-controls=\"panel-e2274-e9\" data-x-toggle=\"collapse\" data-x-toggleable=\"e2274-e9\"><span class=\"x-acc-header-content\"><span class=\"x-acc-header-indicator\">&#x276F;<\/span><span class=\"x-acc-header-text\">\u00bfOfrecen servicios de consejer\u00eda en espa\u00f1ol?<\/span><\/span><\/button><div id=\"panel-e2274-e9\" role=\"region\" aria-hidden=\"true\" aria-labelledby=\"tab-e2274-e9\" data-x-toggleable=\"e2274-e9\" data-x-toggle-collapse=\"1\" class=\"x-collapsed\"><div class=\"x-acc-content\">\u00a1Si! <a href=\"\/therapy-category\/spanish\/\">Explore nuestra selecci\u00f3n completa de terapeutas de habla hispana aqu\u00ed<\/a>.<\/div><\/div><\/div><div class=\"e2274-e10 x-acc-item\"><button id=\"tab-e2274-e10\" class=\"x-acc-header\" role=\"button\" type=\"button\" aria-expanded=\"false\" aria-controls=\"panel-e2274-e10\" data-x-toggle=\"collapse\" data-x-toggleable=\"e2274-e10\"><span class=\"x-acc-header-content\"><span class=\"x-acc-header-indicator\">&#x276F;<\/span><span class=\"x-acc-header-text\">\u00bfCon qu\u00e9 frecuencia y cu\u00e1nto duran las sesiones de terapia?<\/span><\/span><\/button><div id=\"panel-e2274-e10\" role=\"region\" aria-hidden=\"true\" aria-labelledby=\"tab-e2274-e10\" data-x-toggleable=\"e2274-e10\" data-x-toggle-collapse=\"1\" class=\"x-collapsed\"><div class=\"x-acc-content\">Recibimos esta pregunta a menudo, \u00bfcu\u00e1ntas sesiones? La respuesta, depende. Cada uno es diferente, y realmente var\u00eda de persona a persona. Cada sesi\u00f3n de seguimiento puede durar entre 50 y 80 minutos. Para asesoramiento individual, una hora (50 minutos) es suficiente. Para el asesoramiento de pareja, recomendamos encarecidamente 80 minutos. En su sesi\u00f3n inicial, discutiremos esto m\u00e1s a fondo y decidiremos el mejor enfoque.<\/div><\/div><\/div><div class=\"e2274-e11 x-acc-item\"><button id=\"tab-e2274-e11\" class=\"x-acc-header\" role=\"button\" type=\"button\" aria-expanded=\"false\" aria-controls=\"panel-e2274-e11\" data-x-toggle=\"collapse\" data-x-toggleable=\"e2274-e11\"><span class=\"x-acc-header-content\"><span class=\"x-acc-header-indicator\">&#x276F;<\/span><span class=\"x-acc-header-text\">\u00bfOfrecen servicios de terapia en el hogar para asesoramiento individual?<\/span><\/span><\/button><div id=\"panel-e2274-e11\" role=\"region\" aria-hidden=\"true\" aria-labelledby=\"tab-e2274-e11\" data-x-toggleable=\"e2274-e11\" data-x-toggle-collapse=\"1\" class=\"x-collapsed\"><div class=\"x-acc-content\">No nosotros no. Este servicio \u00fanico solo est\u00e1 disponible para el asesoramiento de pareja.<\/div><\/div><\/div><div class=\"e2274-e12 x-acc-item\"><button id=\"tab-e2274-e12\" class=\"x-acc-header\" role=\"button\" type=\"button\" aria-expanded=\"false\" aria-controls=\"panel-e2274-e12\" data-x-toggle=\"collapse\" data-x-toggleable=\"e2274-e12\"><span class=\"x-acc-header-content\"><span class=\"x-acc-header-indicator\">&#x276F;<\/span><span class=\"x-acc-header-text\">\u00bfQu\u00e9 tan r\u00e1pido puedo comenzar?<\/span><\/span><\/button><div id=\"panel-e2274-e12\" role=\"region\" aria-hidden=\"true\" aria-labelledby=\"tab-e2274-e12\" data-x-toggleable=\"e2274-e12\" data-x-toggle-collapse=\"1\" class=\"x-collapsed\"><div class=\"x-acc-content\">\u00a1Ll\u00e1menos hoy y programemos su primera cita! <a href=\"tel:+13468007601\">(346) 800-7601<\/a><\/div><\/div><\/div><\/div><\/div><\/div><\/div><\/div><\/div>","protected":false},"excerpt":{"rendered":"<p>&#x276F;\u00bfQui\u00e9n ofrece el servicio de Consejer\u00eda del Distrito (DC)?El DC brinda <a  href=\"https:\/\/districtcounseling.center\/es\/servicios\/\">servicios<\/a> a individuos y parejas que buscan hacer un cambio positivo. Pedir ayuda nunca es f\u00e1cil, admiramos tu valent\u00eda al dar pasos para una vida mejor. Cuando pensamos en consejeros o <a  href=\"https:\/\/districtcounseling.center\/es\/terapeutas\/\">terapeutas<\/a>, pensamos en la gran cantidad de estigma que rodea a la salud mental. La forma m\u00e1s sencilla de responder a esta &#8230; <\/p>\n<div><a href=\"https:\/\/districtcounseling.center\/es\/faq-2\/\" class=\"more-link\">Read More<\/a><\/div>\n","protected":false},"author":2,"featured_media":0,"parent":0,"menu_order":0,"comment_status":"closed","ping_status":"closed","template":"","meta":{"_acf_changed":false,"_crdt_document":"","_themeisle_gutenberg_block_has_review":false,"footnotes":""},"class_list":["post-2274","page","type-page","status-publish","hentry","no-post-thumbnail"],"acf":[],"yoast_head":"<!-- This site is optimized with the Yoast SEO Premium plugin v26.3 (Yoast SEO v27.4) - https:\/\/yoast.com\/product\/yoast-seo-premium-wordpress\/ -->\n<title>Preguntas frecuentes &#8226; District Counseling<\/title>\n<meta name=\"robots\" content=\"index, follow, max-snippet:-1, max-image-preview:large, max-video-preview:-1\" \/>\n<link rel=\"canonical\" href=\"https:\/\/districtcounseling.center\/es\/faq-2\/\" \/>\n<meta property=\"og:locale\" content=\"es_ES\" \/>\n<meta property=\"og:type\" content=\"article\" \/>\n<meta property=\"og:title\" content=\"Preguntas frecuentes\" \/>\n<meta property=\"og:description\" content=\"&#x276F;\u00bfQui\u00e9n ofrece el servicio de Consejer\u00eda del Distrito (DC)?El DC brinda servicios a individuos y parejas que buscan hacer un cambio positivo. Pedir ayuda nunca es f\u00e1cil, admiramos tu valent\u00eda al dar pasos para una vida mejor. Cuando pensamos en consejeros o terapeutas, pensamos en la gran cantidad de estigma que rodea a la salud mental. La forma m\u00e1s sencilla de responder a esta ... Read More\" \/>\n<meta property=\"og:url\" content=\"https:\/\/districtcounseling.center\/es\/faq-2\/\" \/>\n<meta property=\"og:site_name\" content=\"District Counseling\" \/>\n<meta property=\"article:publisher\" content=\"https:\/\/www.facebook.com\/districtcounseling\" \/>\n<meta property=\"article:modified_time\" content=\"2025-08-06T18:12:26+00:00\" \/>\n<meta property=\"og:image\" content=\"https:\/\/districtcounseling.center\/wp-content\/uploads\/2024\/01\/AdobeStock_647644556-scaled.jpeg\" \/>\n\t<meta property=\"og:image:width\" content=\"2560\" \/>\n\t<meta property=\"og:image:height\" content=\"1708\" \/>\n\t<meta property=\"og:image:type\" content=\"image\/jpeg\" \/>\n<meta name=\"twitter:card\" content=\"summary_large_image\" \/>\n<meta name=\"twitter:label1\" content=\"Tiempo de lectura\" \/>\n\t<meta name=\"twitter:data1\" content=\"3 minutos\" \/>\n<script type=\"application\/ld+json\" class=\"yoast-schema-graph\">{\"@context\":\"https:\\\/\\\/schema.org\",\"@graph\":[{\"@type\":\"WebPage\",\"@id\":\"https:\\\/\\\/districtcounseling.center\\\/es\\\/faq-2\\\/\",\"url\":\"https:\\\/\\\/districtcounseling.center\\\/es\\\/faq-2\\\/\",\"name\":\"Preguntas frecuentes &#8226; District Counseling\",\"isPartOf\":{\"@id\":\"https:\\\/\\\/districtcounseling.center\\\/es\\\/#website\"},\"datePublished\":\"2022-09-02T18:26:01+00:00\",\"dateModified\":\"2025-08-06T18:12:26+00:00\",\"breadcrumb\":{\"@id\":\"https:\\\/\\\/districtcounseling.center\\\/es\\\/faq-2\\\/#breadcrumb\"},\"inLanguage\":\"es\",\"potentialAction\":[{\"@type\":\"ReadAction\",\"target\":[\"https:\\\/\\\/districtcounseling.center\\\/es\\\/faq-2\\\/\"]}]},{\"@type\":\"BreadcrumbList\",\"@id\":\"https:\\\/\\\/districtcounseling.center\\\/es\\\/faq-2\\\/#breadcrumb\",\"itemListElement\":[{\"@type\":\"ListItem\",\"position\":1,\"name\":\"Home\",\"item\":\"https:\\\/\\\/districtcounseling.center\\\/es\\\/\"},{\"@type\":\"ListItem\",\"position\":2,\"name\":\"Preguntas frecuentes\"}]},{\"@type\":\"WebSite\",\"@id\":\"https:\\\/\\\/districtcounseling.center\\\/es\\\/#website\",\"url\":\"https:\\\/\\\/districtcounseling.center\\\/es\\\/\",\"name\":\"District Counseling\",\"description\":\"Center for Acceptance and Commitment Therapy\",\"publisher\":{\"@id\":\"https:\\\/\\\/districtcounseling.center\\\/es\\\/#organization\"},\"potentialAction\":[{\"@type\":\"SearchAction\",\"target\":{\"@type\":\"EntryPoint\",\"urlTemplate\":\"https:\\\/\\\/districtcounseling.center\\\/es\\\/?s={search_term_string}\"},\"query-input\":{\"@type\":\"PropertyValueSpecification\",\"valueRequired\":true,\"valueName\":\"search_term_string\"}}],\"inLanguage\":\"es\"},{\"@type\":\"Organization\",\"@id\":\"https:\\\/\\\/districtcounseling.center\\\/es\\\/#organization\",\"name\":\"District Counseling\",\"alternateName\":\"District Counseling\",\"url\":\"https:\\\/\\\/districtcounseling.center\\\/es\\\/\",\"logo\":{\"@type\":\"ImageObject\",\"inLanguage\":\"es\",\"@id\":\"https:\\\/\\\/districtcounseling.center\\\/es\\\/#\\\/schema\\\/logo\\\/image\\\/\",\"url\":\"https:\\\/\\\/districtcounseling.center\\\/wp-content\\\/uploads\\\/2023\\\/10\\\/NEW-DistrictCounseling_Logo.png\",\"contentUrl\":\"https:\\\/\\\/districtcounseling.center\\\/wp-content\\\/uploads\\\/2023\\\/10\\\/NEW-DistrictCounseling_Logo.png\",\"width\":1920,\"height\":709,\"caption\":\"District Counseling\"},\"image\":{\"@id\":\"https:\\\/\\\/districtcounseling.center\\\/es\\\/#\\\/schema\\\/logo\\\/image\\\/\"},\"sameAs\":[\"https:\\\/\\\/www.facebook.com\\\/districtcounseling\",\"https:\\\/\\\/www.instagram.com\\\/districtcounseling\\\/\"],\"description\":\"District Counseling offers a unique wellness experience for individuals, couples, and families by providing the most advanced counseling and psychotherapy approach. Our mission is aligning you to what matters most with sincerity, authenticity, and compassion. Offering Counseling Services in Houston, Katy, Cypress, Sugar Land, Spring Branch, Spring, Tomball, Missouri City, Pearland, and Copperfield Texas.\",\"legalName\":\"District Counseling\",\"numberOfEmployees\":{\"@type\":\"QuantitativeValue\",\"minValue\":\"11\",\"maxValue\":\"50\"}}]}<\/script>\n<!-- \/ Yoast SEO Premium plugin. -->","yoast_head_json":{"title":"Preguntas frecuentes &#8226; District Counseling","robots":{"index":"index","follow":"follow","max-snippet":"max-snippet:-1","max-image-preview":"max-image-preview:large","max-video-preview":"max-video-preview:-1"},"canonical":"https:\/\/districtcounseling.center\/es\/faq-2\/","og_locale":"es_ES","og_type":"article","og_title":"Preguntas frecuentes","og_description":"&#x276F;\u00bfQui\u00e9n ofrece el servicio de Consejer\u00eda del Distrito (DC)?El DC brinda servicios a individuos y parejas que buscan hacer un cambio positivo. Pedir ayuda nunca es f\u00e1cil, admiramos tu valent\u00eda al dar pasos para una vida mejor. Cuando pensamos en consejeros o terapeutas, pensamos en la gran cantidad de estigma que rodea a la salud mental. La forma m\u00e1s sencilla de responder a esta ... Read More","og_url":"https:\/\/districtcounseling.center\/es\/faq-2\/","og_site_name":"District Counseling","article_publisher":"https:\/\/www.facebook.com\/districtcounseling","article_modified_time":"2025-08-06T18:12:26+00:00","og_image":[{"width":2560,"height":1708,"url":"https:\/\/districtcounseling.center\/wp-content\/uploads\/2024\/01\/AdobeStock_647644556-scaled.jpeg","type":"image\/jpeg"}],"twitter_card":"summary_large_image","twitter_misc":{"Tiempo de lectura":"3 minutos"},"schema":{"@context":"https:\/\/schema.org","@graph":[{"@type":"WebPage","@id":"https:\/\/districtcounseling.center\/es\/faq-2\/","url":"https:\/\/districtcounseling.center\/es\/faq-2\/","name":"Preguntas frecuentes &#8226; District Counseling","isPartOf":{"@id":"https:\/\/districtcounseling.center\/es\/#website"},"datePublished":"2022-09-02T18:26:01+00:00","dateModified":"2025-08-06T18:12:26+00:00","breadcrumb":{"@id":"https:\/\/districtcounseling.center\/es\/faq-2\/#breadcrumb"},"inLanguage":"es","potentialAction":[{"@type":"ReadAction","target":["https:\/\/districtcounseling.center\/es\/faq-2\/"]}]},{"@type":"BreadcrumbList","@id":"https:\/\/districtcounseling.center\/es\/faq-2\/#breadcrumb","itemListElement":[{"@type":"ListItem","position":1,"name":"Home","item":"https:\/\/districtcounseling.center\/es\/"},{"@type":"ListItem","position":2,"name":"Preguntas frecuentes"}]},{"@type":"WebSite","@id":"https:\/\/districtcounseling.center\/es\/#website","url":"https:\/\/districtcounseling.center\/es\/","name":"District Counseling","description":"Center for Acceptance and Commitment Therapy","publisher":{"@id":"https:\/\/districtcounseling.center\/es\/#organization"},"potentialAction":[{"@type":"SearchAction","target":{"@type":"EntryPoint","urlTemplate":"https:\/\/districtcounseling.center\/es\/?s={search_term_string}"},"query-input":{"@type":"PropertyValueSpecification","valueRequired":true,"valueName":"search_term_string"}}],"inLanguage":"es"},{"@type":"Organization","@id":"https:\/\/districtcounseling.center\/es\/#organization","name":"District Counseling","alternateName":"District Counseling","url":"https:\/\/districtcounseling.center\/es\/","logo":{"@type":"ImageObject","inLanguage":"es","@id":"https:\/\/districtcounseling.center\/es\/#\/schema\/logo\/image\/","url":"https:\/\/districtcounseling.center\/wp-content\/uploads\/2023\/10\/NEW-DistrictCounseling_Logo.png","contentUrl":"https:\/\/districtcounseling.center\/wp-content\/uploads\/2023\/10\/NEW-DistrictCounseling_Logo.png","width":1920,"height":709,"caption":"District Counseling"},"image":{"@id":"https:\/\/districtcounseling.center\/es\/#\/schema\/logo\/image\/"},"sameAs":["https:\/\/www.facebook.com\/districtcounseling","https:\/\/www.instagram.com\/districtcounseling\/"],"description":"District Counseling offers a unique wellness experience for individuals, couples, and families by providing the most advanced counseling and psychotherapy approach. Our mission is aligning you to what matters most with sincerity, authenticity, and compassion. Offering Counseling Services in Houston, Katy, Cypress, Sugar Land, Spring Branch, Spring, Tomball, Missouri City, Pearland, and Copperfield Texas.","legalName":"District Counseling","numberOfEmployees":{"@type":"QuantitativeValue","minValue":"11","maxValue":"50"}}]}},"yoast_meta":{"yoast_wpseo_title":"","yoast_wpseo_metadesc":"","yoast_wpseo_canonical":""},"_links":{"self":[{"href":"https:\/\/districtcounseling.center\/es\/wp-json\/wp\/v2\/pages\/2274","targetHints":{"allow":["GET"]}}],"collection":[{"href":"https:\/\/districtcounseling.center\/es\/wp-json\/wp\/v2\/pages"}],"about":[{"href":"https:\/\/districtcounseling.center\/es\/wp-json\/wp\/v2\/types\/page"}],"author":[{"embeddable":true,"href":"https:\/\/districtcounseling.center\/es\/wp-json\/wp\/v2\/users\/2"}],"replies":[{"embeddable":true,"href":"https:\/\/districtcounseling.center\/es\/wp-json\/wp\/v2\/comments?post=2274"}],"version-history":[{"count":0,"href":"https:\/\/districtcounseling.center\/es\/wp-json\/wp\/v2\/pages\/2274\/revisions"}],"wp:attachment":[{"href":"https:\/\/districtcounseling.center\/es\/wp-json\/wp\/v2\/media?parent=2274"}],"curies":[{"name":"wp","href":"https:\/\/api.w.org\/{rel}","templated":true}]}}