{"id":16896,"date":"2023-10-05T11:34:10","date_gmt":"2023-10-05T15:34:10","guid":{"rendered":"https:\/\/districtcounseling.center\/sugarland-evaluacion-psicologica-para-la-inmigracion\/"},"modified":"2024-01-24T11:02:50","modified_gmt":"2024-01-24T16:02:50","slug":"sugarland-evaluacion-psicologica-para-la-inmigracion","status":"publish","type":"page","link":"https:\/\/districtcounseling.center\/es\/sugarland-evaluacion-psicologica-para-la-inmigracion\/","title":{"rendered":"Sugarland Evaluaci\u00f3n Psicol\u00f3gica para la Inmigraci\u00f3n"},"content":{"rendered":"\n<h3 class=\"wp-block-heading\" style=\"text-align: center;\">Orientaci\u00f3n de expertos para su evaluaci\u00f3n de salud mental<\/h3>\n\n<h4 class=\"wp-block-heading has-text-align-center\">Evaluaci\u00f3n psicol\u00f3gica para la inmigraci\u00f3n<\/h4>\n\n<div class=\"wp-block-buttons is-content-justification-center is-layout-flex wp-container-core-buttons-is-layout-fe48e5de wp-block-buttons-is-layout-flex\">\n<div class=\"wp-block-button is-style-outline is-style-outline--2\"><a class=\"wp-block-button__link wp-element-button\" href=\"tel:+3464401800\">Programar ahora (346) 800-7601<\/a><\/div>\n<\/div>\n\n<p class=\"wp-block-paragraph\">\u00bfNecesita una evaluaci\u00f3n psicol\u00f3gica para la inmigraci\u00f3n? Si es as\u00ed, ha llegado al lugar adecuado. Aqu\u00ed, en los servicios de evaluaci\u00f3n psicol\u00f3gica, ofrecemos evaluaciones psicosociales para varios tipos de casos. Nuestros expertos est\u00e1n preparados para ayudarle con su evaluaci\u00f3n de salud mental. Trabajamos estrechamente con su abogado para garantizar que se satisfagan sus necesidades. p\u00f3ngase en contacto con nosotros hoy mismo para empezar.<\/p>\n\n<p class=\"wp-block-paragraph\">Quiz\u00e1 te preguntes: \u00ab\u00bfpor qu\u00e9 me pedir\u00eda mi abogado una evaluaci\u00f3n psicol\u00f3gica? No estoy loco\u00bb. Las evaluaciones psicol\u00f3gicas para la inmigraci\u00f3n no son infrecuentes. Este proceso es una evaluaci\u00f3n forense que ayudar\u00e1 a proporcionar apoyo adicional en su caso de inmigraci\u00f3n. La evaluaci\u00f3n ayudar\u00e1 a identificar cualquier problema psicol\u00f3gico que pueda estar presente.<\/p>\n\n<p class=\"wp-block-paragraph\">Hay muchas razones por las que puede necesitar una evaluaci\u00f3n psicol\u00f3gica para la inmigraci\u00f3n. Algunas de las razones m\u00e1s comunes son:<\/p>\n\n<ul class=\"wp-block-list\">\n<li>Casos VAWA<\/li>\n\n\n\n<li>Casos U-VISA<\/li>\n\n\n\n<li>Casos de trata de seres humanos<\/li>\n\n\n\n<li>Renuncias<\/li>\n\n\n\n<li>Anulaci\u00f3n de la expulsi\u00f3n<\/li>\n<\/ul>\n\n<p class=\"wp-block-paragraph\">Cada una de estas situaciones puede tener una necesidad y un proceso \u00fanicos, por lo que es importante que complete su evaluaci\u00f3n con alguien competente. Nuestro equipo de Servicios de Evaluaci\u00f3n Psicol\u00f3gica de Inmigraci\u00f3n son expertos listos para ayudarle con su evaluaci\u00f3n de salud mental.\n\nEntendemos la complejidad de este tipo de evaluaciones para los casos relacionados con la inmigraci\u00f3n. Estamos aqu\u00ed para ofrecer servicios de pruebas de alta calidad. La precisi\u00f3n y la fiabilidad son vitales. Como siempre, nunca podemos garantizar el resultado de esta evaluaci\u00f3n, pero estamos aqu\u00ed para evaluar y diagnosticar posibles trastornos psicol\u00f3gicos.<\/p>\n\n<p class=\"wp-block-paragraph\"><em>\u00a1Si usted tiene alguna pregunta acerca de nuestras evaluaciones psicol\u00f3gicas para la inmigraci\u00f3n, por favor p\u00f3ngase en contacto con District Counseling hoy al <a href=\"tel:+13468007601\">(346) 800-7601<\/a>! Estamos encantados de responder a cualquier pregunta y ayudar a iniciar este proceso de evaluaci\u00f3n para la inmigraci\u00f3n.<\/em><\/p>\n","protected":false},"excerpt":{"rendered":"<p>Orientaci\u00f3n de expertos para su evaluaci\u00f3n de salud mental <a  href=\"https:\/\/districtcounseling.center\/es\/servicios\/evaluacion-psicologica-para-la-inmigracion\/\">Evaluaci\u00f3n psicol\u00f3gica para la inmigraci\u00f3n<\/a> \u00bfNecesita una <a  href=\"https:\/\/districtcounseling.center\/es\/servicios\/evaluacion-psicologica-para-la-inmigracion\/\">evaluaci\u00f3n psicol\u00f3gica para la inmigraci\u00f3n<\/a>? Si es as\u00ed, ha llegado al lugar adecuado. Aqu\u00ed, en los <a  href=\"https:\/\/districtcounseling.center\/es\/servicios\/\">servicios<\/a> de evaluaci\u00f3n psicol\u00f3gica, ofrecemos evaluaciones psicosociales para varios tipos de casos. Nuestros expertos est\u00e1n preparados para ayudarle con su evaluaci\u00f3n de salud mental. Trabajamos estrechamente con su abogado para garantizar que &#8230; <\/p>\n<div><a href=\"https:\/\/districtcounseling.center\/es\/sugarland-evaluacion-psicologica-para-la-inmigracion\/\" class=\"more-link\">Read More<\/a><\/div>\n","protected":false},"author":6,"featured_media":1871,"parent":0,"menu_order":1,"comment_status":"closed","ping_status":"closed","template":"","meta":{"_acf_changed":false,"_crdt_document":"","_themeisle_gutenberg_block_has_review":false,"footnotes":""},"class_list":["post-16896","page","type-page","status-publish","has-post-thumbnail","hentry"],"acf":[],"yoast_head":"<!-- This site is optimized with the Yoast SEO Premium plugin v26.3 (Yoast SEO v27.4) - https:\/\/yoast.com\/product\/yoast-seo-premium-wordpress\/ -->\n<title>Sugarland Evaluaci\u00f3n Psicol\u00f3gica para la Inmigraci\u00f3n &#8226; District Counseling<\/title>\n<meta name=\"robots\" content=\"index, follow, max-snippet:-1, max-image-preview:large, max-video-preview:-1\" \/>\n<link rel=\"canonical\" href=\"https:\/\/districtcounseling.center\/es\/sugarland-evaluacion-psicologica-para-la-inmigracion\/\" \/>\n<meta property=\"og:locale\" content=\"es_ES\" \/>\n<meta property=\"og:type\" content=\"article\" \/>\n<meta property=\"og:title\" content=\"Sugarland Evaluaci\u00f3n Psicol\u00f3gica para la Inmigraci\u00f3n\" \/>\n<meta property=\"og:description\" content=\"Orientaci\u00f3n de expertos para su evaluaci\u00f3n de salud mental Evaluaci\u00f3n psicol\u00f3gica para la inmigraci\u00f3n \u00bfNecesita una evaluaci\u00f3n psicol\u00f3gica para la inmigraci\u00f3n? Si es as\u00ed, ha llegado al lugar adecuado. Aqu\u00ed, en los servicios de evaluaci\u00f3n psicol\u00f3gica, ofrecemos evaluaciones psicosociales para varios tipos de casos. Nuestros expertos est\u00e1n preparados para ayudarle con su evaluaci\u00f3n de salud mental. Trabajamos estrechamente con su abogado para garantizar que ... Read More\" \/>\n<meta property=\"og:url\" content=\"https:\/\/districtcounseling.center\/es\/sugarland-evaluacion-psicologica-para-la-inmigracion\/\" \/>\n<meta property=\"og:site_name\" content=\"District Counseling\" \/>\n<meta property=\"article:publisher\" content=\"https:\/\/www.facebook.com\/districtcounseling\" \/>\n<meta property=\"article:modified_time\" content=\"2024-01-24T16:02:50+00:00\" \/>\n<meta property=\"og:image\" content=\"https:\/\/districtcounseling.center\/wp-content\/uploads\/2022\/09\/unsplash-image-FZxspsCZLcc.jpg\" \/>\n\t<meta property=\"og:image:width\" content=\"2500\" \/>\n\t<meta property=\"og:image:height\" content=\"1667\" \/>\n\t<meta property=\"og:image:type\" content=\"image\/jpeg\" \/>\n<meta name=\"twitter:card\" content=\"summary_large_image\" \/>\n<meta name=\"twitter:label1\" content=\"Tiempo de lectura\" \/>\n\t<meta name=\"twitter:data1\" content=\"2 minutos\" \/>\n<script type=\"application\/ld+json\" class=\"yoast-schema-graph\">{\"@context\":\"https:\\\/\\\/schema.org\",\"@graph\":[{\"@type\":\"WebPage\",\"@id\":\"https:\\\/\\\/districtcounseling.center\\\/es\\\/sugarland-evaluacion-psicologica-para-la-inmigracion\\\/\",\"url\":\"https:\\\/\\\/districtcounseling.center\\\/es\\\/sugarland-evaluacion-psicologica-para-la-inmigracion\\\/\",\"name\":\"Sugarland Evaluaci\u00f3n Psicol\u00f3gica para la Inmigraci\u00f3n &#8226; District Counseling\",\"isPartOf\":{\"@id\":\"https:\\\/\\\/districtcounseling.center\\\/es\\\/#website\"},\"primaryImageOfPage\":{\"@id\":\"https:\\\/\\\/districtcounseling.center\\\/es\\\/sugarland-evaluacion-psicologica-para-la-inmigracion\\\/#primaryimage\"},\"image\":{\"@id\":\"https:\\\/\\\/districtcounseling.center\\\/es\\\/sugarland-evaluacion-psicologica-para-la-inmigracion\\\/#primaryimage\"},\"thumbnailUrl\":\"https:\\\/\\\/districtcounseling.center\\\/wp-content\\\/uploads\\\/2022\\\/09\\\/unsplash-image-FZxspsCZLcc.jpg\",\"datePublished\":\"2023-10-05T15:34:10+00:00\",\"dateModified\":\"2024-01-24T16:02:50+00:00\",\"breadcrumb\":{\"@id\":\"https:\\\/\\\/districtcounseling.center\\\/es\\\/sugarland-evaluacion-psicologica-para-la-inmigracion\\\/#breadcrumb\"},\"inLanguage\":\"es\",\"potentialAction\":[{\"@type\":\"ReadAction\",\"target\":[\"https:\\\/\\\/districtcounseling.center\\\/es\\\/sugarland-evaluacion-psicologica-para-la-inmigracion\\\/\"]}]},{\"@type\":\"ImageObject\",\"inLanguage\":\"es\",\"@id\":\"https:\\\/\\\/districtcounseling.center\\\/es\\\/sugarland-evaluacion-psicologica-para-la-inmigracion\\\/#primaryimage\",\"url\":\"https:\\\/\\\/districtcounseling.center\\\/wp-content\\\/uploads\\\/2022\\\/09\\\/unsplash-image-FZxspsCZLcc.jpg\",\"contentUrl\":\"https:\\\/\\\/districtcounseling.center\\\/wp-content\\\/uploads\\\/2022\\\/09\\\/unsplash-image-FZxspsCZLcc.jpg\",\"width\":2500,\"height\":1667},{\"@type\":\"BreadcrumbList\",\"@id\":\"https:\\\/\\\/districtcounseling.center\\\/es\\\/sugarland-evaluacion-psicologica-para-la-inmigracion\\\/#breadcrumb\",\"itemListElement\":[{\"@type\":\"ListItem\",\"position\":1,\"name\":\"Home\",\"item\":\"https:\\\/\\\/districtcounseling.center\\\/es\\\/\"},{\"@type\":\"ListItem\",\"position\":2,\"name\":\"Sugarland Evaluaci\u00f3n Psicol\u00f3gica para la Inmigraci\u00f3n\"}]},{\"@type\":\"WebSite\",\"@id\":\"https:\\\/\\\/districtcounseling.center\\\/es\\\/#website\",\"url\":\"https:\\\/\\\/districtcounseling.center\\\/es\\\/\",\"name\":\"District Counseling\",\"description\":\"Center for Acceptance and Commitment Therapy\",\"publisher\":{\"@id\":\"https:\\\/\\\/districtcounseling.center\\\/es\\\/#organization\"},\"potentialAction\":[{\"@type\":\"SearchAction\",\"target\":{\"@type\":\"EntryPoint\",\"urlTemplate\":\"https:\\\/\\\/districtcounseling.center\\\/es\\\/?s={search_term_string}\"},\"query-input\":{\"@type\":\"PropertyValueSpecification\",\"valueRequired\":true,\"valueName\":\"search_term_string\"}}],\"inLanguage\":\"es\"},{\"@type\":\"Organization\",\"@id\":\"https:\\\/\\\/districtcounseling.center\\\/es\\\/#organization\",\"name\":\"District Counseling\",\"alternateName\":\"District Counseling\",\"url\":\"https:\\\/\\\/districtcounseling.center\\\/es\\\/\",\"logo\":{\"@type\":\"ImageObject\",\"inLanguage\":\"es\",\"@id\":\"https:\\\/\\\/districtcounseling.center\\\/es\\\/#\\\/schema\\\/logo\\\/image\\\/\",\"url\":\"https:\\\/\\\/districtcounseling.center\\\/wp-content\\\/uploads\\\/2023\\\/10\\\/NEW-DistrictCounseling_Logo.png\",\"contentUrl\":\"https:\\\/\\\/districtcounseling.center\\\/wp-content\\\/uploads\\\/2023\\\/10\\\/NEW-DistrictCounseling_Logo.png\",\"width\":1920,\"height\":709,\"caption\":\"District Counseling\"},\"image\":{\"@id\":\"https:\\\/\\\/districtcounseling.center\\\/es\\\/#\\\/schema\\\/logo\\\/image\\\/\"},\"sameAs\":[\"https:\\\/\\\/www.facebook.com\\\/districtcounseling\",\"https:\\\/\\\/www.instagram.com\\\/districtcounseling\\\/\"],\"description\":\"District Counseling offers a unique wellness experience for individuals, couples, and families by providing the most advanced counseling and psychotherapy approach. Our mission is aligning you to what matters most with sincerity, authenticity, and compassion. Offering Counseling Services in Houston, Katy, Cypress, Sugar Land, Spring Branch, Spring, Tomball, Missouri City, Pearland, and Copperfield Texas.\",\"legalName\":\"District Counseling\",\"numberOfEmployees\":{\"@type\":\"QuantitativeValue\",\"minValue\":\"11\",\"maxValue\":\"50\"}}]}<\/script>\n<!-- \/ Yoast SEO Premium plugin. -->","yoast_head_json":{"title":"Sugarland Evaluaci\u00f3n Psicol\u00f3gica para la Inmigraci\u00f3n &#8226; District Counseling","robots":{"index":"index","follow":"follow","max-snippet":"max-snippet:-1","max-image-preview":"max-image-preview:large","max-video-preview":"max-video-preview:-1"},"canonical":"https:\/\/districtcounseling.center\/es\/sugarland-evaluacion-psicologica-para-la-inmigracion\/","og_locale":"es_ES","og_type":"article","og_title":"Sugarland Evaluaci\u00f3n Psicol\u00f3gica para la Inmigraci\u00f3n","og_description":"Orientaci\u00f3n de expertos para su evaluaci\u00f3n de salud mental Evaluaci\u00f3n psicol\u00f3gica para la inmigraci\u00f3n \u00bfNecesita una evaluaci\u00f3n psicol\u00f3gica para la inmigraci\u00f3n? Si es as\u00ed, ha llegado al lugar adecuado. Aqu\u00ed, en los servicios de evaluaci\u00f3n psicol\u00f3gica, ofrecemos evaluaciones psicosociales para varios tipos de casos. Nuestros expertos est\u00e1n preparados para ayudarle con su evaluaci\u00f3n de salud mental. Trabajamos estrechamente con su abogado para garantizar que ... Read More","og_url":"https:\/\/districtcounseling.center\/es\/sugarland-evaluacion-psicologica-para-la-inmigracion\/","og_site_name":"District Counseling","article_publisher":"https:\/\/www.facebook.com\/districtcounseling","article_modified_time":"2024-01-24T16:02:50+00:00","og_image":[{"width":2500,"height":1667,"url":"https:\/\/districtcounseling.center\/wp-content\/uploads\/2022\/09\/unsplash-image-FZxspsCZLcc.jpg","type":"image\/jpeg"}],"twitter_card":"summary_large_image","twitter_misc":{"Tiempo de lectura":"2 minutos"},"schema":{"@context":"https:\/\/schema.org","@graph":[{"@type":"WebPage","@id":"https:\/\/districtcounseling.center\/es\/sugarland-evaluacion-psicologica-para-la-inmigracion\/","url":"https:\/\/districtcounseling.center\/es\/sugarland-evaluacion-psicologica-para-la-inmigracion\/","name":"Sugarland Evaluaci\u00f3n Psicol\u00f3gica para la Inmigraci\u00f3n &#8226; District Counseling","isPartOf":{"@id":"https:\/\/districtcounseling.center\/es\/#website"},"primaryImageOfPage":{"@id":"https:\/\/districtcounseling.center\/es\/sugarland-evaluacion-psicologica-para-la-inmigracion\/#primaryimage"},"image":{"@id":"https:\/\/districtcounseling.center\/es\/sugarland-evaluacion-psicologica-para-la-inmigracion\/#primaryimage"},"thumbnailUrl":"https:\/\/districtcounseling.center\/wp-content\/uploads\/2022\/09\/unsplash-image-FZxspsCZLcc.jpg","datePublished":"2023-10-05T15:34:10+00:00","dateModified":"2024-01-24T16:02:50+00:00","breadcrumb":{"@id":"https:\/\/districtcounseling.center\/es\/sugarland-evaluacion-psicologica-para-la-inmigracion\/#breadcrumb"},"inLanguage":"es","potentialAction":[{"@type":"ReadAction","target":["https:\/\/districtcounseling.center\/es\/sugarland-evaluacion-psicologica-para-la-inmigracion\/"]}]},{"@type":"ImageObject","inLanguage":"es","@id":"https:\/\/districtcounseling.center\/es\/sugarland-evaluacion-psicologica-para-la-inmigracion\/#primaryimage","url":"https:\/\/districtcounseling.center\/wp-content\/uploads\/2022\/09\/unsplash-image-FZxspsCZLcc.jpg","contentUrl":"https:\/\/districtcounseling.center\/wp-content\/uploads\/2022\/09\/unsplash-image-FZxspsCZLcc.jpg","width":2500,"height":1667},{"@type":"BreadcrumbList","@id":"https:\/\/districtcounseling.center\/es\/sugarland-evaluacion-psicologica-para-la-inmigracion\/#breadcrumb","itemListElement":[{"@type":"ListItem","position":1,"name":"Home","item":"https:\/\/districtcounseling.center\/es\/"},{"@type":"ListItem","position":2,"name":"Sugarland Evaluaci\u00f3n Psicol\u00f3gica para la Inmigraci\u00f3n"}]},{"@type":"WebSite","@id":"https:\/\/districtcounseling.center\/es\/#website","url":"https:\/\/districtcounseling.center\/es\/","name":"District Counseling","description":"Center for Acceptance and Commitment Therapy","publisher":{"@id":"https:\/\/districtcounseling.center\/es\/#organization"},"potentialAction":[{"@type":"SearchAction","target":{"@type":"EntryPoint","urlTemplate":"https:\/\/districtcounseling.center\/es\/?s={search_term_string}"},"query-input":{"@type":"PropertyValueSpecification","valueRequired":true,"valueName":"search_term_string"}}],"inLanguage":"es"},{"@type":"Organization","@id":"https:\/\/districtcounseling.center\/es\/#organization","name":"District Counseling","alternateName":"District Counseling","url":"https:\/\/districtcounseling.center\/es\/","logo":{"@type":"ImageObject","inLanguage":"es","@id":"https:\/\/districtcounseling.center\/es\/#\/schema\/logo\/image\/","url":"https:\/\/districtcounseling.center\/wp-content\/uploads\/2023\/10\/NEW-DistrictCounseling_Logo.png","contentUrl":"https:\/\/districtcounseling.center\/wp-content\/uploads\/2023\/10\/NEW-DistrictCounseling_Logo.png","width":1920,"height":709,"caption":"District Counseling"},"image":{"@id":"https:\/\/districtcounseling.center\/es\/#\/schema\/logo\/image\/"},"sameAs":["https:\/\/www.facebook.com\/districtcounseling","https:\/\/www.instagram.com\/districtcounseling\/"],"description":"District Counseling offers a unique wellness experience for individuals, couples, and families by providing the most advanced counseling and psychotherapy approach. Our mission is aligning you to what matters most with sincerity, authenticity, and compassion. Offering Counseling Services in Houston, Katy, Cypress, Sugar Land, Spring Branch, Spring, Tomball, Missouri City, Pearland, and Copperfield Texas.","legalName":"District Counseling","numberOfEmployees":{"@type":"QuantitativeValue","minValue":"11","maxValue":"50"}}]}},"yoast_meta":{"yoast_wpseo_title":"","yoast_wpseo_metadesc":"","yoast_wpseo_canonical":""},"_links":{"self":[{"href":"https:\/\/districtcounseling.center\/es\/wp-json\/wp\/v2\/pages\/16896","targetHints":{"allow":["GET"]}}],"collection":[{"href":"https:\/\/districtcounseling.center\/es\/wp-json\/wp\/v2\/pages"}],"about":[{"href":"https:\/\/districtcounseling.center\/es\/wp-json\/wp\/v2\/types\/page"}],"author":[{"embeddable":true,"href":"https:\/\/districtcounseling.center\/es\/wp-json\/wp\/v2\/users\/6"}],"replies":[{"embeddable":true,"href":"https:\/\/districtcounseling.center\/es\/wp-json\/wp\/v2\/comments?post=16896"}],"version-history":[{"count":0,"href":"https:\/\/districtcounseling.center\/es\/wp-json\/wp\/v2\/pages\/16896\/revisions"}],"wp:featuredmedia":[{"embeddable":true,"href":"https:\/\/districtcounseling.center\/es\/wp-json\/wp\/v2\/media\/1871"}],"wp:attachment":[{"href":"https:\/\/districtcounseling.center\/es\/wp-json\/wp\/v2\/media?parent=16896"}],"curies":[{"name":"wp","href":"https:\/\/api.w.org\/{rel}","templated":true}]}}