{"id":1158,"date":"2021-09-24T17:42:35","date_gmt":"2021-09-24T21:42:35","guid":{"rendered":"https:\/\/dc.ryankerbs.com\/condiciones-de-servicio\/"},"modified":"2025-08-06T14:12:09","modified_gmt":"2025-08-06T18:12:09","slug":"condiciones-de-servicio","status":"publish","type":"page","link":"https:\/\/districtcounseling.center\/es\/condiciones-de-servicio\/","title":{"rendered":"Condiciones de servicio"},"content":{"rendered":"<div id=\"cs-content\" class=\"cs-content\"><div class=\"x-section e1158-e1 mw6-0\"><div class=\"x-row e1158-e2 mw6-1 mw6-2\"><div class=\"x-row-inner\"><div class=\"x-col e1158-e3 mw6-3\"><div class=\"x-text x-content e1158-e4 mw6-4\"><p>\u00daltima actualizaci\u00f3n: 6 de agosto de 2025<\/p>\n<p>Le rogamos que lea atentamente las presentes Condiciones de Uso (\"Condiciones\", \"Condiciones de Uso\") antes de utilizar el sitio web <a href=\"http:\/\/https%3A%2F%2Fdistrictcounseling.center%2Fes%2F\" data-wplink-url-error=\"true\">https:\/\/districtcounseling.center\/es\/<\/a> (el \"Servicio\") gestionado por Best Media and Tech Corp, sociedad matriz de District Counseling (\"nosotros\", \"nuestro\").<\/p>\n<p>Su acceso y uso del Servicio est\u00e1 condicionado a la aceptaci\u00f3n y cumplimiento de estas Condiciones. Estas Condiciones se aplican a todos los visitantes, usuarios y dem\u00e1s personas que accedan o utilicen el Servicio.<\/p>\n<p>Al acceder o utilizar el Servicio, usted acepta someterse a estas Condiciones. Si no est\u00e1 de acuerdo con alguna parte de las condiciones, no podr\u00e1 acceder al Servicio.<\/p>\n\n<h3>Cuentas<\/h3>\n<p>Al crear una cuenta con nosotros, debe proporcionarnos informaci\u00f3n precisa, completa y actualizada en todo momento. No hacerlo constituye un incumplimiento de las Condiciones, que puede dar lugar a la cancelaci\u00f3n inmediata de su cuenta en nuestro Servicio.<\/p>\n<p>Usted es responsable de salvaguardar la contrase\u00f1a que utiliza para acceder al Servicio y de cualquier actividad o acci\u00f3n realizada con su contrase\u00f1a, ya sea con nuestro Servicio o con un servicio de terceros.<\/p>\n<p>Usted se compromete a no revelar su contrase\u00f1a a terceros. Debe notificarnos inmediatamente cuando tenga conocimiento de cualquier violaci\u00f3n de la seguridad o del uso no autorizado de su cuenta.<\/p>\n\n<h3>Propiedad Intelectual<\/h3>\n<p>El Servicio y su contenido original, caracter\u00edsticas y funcionalidad son y seguir\u00e1n siendo propiedad exclusiva de Best Media Tech Corp, District Counseling y sus licenciantes.<\/p>\n\n<h3>Enlaces a otros sitios web<\/h3>\n<p>Nuestro Servicio puede contener enlaces a sitios web de terceros o servicios que no son propiedad o est\u00e1n controlados por Best Media and Tech Corp o District Counseling.<\/p>\n<p><span>Best Media and Tech Corp o District Counseling no tiene control sobre, y no asume ninguna responsabilidad por, el contenido, las pol\u00edticas de privacidad, o las pr\u00e1cticas de cualquier sitio web de terceros o servicios. Adem\u00e1s, usted reconoce y acepta que Best Media and Tech Corp y District Counseling no ser\u00e1 responsable, directa o indirectamente, de cualquier da\u00f1o o p\u00e9rdida causada o supuestamente causada por o en relaci\u00f3n con el uso o la confianza en cualquier contenido, bien o servicio disponible en o a trav\u00e9s de cualquiera de dichos sitios web o servicios.<\/span><\/p>\n<p>Le aconsejamos encarecidamente que lea los t\u00e9rminos y condiciones y las pol\u00edticas de privacidad de los sitios web o servicios de terceros que visite.<\/p>\n\n<h3>Terminaci\u00f3n<\/h3>\n<p>Podemos terminar o suspender el acceso a nuestro Servicio inmediatamente, sin previo aviso o responsabilidad, por cualquier raz\u00f3n, incluyendo, sin limitaci\u00f3n, si usted viola los T\u00e9rminos.<\/p>\n<p>Todas las disposiciones de las Condiciones que, por su naturaleza, deban seguir vigentes tras la rescisi\u00f3n, seguir\u00e1n vigentes tras la rescisi\u00f3n, incluidas, entre otras, las disposiciones de propiedad, las renuncias de garant\u00eda, la indemnizaci\u00f3n y las limitaciones de responsabilidad.<\/p>\n<p>Podemos cancelar o suspender su cuenta inmediatamente, sin previo aviso ni responsabilidad, por cualquier motivo, incluyendo, sin limitaci\u00f3n, si incumple las Condiciones.<\/p>\n<p>Tras la rescisi\u00f3n, su derecho a utilizar el Servicio cesar\u00e1 inmediatamente. Si desea cancelar su cuenta, puede simplemente dejar de utilizar el Servicio.<\/p>\n<p>Todas las disposiciones de las Condiciones que, por su naturaleza, deban seguir vigentes tras la rescisi\u00f3n, seguir\u00e1n vigentes tras la rescisi\u00f3n, incluidas, entre otras, las disposiciones de propiedad, las renuncias de garant\u00eda, la indemnizaci\u00f3n y las limitaciones de responsabilidad.<\/p>\n\n<h3>Descargo de responsabilidad<\/h3>\n<p>El uso que usted haga del Servicio es por su cuenta y riesgo. El Servicio se proporciona \"TAL CUAL\" y \"SEG\u00daN DISPONIBILIDAD\". El Servicio se proporciona sin garant\u00edas de ning\u00fan tipo, ya sean expresas o impl\u00edcitas, incluyendo, pero sin limitarse a, las garant\u00edas impl\u00edcitas de comerciabilidad, idoneidad para un prop\u00f3sito particular, no infracci\u00f3n o curso de ejecuci\u00f3n.<\/p>\n\n<h3>Derecho aplicable<\/h3>\n<p>Estas Condiciones se regir\u00e1n e interpretar\u00e1n de acuerdo con las leyes de los Estados Unidos, sin tener en cuenta las disposiciones sobre conflictos de leyes.<\/p>\n<p>El hecho de que no hagamos valer cualquier derecho o disposici\u00f3n de estas Condiciones no se considerar\u00e1 una renuncia a esos derechos. Si alguna de las disposiciones de estas Condiciones es considerada inv\u00e1lida o inaplicable por un tribunal, el resto de las disposiciones de estas Condiciones seguir\u00e1n en vigor. Estas Condiciones constituyen el acuerdo completo entre nosotros con respecto a nuestro Servicio, y sustituyen y reemplazan cualquier acuerdo anterior que pudi\u00e9ramos tener entre nosotros con respecto al Servicio.<\/p>\n\n<h3>Cambios<\/h3>\n<p>Nos reservamos el derecho, a nuestra entera discreci\u00f3n, de modificar o sustituir estas Condiciones en cualquier momento. Si una revisi\u00f3n es importante, intentaremos avisar con al menos 30 d\u00edas de antelaci\u00f3n antes de que las nuevas condiciones entren en vigor. Lo que constituye un cambio material se determinar\u00e1 a nuestra entera discreci\u00f3n.<\/p>\n<p>Al continuar accediendo o utilizando nuestro Servicio despu\u00e9s de que dichas revisiones entren en vigor, usted acepta quedar obligado por los t\u00e9rminos revisados. Si no est\u00e1 de acuerdo con las nuevas condiciones, deje de utilizar el Servicio.<\/p>\n\n<h3>Contacto<\/h3>\n<p>Si tiene alguna pregunta sobre estas Condiciones, p\u00f3ngase en contacto con nosotros.<\/p><\/div><\/div><\/div><\/div><\/div><\/div>","protected":false},"excerpt":{"rendered":"<p>\u00daltima actualizaci\u00f3n: 6 de agosto de 2025 Le rogamos que lea atentamente las presentes Condiciones de Uso (\u00abCondiciones\u00bb, \u00abCondiciones de Uso\u00bb) antes de utilizar el sitio web https:\/\/districtcounseling.center\/es\/ (el \u00abServicio\u00bb) gestionado por Best <a  href=\"https:\/\/districtcounseling.center\/media\/\">Media<\/a> and Tech Corp, sociedad matriz de District Counseling (\u00abnosotros\u00bb, \u00abnuestro\u00bb). Su acceso y uso del Servicio est\u00e1 condicionado a la aceptaci\u00f3n y cumplimiento de estas Condiciones. Estas Condiciones se aplican &#8230; <\/p>\n<div><a href=\"https:\/\/districtcounseling.center\/es\/condiciones-de-servicio\/\" class=\"more-link\">Read More<\/a><\/div>\n","protected":false},"author":2,"featured_media":0,"parent":0,"menu_order":0,"comment_status":"closed","ping_status":"closed","template":"","meta":{"_acf_changed":false,"_crdt_document":"","_themeisle_gutenberg_block_has_review":false,"footnotes":""},"class_list":["post-1158","page","type-page","status-publish","hentry","no-post-thumbnail"],"acf":[],"yoast_head":"<!-- This site is optimized with the Yoast SEO Premium plugin v26.3 (Yoast SEO v27.4) - https:\/\/yoast.com\/product\/yoast-seo-premium-wordpress\/ -->\n<title>Condiciones de servicio &#8226; District Counseling<\/title>\n<meta name=\"robots\" content=\"index, follow, max-snippet:-1, max-image-preview:large, max-video-preview:-1\" \/>\n<link rel=\"canonical\" href=\"https:\/\/districtcounseling.center\/es\/condiciones-de-servicio\/\" \/>\n<meta property=\"og:locale\" content=\"es_ES\" \/>\n<meta property=\"og:type\" content=\"article\" \/>\n<meta property=\"og:title\" content=\"Condiciones de servicio\" \/>\n<meta property=\"og:description\" content=\"\u00daltima actualizaci\u00f3n: 6 de agosto de 2025 Le rogamos que lea atentamente las presentes Condiciones de Uso (&quot;Condiciones&quot;, &quot;Condiciones de Uso&quot;) antes de utilizar el sitio web https:\/\/districtcounseling.center\/es\/ (el &quot;Servicio&quot;) gestionado por Best Media and Tech Corp, sociedad matriz de District Counseling (&quot;nosotros&quot;, &quot;nuestro&quot;). Su acceso y uso del Servicio est\u00e1 condicionado a la aceptaci\u00f3n y cumplimiento de estas Condiciones. Estas Condiciones se aplican ... Read More\" \/>\n<meta property=\"og:url\" content=\"https:\/\/districtcounseling.center\/es\/condiciones-de-servicio\/\" \/>\n<meta property=\"og:site_name\" content=\"District Counseling\" \/>\n<meta property=\"article:publisher\" content=\"https:\/\/www.facebook.com\/districtcounseling\" \/>\n<meta property=\"article:modified_time\" content=\"2025-08-06T18:12:09+00:00\" \/>\n<meta property=\"og:image\" content=\"https:\/\/districtcounseling.center\/wp-content\/uploads\/2024\/01\/AdobeStock_647644556-scaled.jpeg\" \/>\n\t<meta property=\"og:image:width\" content=\"2560\" \/>\n\t<meta property=\"og:image:height\" content=\"1708\" \/>\n\t<meta property=\"og:image:type\" content=\"image\/jpeg\" \/>\n<meta name=\"twitter:card\" content=\"summary_large_image\" \/>\n<meta name=\"twitter:label1\" content=\"Tiempo de lectura\" \/>\n\t<meta name=\"twitter:data1\" content=\"4 minutos\" \/>\n<script type=\"application\/ld+json\" class=\"yoast-schema-graph\">{\"@context\":\"https:\\\/\\\/schema.org\",\"@graph\":[{\"@type\":\"WebPage\",\"@id\":\"https:\\\/\\\/districtcounseling.center\\\/es\\\/condiciones-de-servicio\\\/\",\"url\":\"https:\\\/\\\/districtcounseling.center\\\/es\\\/condiciones-de-servicio\\\/\",\"name\":\"Condiciones de servicio &#8226; District Counseling\",\"isPartOf\":{\"@id\":\"https:\\\/\\\/districtcounseling.center\\\/es\\\/#website\"},\"datePublished\":\"2021-09-24T21:42:35+00:00\",\"dateModified\":\"2025-08-06T18:12:09+00:00\",\"breadcrumb\":{\"@id\":\"https:\\\/\\\/districtcounseling.center\\\/es\\\/condiciones-de-servicio\\\/#breadcrumb\"},\"inLanguage\":\"es\",\"potentialAction\":[{\"@type\":\"ReadAction\",\"target\":[\"https:\\\/\\\/districtcounseling.center\\\/es\\\/condiciones-de-servicio\\\/\"]}]},{\"@type\":\"BreadcrumbList\",\"@id\":\"https:\\\/\\\/districtcounseling.center\\\/es\\\/condiciones-de-servicio\\\/#breadcrumb\",\"itemListElement\":[{\"@type\":\"ListItem\",\"position\":1,\"name\":\"Home\",\"item\":\"https:\\\/\\\/districtcounseling.center\\\/es\\\/\"},{\"@type\":\"ListItem\",\"position\":2,\"name\":\"Condiciones de servicio\"}]},{\"@type\":\"WebSite\",\"@id\":\"https:\\\/\\\/districtcounseling.center\\\/es\\\/#website\",\"url\":\"https:\\\/\\\/districtcounseling.center\\\/es\\\/\",\"name\":\"District Counseling\",\"description\":\"Center for Acceptance and Commitment Therapy\",\"publisher\":{\"@id\":\"https:\\\/\\\/districtcounseling.center\\\/es\\\/#organization\"},\"potentialAction\":[{\"@type\":\"SearchAction\",\"target\":{\"@type\":\"EntryPoint\",\"urlTemplate\":\"https:\\\/\\\/districtcounseling.center\\\/es\\\/?s={search_term_string}\"},\"query-input\":{\"@type\":\"PropertyValueSpecification\",\"valueRequired\":true,\"valueName\":\"search_term_string\"}}],\"inLanguage\":\"es\"},{\"@type\":\"Organization\",\"@id\":\"https:\\\/\\\/districtcounseling.center\\\/es\\\/#organization\",\"name\":\"District Counseling\",\"alternateName\":\"District Counseling\",\"url\":\"https:\\\/\\\/districtcounseling.center\\\/es\\\/\",\"logo\":{\"@type\":\"ImageObject\",\"inLanguage\":\"es\",\"@id\":\"https:\\\/\\\/districtcounseling.center\\\/es\\\/#\\\/schema\\\/logo\\\/image\\\/\",\"url\":\"https:\\\/\\\/districtcounseling.center\\\/wp-content\\\/uploads\\\/2023\\\/10\\\/NEW-DistrictCounseling_Logo.png\",\"contentUrl\":\"https:\\\/\\\/districtcounseling.center\\\/wp-content\\\/uploads\\\/2023\\\/10\\\/NEW-DistrictCounseling_Logo.png\",\"width\":1920,\"height\":709,\"caption\":\"District Counseling\"},\"image\":{\"@id\":\"https:\\\/\\\/districtcounseling.center\\\/es\\\/#\\\/schema\\\/logo\\\/image\\\/\"},\"sameAs\":[\"https:\\\/\\\/www.facebook.com\\\/districtcounseling\",\"https:\\\/\\\/www.instagram.com\\\/districtcounseling\\\/\"],\"description\":\"District Counseling offers a unique wellness experience for individuals, couples, and families by providing the most advanced counseling and psychotherapy approach. Our mission is aligning you to what matters most with sincerity, authenticity, and compassion. Offering Counseling Services in Houston, Katy, Cypress, Sugar Land, Spring Branch, Spring, Tomball, Missouri City, Pearland, and Copperfield Texas.\",\"legalName\":\"District Counseling\",\"numberOfEmployees\":{\"@type\":\"QuantitativeValue\",\"minValue\":\"11\",\"maxValue\":\"50\"}}]}<\/script>\n<!-- \/ Yoast SEO Premium plugin. -->","yoast_head_json":{"title":"Condiciones de servicio &#8226; District Counseling","robots":{"index":"index","follow":"follow","max-snippet":"max-snippet:-1","max-image-preview":"max-image-preview:large","max-video-preview":"max-video-preview:-1"},"canonical":"https:\/\/districtcounseling.center\/es\/condiciones-de-servicio\/","og_locale":"es_ES","og_type":"article","og_title":"Condiciones de servicio","og_description":"\u00daltima actualizaci\u00f3n: 6 de agosto de 2025 Le rogamos que lea atentamente las presentes Condiciones de Uso (\"Condiciones\", \"Condiciones de Uso\") antes de utilizar el sitio web https:\/\/districtcounseling.center\/es\/ (el \"Servicio\") gestionado por Best Media and Tech Corp, sociedad matriz de District Counseling (\"nosotros\", \"nuestro\"). Su acceso y uso del Servicio est\u00e1 condicionado a la aceptaci\u00f3n y cumplimiento de estas Condiciones. Estas Condiciones se aplican ... Read More","og_url":"https:\/\/districtcounseling.center\/es\/condiciones-de-servicio\/","og_site_name":"District Counseling","article_publisher":"https:\/\/www.facebook.com\/districtcounseling","article_modified_time":"2025-08-06T18:12:09+00:00","og_image":[{"width":2560,"height":1708,"url":"https:\/\/districtcounseling.center\/wp-content\/uploads\/2024\/01\/AdobeStock_647644556-scaled.jpeg","type":"image\/jpeg"}],"twitter_card":"summary_large_image","twitter_misc":{"Tiempo de lectura":"4 minutos"},"schema":{"@context":"https:\/\/schema.org","@graph":[{"@type":"WebPage","@id":"https:\/\/districtcounseling.center\/es\/condiciones-de-servicio\/","url":"https:\/\/districtcounseling.center\/es\/condiciones-de-servicio\/","name":"Condiciones de servicio &#8226; District Counseling","isPartOf":{"@id":"https:\/\/districtcounseling.center\/es\/#website"},"datePublished":"2021-09-24T21:42:35+00:00","dateModified":"2025-08-06T18:12:09+00:00","breadcrumb":{"@id":"https:\/\/districtcounseling.center\/es\/condiciones-de-servicio\/#breadcrumb"},"inLanguage":"es","potentialAction":[{"@type":"ReadAction","target":["https:\/\/districtcounseling.center\/es\/condiciones-de-servicio\/"]}]},{"@type":"BreadcrumbList","@id":"https:\/\/districtcounseling.center\/es\/condiciones-de-servicio\/#breadcrumb","itemListElement":[{"@type":"ListItem","position":1,"name":"Home","item":"https:\/\/districtcounseling.center\/es\/"},{"@type":"ListItem","position":2,"name":"Condiciones de servicio"}]},{"@type":"WebSite","@id":"https:\/\/districtcounseling.center\/es\/#website","url":"https:\/\/districtcounseling.center\/es\/","name":"District Counseling","description":"Center for Acceptance and Commitment Therapy","publisher":{"@id":"https:\/\/districtcounseling.center\/es\/#organization"},"potentialAction":[{"@type":"SearchAction","target":{"@type":"EntryPoint","urlTemplate":"https:\/\/districtcounseling.center\/es\/?s={search_term_string}"},"query-input":{"@type":"PropertyValueSpecification","valueRequired":true,"valueName":"search_term_string"}}],"inLanguage":"es"},{"@type":"Organization","@id":"https:\/\/districtcounseling.center\/es\/#organization","name":"District Counseling","alternateName":"District Counseling","url":"https:\/\/districtcounseling.center\/es\/","logo":{"@type":"ImageObject","inLanguage":"es","@id":"https:\/\/districtcounseling.center\/es\/#\/schema\/logo\/image\/","url":"https:\/\/districtcounseling.center\/wp-content\/uploads\/2023\/10\/NEW-DistrictCounseling_Logo.png","contentUrl":"https:\/\/districtcounseling.center\/wp-content\/uploads\/2023\/10\/NEW-DistrictCounseling_Logo.png","width":1920,"height":709,"caption":"District Counseling"},"image":{"@id":"https:\/\/districtcounseling.center\/es\/#\/schema\/logo\/image\/"},"sameAs":["https:\/\/www.facebook.com\/districtcounseling","https:\/\/www.instagram.com\/districtcounseling\/"],"description":"District Counseling offers a unique wellness experience for individuals, couples, and families by providing the most advanced counseling and psychotherapy approach. Our mission is aligning you to what matters most with sincerity, authenticity, and compassion. Offering Counseling Services in Houston, Katy, Cypress, Sugar Land, Spring Branch, Spring, Tomball, Missouri City, Pearland, and Copperfield Texas.","legalName":"District Counseling","numberOfEmployees":{"@type":"QuantitativeValue","minValue":"11","maxValue":"50"}}]}},"yoast_meta":{"yoast_wpseo_title":"","yoast_wpseo_metadesc":"","yoast_wpseo_canonical":""},"_links":{"self":[{"href":"https:\/\/districtcounseling.center\/es\/wp-json\/wp\/v2\/pages\/1158","targetHints":{"allow":["GET"]}}],"collection":[{"href":"https:\/\/districtcounseling.center\/es\/wp-json\/wp\/v2\/pages"}],"about":[{"href":"https:\/\/districtcounseling.center\/es\/wp-json\/wp\/v2\/types\/page"}],"author":[{"embeddable":true,"href":"https:\/\/districtcounseling.center\/es\/wp-json\/wp\/v2\/users\/2"}],"replies":[{"embeddable":true,"href":"https:\/\/districtcounseling.center\/es\/wp-json\/wp\/v2\/comments?post=1158"}],"version-history":[{"count":0,"href":"https:\/\/districtcounseling.center\/es\/wp-json\/wp\/v2\/pages\/1158\/revisions"}],"wp:attachment":[{"href":"https:\/\/districtcounseling.center\/es\/wp-json\/wp\/v2\/media?parent=1158"}],"curies":[{"name":"wp","href":"https:\/\/api.w.org\/{rel}","templated":true}]}}